{"id":6771,"date":"2021-02-21T13:58:14","date_gmt":"2021-02-21T13:58:14","guid":{"rendered":"https:\/\/www.autonvaraosahaku.fi\/?product=maxgear-39-0094-pyyhkijansulat"},"modified":"2021-02-21T13:58:15","modified_gmt":"2021-02-21T13:58:15","slug":"maxgear-39-0094-pyyhkijansulat","status":"publish","type":"product","link":"https:\/\/www.autonvaraosahaku.fi\/?product=maxgear-39-0094-pyyhkijansulat","title":{"rendered":"MAXGEAR 39-0094 Pyyhkij\u00e4nsulat"},"content":{"rendered":"<p>Asennuspuoli: Edess\u00e4; Pituus (mm): 650; Pituus 1 (mm): 400; M\u00e4\u00e4r\u00e4yksikk\u00f6: Sarja; Vasen \/ oikea liikenne: Ohjaus vasemmalla; Valmistusvuoteen: 02\/2013; RENAULT: KADJAR,KOLEOS II; PEUGEOT: 206 Schr\u00e4gheck 2A\/C,206 CC 2D,207 WA_, WC_,206 SW 2E\/K,206+ T3E,206 Stufenheck,206 Van; TOYOTA: COROLLA Verso ZER_, ZZE12_, R1_,AURIS NRE15_, ZZE15_, ADE15_, ZRE15_, NDE15_,VERSO _AUR2_, _ZGR2_,PRIUS Liftback NHW20_,COROLLA Verso ZDE12_, CDE12_,CELICA ZZT23_,PRIUS ZVW3_,RAV 4 IV ZSA4_, ALA4_,AVENSIS VERSO _CLM2_, _ACM2_; HYUNDAI: i40 CW VF,i40 VF,TUCSON,ACCENT IV Stufenheck RB,i30 PDE,i30 Kombi PDE,KONA OS,GENESIS DH,i30 FASTBACK PDE,ELANTRA Stufenheck AD; NISSAN: MURANO Z51,MAXIMA QX A33,LEAF,QASHQAI J11, J11_,X-TRAIL T32,ALTIMA; MAZDA: 5 CR19,CX-7 ER,5 CW,CX-9 TB; KIA: RIO III UB,CARENS III UN,RIO III Stufenheck UB,SPORTAGE QL,SORENTO III,NIRO,RIO IV YB,STONIC YB; HONDA: CR-V III RE,ACCORD VII CL,CR-V IV RE,ACCORD VII Tourer CM,INSIGHT ZE_; SUBARU: FORESTER SH,FORESTER SJ,XV,IMPREZA Schr\u00e4gheck GP,WRX Stufenheck GJ,OUTBACK BS,LEVORG; INFINITI: Q50,G Stufenheck,G Coupe; Tuulilasinpyyhkimet,Pyyhkij\u00e4t,Pyyhkij\u00e4nsulka<\/p>\n","protected":false},"excerpt":{"rendered":"<p>MAXGEAR Pyyhkij\u00e4nsulat 39-0094 Tuulilasinpyyhkimet,Pyyhkij\u00e4t RENAULT,PEUGEOT,TOYOTA,KADJAR,KOLEOS II,206 Schr\u00e4gheck 2A\/C,206 CC 2D,207 WA_, WC_<\/p>\n","protected":false},"featured_media":0,"template":"","meta":{"site-sidebar-layout":"default","site-content-layout":"default","ast-global-header-display":"","ast-main-header-display":"","ast-hfb-above-header-display":"","ast-hfb-below-header-display":"","ast-hfb-mobile-header-display":"","site-post-title":"","ast-breadcrumbs-content":"","ast-featured-img":"","footer-sml-layout":"","theme-transparent-header-meta":"","adv-header-id-meta":"","stick-header-meta":"","header-above-stick-meta":"","header-main-stick-meta":"","header-below-stick-meta":""},"pwb-brand":[48],"product_cat":[33],"product_tag":[],"class_list":{"0":"post-6771","1":"product","2":"type-product","3":"status-publish","5":"pwb-brand-maxgear","6":"product_cat-pyyhkijansulat","7":"desktop-align-left","8":"tablet-align-left","9":"mobile-align-left","11":"first","12":"instock","13":"product-type-external"},"brands":[{"id":48,"name":"MAXGEAR","slug":"maxgear"}],"_links":{"self":[{"href":"https:\/\/www.autonvaraosahaku.fi\/index.php?rest_route=\/wp\/v2\/product\/6771","targetHints":{"allow":["GET"]}}],"collection":[{"href":"https:\/\/www.autonvaraosahaku.fi\/index.php?rest_route=\/wp\/v2\/product"}],"about":[{"href":"https:\/\/www.autonvaraosahaku.fi\/index.php?rest_route=\/wp\/v2\/types\/product"}],"wp:attachment":[{"href":"https:\/\/www.autonvaraosahaku.fi\/index.php?rest_route=%2Fwp%2Fv2%2Fmedia&parent=6771"}],"wp:term":[{"taxonomy":"pwb-brand","embeddable":true,"href":"https:\/\/www.autonvaraosahaku.fi\/index.php?rest_route=%2Fwp%2Fv2%2Fpwb-brand&post=6771"},{"taxonomy":"product_cat","embeddable":true,"href":"https:\/\/www.autonvaraosahaku.fi\/index.php?rest_route=%2Fwp%2Fv2%2Fproduct_cat&post=6771"},{"taxonomy":"product_tag","embeddable":true,"href":"https:\/\/www.autonvaraosahaku.fi\/index.php?rest_route=%2Fwp%2Fv2%2Fproduct_tag&post=6771"}],"curies":[{"name":"wp","href":"https:\/\/api.w.org\/{rel}","templated":true}]}}