{"id":67729,"date":"2021-02-21T18:55:59","date_gmt":"2021-02-21T18:55:59","guid":{"rendered":"https:\/\/www.autonvaraosahaku.fi\/?product=mahle-original-011-84-n0-mannanrenkaat"},"modified":"2021-02-21T18:56:04","modified_gmt":"2021-02-21T18:56:04","slug":"mahle-original-011-84-n0-mannanrenkaat","status":"publish","type":"product","link":"https:\/\/www.autonvaraosahaku.fi\/?product=mahle-original-011-84-n0-mannanrenkaat","title":{"rendered":"MAHLE ORIGINAL 011 84 N0 M\u00e4nn\u00e4nrenkaat"},"content":{"rendered":"<p>Sylinterin halkaisija [mm]: 72,5; Komponenttinumero: 1. R 1,2 N, 2. M 1,5 P, 3. 3S 2,0 Cr; Moottorinumero: Z 12 XE; CHEVROLET: SPARK M300; OPEL: CORSA C F08, F68,ASTRA G CC F48_, F08_,ASTRA G Caravan F35_,CORSA B 73_, 78_, 79_,AGILA A H00,ASTRA G Stufenheck F69_,CORSA C Kasten F08, W5L,ASTRA G Kasten F70,CORSA B Kombi F35; VAUXHALL: CORSA Mk II C W5L, F08,CORSA Mk I B,CORSAVAN Mk II C,AGILA Mk I A; 0630419, 0630420, 0632276, 630419, 630420, 632276, 90529405, 90529408, 90542592; M\u00e4nn\u00e4nrengassarja<\/p>\n","protected":false},"excerpt":{"rendered":"<p>MAHLE ORIGINAL M\u00e4nn\u00e4nrenkaat 011 84 N0 M\u00e4nn\u00e4nrengassarja CHEVROLET,OPEL,VAUXHALL,SPARK M300,CORSA C F08, F68,ASTRA G CC F48_, F08_<\/p>\n","protected":false},"featured_media":0,"template":"","meta":{"site-sidebar-layout":"default","site-content-layout":"default","ast-global-header-display":"","ast-main-header-display":"","ast-hfb-above-header-display":"","ast-hfb-below-header-display":"","ast-hfb-mobile-header-display":"","site-post-title":"","ast-breadcrumbs-content":"","ast-featured-img":"","footer-sml-layout":"","theme-transparent-header-meta":"","adv-header-id-meta":"","stick-header-meta":"","header-above-stick-meta":"","header-main-stick-meta":"","header-below-stick-meta":""},"pwb-brand":[153],"product_cat":[154],"product_tag":[],"class_list":{"0":"post-67729","1":"product","2":"type-product","3":"status-publish","5":"pwb-brand-mahle-original","6":"product_cat-mannanrenkaat","7":"desktop-align-left","8":"tablet-align-left","9":"mobile-align-left","11":"first","12":"instock","13":"product-type-external"},"brands":[{"id":153,"name":"MAHLE ORIGINAL","slug":"mahle-original"}],"_links":{"self":[{"href":"https:\/\/www.autonvaraosahaku.fi\/index.php?rest_route=\/wp\/v2\/product\/67729","targetHints":{"allow":["GET"]}}],"collection":[{"href":"https:\/\/www.autonvaraosahaku.fi\/index.php?rest_route=\/wp\/v2\/product"}],"about":[{"href":"https:\/\/www.autonvaraosahaku.fi\/index.php?rest_route=\/wp\/v2\/types\/product"}],"wp:attachment":[{"href":"https:\/\/www.autonvaraosahaku.fi\/index.php?rest_route=%2Fwp%2Fv2%2Fmedia&parent=67729"}],"wp:term":[{"taxonomy":"pwb-brand","embeddable":true,"href":"https:\/\/www.autonvaraosahaku.fi\/index.php?rest_route=%2Fwp%2Fv2%2Fpwb-brand&post=67729"},{"taxonomy":"product_cat","embeddable":true,"href":"https:\/\/www.autonvaraosahaku.fi\/index.php?rest_route=%2Fwp%2Fv2%2Fproduct_cat&post=67729"},{"taxonomy":"product_tag","embeddable":true,"href":"https:\/\/www.autonvaraosahaku.fi\/index.php?rest_route=%2Fwp%2Fv2%2Fproduct_tag&post=67729"}],"curies":[{"name":"wp","href":"https:\/\/api.w.org\/{rel}","templated":true}]}}