{"id":67748,"date":"2021-02-21T18:56:07","date_gmt":"2021-02-21T18:56:07","guid":{"rendered":"https:\/\/www.autonvaraosahaku.fi\/?product=mapco-53670-4hps-alatukivarsi"},"modified":"2021-02-21T18:56:11","modified_gmt":"2021-02-21T18:56:11","slug":"mapco-53670-4hps-alatukivarsi","status":"publish","type":"product","link":"https:\/\/www.autonvaraosahaku.fi\/?product=mapco-53670-4hps-alatukivarsi","title":{"rendered":"MAPCO 53670\/4HPS Alatukivarsi"},"content":{"rendered":"<p>Laatu: HPS standard; M\u00e4\u00e4r\u00e4yksikk\u00f6: Sarja; Ohjausmalli: Poikittaistukivarsi; Asennuspuoli: Etuakseli, vasen, Etuakseli, oikea, Alla; Lis\u00e4tarvike\/lis\u00e4tieto: Laakerin holkilla, Pidikkeell\u00e4; Tarvittava kappalem\u00e4\u00e4r\u00e4: 1; BMW: 3 Compact E36,3 E36,3 Coupe E36,Z3 E36,3 Cabriolet E36,3 Touring E36,Z3 Coupe E36<\/p>\n","protected":false},"excerpt":{"rendered":"<p>MAPCO Tukivarsisarja, Py\u00f6rien Tuenta 53670\/4HPS  BMW,3 Compact E36,3 E36,3 Coupe E36,Z3 E36,3 Cabriolet E36,3 Touring E36,Z3 Coupe E36<\/p>\n","protected":false},"featured_media":0,"template":"","meta":{"site-sidebar-layout":"default","site-content-layout":"default","ast-global-header-display":"","ast-main-header-display":"","ast-hfb-above-header-display":"","ast-hfb-below-header-display":"","ast-hfb-mobile-header-display":"","site-post-title":"","ast-breadcrumbs-content":"","ast-featured-img":"","footer-sml-layout":"","theme-transparent-header-meta":"","adv-header-id-meta":"","stick-header-meta":"","header-above-stick-meta":"","header-main-stick-meta":"","header-below-stick-meta":""},"pwb-brand":[36],"product_cat":[62],"product_tag":[],"class_list":{"0":"post-67748","1":"product","2":"type-product","3":"status-publish","5":"pwb-brand-mapco","6":"product_cat-alatukivarsi","7":"desktop-align-left","8":"tablet-align-left","9":"mobile-align-left","11":"first","12":"instock","13":"product-type-external"},"brands":[{"id":36,"name":"MAPCO","slug":"mapco"}],"_links":{"self":[{"href":"https:\/\/www.autonvaraosahaku.fi\/index.php?rest_route=\/wp\/v2\/product\/67748","targetHints":{"allow":["GET"]}}],"collection":[{"href":"https:\/\/www.autonvaraosahaku.fi\/index.php?rest_route=\/wp\/v2\/product"}],"about":[{"href":"https:\/\/www.autonvaraosahaku.fi\/index.php?rest_route=\/wp\/v2\/types\/product"}],"wp:attachment":[{"href":"https:\/\/www.autonvaraosahaku.fi\/index.php?rest_route=%2Fwp%2Fv2%2Fmedia&parent=67748"}],"wp:term":[{"taxonomy":"pwb-brand","embeddable":true,"href":"https:\/\/www.autonvaraosahaku.fi\/index.php?rest_route=%2Fwp%2Fv2%2Fpwb-brand&post=67748"},{"taxonomy":"product_cat","embeddable":true,"href":"https:\/\/www.autonvaraosahaku.fi\/index.php?rest_route=%2Fwp%2Fv2%2Fproduct_cat&post=67748"},{"taxonomy":"product_tag","embeddable":true,"href":"https:\/\/www.autonvaraosahaku.fi\/index.php?rest_route=%2Fwp%2Fv2%2Fproduct_tag&post=67748"}],"curies":[{"name":"wp","href":"https:\/\/api.w.org\/{rel}","templated":true}]}}