{"id":67776,"date":"2021-02-21T18:56:19","date_gmt":"2021-02-21T18:56:19","guid":{"rendered":"https:\/\/www.autonvaraosahaku.fi\/?product=reinz-61-33720-30-kannentiiviste"},"modified":"2021-02-21T18:56:20","modified_gmt":"2021-02-21T18:56:20","slug":"reinz-61-33720-30-kannentiiviste","status":"publish","type":"product","link":"https:\/\/www.autonvaraosahaku.fi\/?product=reinz-61-33720-30-kannentiiviste","title":{"rendered":"REINZ 61-33720-30 Kannentiiviste"},"content":{"rendered":"<p>Tiivistetyyppi: Metalli-kerros tiiviste; Paksuus [mm]: 1,38; L\u00e4pimitta [mm]: 84; Lovi-\/reik\u00e4lukum\u00e4\u00e4r\u00e4: 6; Vain jnk. yhteydess\u00e4: 14-32116-01; TECDOC-moottorinumero: 9868; FIAT: SCUDO Kasten 220L,SCUDO Combinato 220P,SCUDO Pritsche\/Fahrgestell 220_; PEUGEOT: 206 Schr\u00e4gheck 2A\/C,306 Schr\u00e4gheck 7A, 7C, N3, N5,PARTNER Combispace 5F,PARTNER Kasten 5,306 Break 7E, N3, N5,306 7B, N3, N5,EXPERT Kasten 222,206 Van,EXPERT 224,306 Van N_, 7_,EXPERT Pritsche\/Fahrgestell 223,PARTNER Pritsche\/Fahrgestell,306 Kasten\/Schr\u00e4gheck; TOYOTA: COROLLA Liftback _E11_,COROLLA Compact _E11_,COROLLA _E11_,COROLLA Wagon __E11_; CITRO\u00cbN: BERLINGO MF,BERLINGO Kasten M_,XSARA N1,XSARA Break N2,XSARA Coupe N0,JUMPY U6U,JUMPY Kasten BS_, BT_, BY_, BZ_,C15 VD-_,XSARA Kasten,XSARA Kasten\/Schr\u00e4gheck; 0209X3, 0209X3, SU00100024; Tiiviste, Sylinterikansi<\/p>\n","protected":false},"excerpt":{"rendered":"<p>REINZ Kannentiiviste 61-33720-30 Tiiviste, Sylinterikansi FIAT,PEUGEOT,TOYOTA,SCUDO Kasten 220L,SCUDO Combinato 220P,SCUDO Pritsche\/Fahrgestell 220_<\/p>\n","protected":false},"featured_media":0,"template":"","meta":{"site-sidebar-layout":"default","site-content-layout":"default","ast-global-header-display":"","ast-main-header-display":"","ast-hfb-above-header-display":"","ast-hfb-below-header-display":"","ast-hfb-mobile-header-display":"","site-post-title":"","ast-breadcrumbs-content":"","ast-featured-img":"","footer-sml-layout":"","theme-transparent-header-meta":"","adv-header-id-meta":"","stick-header-meta":"","header-above-stick-meta":"","header-main-stick-meta":"","header-below-stick-meta":""},"pwb-brand":[138],"product_cat":[230],"product_tag":[],"class_list":{"0":"post-67776","1":"product","2":"type-product","3":"status-publish","5":"pwb-brand-reinz","6":"product_cat-kannentiiviste","7":"desktop-align-left","8":"tablet-align-left","9":"mobile-align-left","11":"first","12":"instock","13":"product-type-external"},"brands":[{"id":138,"name":"REINZ","slug":"reinz"}],"_links":{"self":[{"href":"https:\/\/www.autonvaraosahaku.fi\/index.php?rest_route=\/wp\/v2\/product\/67776","targetHints":{"allow":["GET"]}}],"collection":[{"href":"https:\/\/www.autonvaraosahaku.fi\/index.php?rest_route=\/wp\/v2\/product"}],"about":[{"href":"https:\/\/www.autonvaraosahaku.fi\/index.php?rest_route=\/wp\/v2\/types\/product"}],"wp:attachment":[{"href":"https:\/\/www.autonvaraosahaku.fi\/index.php?rest_route=%2Fwp%2Fv2%2Fmedia&parent=67776"}],"wp:term":[{"taxonomy":"pwb-brand","embeddable":true,"href":"https:\/\/www.autonvaraosahaku.fi\/index.php?rest_route=%2Fwp%2Fv2%2Fpwb-brand&post=67776"},{"taxonomy":"product_cat","embeddable":true,"href":"https:\/\/www.autonvaraosahaku.fi\/index.php?rest_route=%2Fwp%2Fv2%2Fproduct_cat&post=67776"},{"taxonomy":"product_tag","embeddable":true,"href":"https:\/\/www.autonvaraosahaku.fi\/index.php?rest_route=%2Fwp%2Fv2%2Fproduct_tag&post=67776"}],"curies":[{"name":"wp","href":"https:\/\/api.w.org\/{rel}","templated":true}]}}