{"id":67779,"date":"2021-02-21T18:56:19","date_gmt":"2021-02-21T18:56:19","guid":{"rendered":"https:\/\/www.autonvaraosahaku.fi\/?product=jurid-573186jc-jarrupalat"},"modified":"2021-02-21T18:56:20","modified_gmt":"2021-02-21T18:56:20","slug":"jurid-573186jc-jarrupalat","status":"publish","type":"product","link":"https:\/\/www.autonvaraosahaku.fi\/?product=jurid-573186jc-jarrupalat","title":{"rendered":"JURID 573186JC Jarrupalat"},"content":{"rendered":"<p>Paksuus [mm]: 16; Tarkistuskilpi: R90 Homologated; Pituus (mm): 123; Korkeus 1 (mm): 52; Materiaali: Keraaminen; Kulumisenilmaisimen liitos: Ei kulumisenilmaisimelle; Jarruj\u00e4rjestelm\u00e4: ATE; Pakkaustyyppi: Laatikko; WVA-numero: 24137; Pakkauspituus [cm]: 17,5; Pakkausleveys [cm]: 11; Pakkauskorkeus [mm]: 8,5; M\u00e4\u00e4r\u00e4yksikk\u00f6: Akselisarja; lis\u00e4tieto: Jurid White Low Dust; Asennuspuoli: Hinterachse; MAZDA: 5 CR19,3 BK,3 BL,5 CW,3 Stufenheck BK,3 Stufenheck BL; VOLVO: V50 MW,C30,S40 II MS,C70 II Cabriolet,V40 Schr\u00e4gheck; SAAB: 9-3 YS3F,9-3 Kombi YS3F,9-3 Cabriolet YS3F,9-3X; OPEL: VECTRA C Caravan,SIGNUM,VECTRA C,VECTRA C GTS,GT Cabriolet; JAGUAR: S-TYPE CCX,XF _J05_, CC9,XJ X350, X358,XF SPORTBRAKE CC9,XK 8 Convertible QDV,XK 8 Coupe QEV,XK Coupe QQ6_, _J43_,XK Cabriolet _J43_,XJ X35_, _J12_, _J24_; FORD: FOCUS II Kombi DA_,FOCUS II DA_,FOCUS III Turnier,FOCUS C-MAX,C-MAX DM2,FOCUS III,C-MAX II,KUGA II DM2,GRAND C-MAX,FOCUS II Stufenheck DA_,FOCUS II Cabriolet,FOCUS III Stufenheck,TOURNEO CONNECT \/ GRAND TOURNEO CONNECT Kombi,TRANSIT CONNECT Kasten,GRAND C-MAX Van,C-MAX II Van,TRANSIT CONNECT Kombi,KUGA II Van,FOCUS III Kasten\/Schr\u00e4gheck; TOYOTA: CAMRY MCV3_, ACV3_, _XV3_; CITRO\u00cbN: C5 III Break TD_,C5 III RD_; RENAULT: LAGUNA III Grandtour KT0\/1,LAGUNA III BT0\/1,LAGUNA Coupe DT0\/1; CADILLAC: BLS,BLS Wagon; 25814674, 425405, C2C27271, 1324300, 1360254, 1360304, 1360306, 136304, 1566096, 1683374, 1753860, 1763677, 1765765, 1805813, 1809259, 1809458, 1820122, 1936698, 2019129, 2039739, 2177229, 2252494, 2271380, 2T1J2M008AA, 3M512M008AC, 3M5J2M008A1A, 5134101, 93190338, AV612M008AA, AV612M008AB, AV612M008BA, BV612M007BA, BV612M007CB, CV6Z2200A, ME2T1J2M008AA, ME2T1J2M008AB, ME3M5J2M008AA, MEAV6J2M008AA, MEAV6J2M008BA, MEAV6J2M008CA, C2C27271, C2D48654, C2P17595, C2P26112, BPYK2648Z, BPYK2648ZA, BPYK2648ZA9C, BPYK2648ZB, C2Y32648ZA, C2Y32648ZA9A, 13322091, 1605065, 1605117, 1605196, 1605973, 1605993, 93172190, 93176116, 93183140, 93190338, 93192623, 440600002R, 440601689R, 8660004480, 8671016711, 12799240, 13322091, 32017848, 93183140, 93190338, 13322091, 93172190, 93183140, 93190338, 30736610, 30742031, 31341327, 31341331, 8683615; Jarrupalasarja,Jarrupala, Levyjarru<\/p>\n","protected":false},"excerpt":{"rendered":"<p>JURID Jarrupalat 573186JC Jarrupalasarja,Jarrupala, Levyjarru MAZDA,VOLVO,SAAB,5 CR19,3 BK,3 BL,5 CW,3 Stufenheck BK,3 Stufenheck BL,V50 MW,C30<\/p>\n","protected":false},"featured_media":0,"template":"","meta":{"site-sidebar-layout":"default","site-content-layout":"default","ast-global-header-display":"","ast-main-header-display":"","ast-hfb-above-header-display":"","ast-hfb-below-header-display":"","ast-hfb-mobile-header-display":"","site-post-title":"","ast-breadcrumbs-content":"","ast-featured-img":"","footer-sml-layout":"","theme-transparent-header-meta":"","adv-header-id-meta":"","stick-header-meta":"","header-above-stick-meta":"","header-main-stick-meta":"","header-below-stick-meta":""},"pwb-brand":[247],"product_cat":[100],"product_tag":[],"class_list":{"0":"post-67779","1":"product","2":"type-product","3":"status-publish","5":"pwb-brand-jurid","6":"product_cat-jarrupalat","7":"desktop-align-left","8":"tablet-align-left","9":"mobile-align-left","11":"first","12":"instock","13":"product-type-external"},"brands":[{"id":247,"name":"JURID","slug":"jurid"}],"_links":{"self":[{"href":"https:\/\/www.autonvaraosahaku.fi\/index.php?rest_route=\/wp\/v2\/product\/67779","targetHints":{"allow":["GET"]}}],"collection":[{"href":"https:\/\/www.autonvaraosahaku.fi\/index.php?rest_route=\/wp\/v2\/product"}],"about":[{"href":"https:\/\/www.autonvaraosahaku.fi\/index.php?rest_route=\/wp\/v2\/types\/product"}],"wp:attachment":[{"href":"https:\/\/www.autonvaraosahaku.fi\/index.php?rest_route=%2Fwp%2Fv2%2Fmedia&parent=67779"}],"wp:term":[{"taxonomy":"pwb-brand","embeddable":true,"href":"https:\/\/www.autonvaraosahaku.fi\/index.php?rest_route=%2Fwp%2Fv2%2Fpwb-brand&post=67779"},{"taxonomy":"product_cat","embeddable":true,"href":"https:\/\/www.autonvaraosahaku.fi\/index.php?rest_route=%2Fwp%2Fv2%2Fproduct_cat&post=67779"},{"taxonomy":"product_tag","embeddable":true,"href":"https:\/\/www.autonvaraosahaku.fi\/index.php?rest_route=%2Fwp%2Fv2%2Fproduct_tag&post=67779"}],"curies":[{"name":"wp","href":"https:\/\/api.w.org\/{rel}","templated":true}]}}