{"id":67783,"date":"2021-02-21T18:56:19","date_gmt":"2021-02-21T18:56:19","guid":{"rendered":"https:\/\/www.autonvaraosahaku.fi\/?product=mapco-49143hps-raidetangon-paa"},"modified":"2021-02-21T18:56:21","modified_gmt":"2021-02-21T18:56:21","slug":"mapco-49143hps-raidetangon-paa","status":"publish","type":"product","link":"https:\/\/www.autonvaraosahaku.fi\/?product=mapco-49143hps-raidetangon-paa","title":{"rendered":"MAPCO 49143HPS Raidetangon p\u00e4\u00e4"},"content":{"rendered":"<p>Laatu: HPS standard; Asennuspuoli: Etuakseli, vasen; Sis\u00e4kierre (mm): M14x1,5; Ulkokierre [mm]: M10x1,25; Pituus (mm): 210; parilliset tuotenumerot: 49144HPS; Tarvittava kappalem\u00e4\u00e4r\u00e4: 1; Valmistusvuoteen: 08\/2009; OPEL: VIVARO Kasten F7,VIVARO Combi J7,VIVARO Pritsche\/Fahrgestell E7,VIVARO Combi,VIVARO Kasten,VIVARO Pritsche\/Fahrgestell; RENAULT: ESPACE IV JK0\/1_,LAGUNA II Grandtour KG0\/1_,LAGUNA II BG0\/1_,TRAFIC II Bus JL,TRAFIC II Kasten FL,LAGUNA I Grandtour K56_,VEL SATIS BJ0_,TRAFIC II Pritsche\/Fahrgestell EL,TRAFIC Pritsche\/Fahrgestell P6,TRAFIC III Kasten,TRAFIC III Bus,TRAFIC III Pritsche\/Fahrgestell EG_; NISSAN: PRIMASTAR Bus X83,PRIMASTAR Kasten X83,PRIMASTAR Pritsche\/Fahrgestell; VAUXHALL: VIVARO Kasten F7,VIVARO Kasten,VIVARO Combi,VIVARO Combi J7,VIVARO Pritsche\/Fahrgestell E7; 4852000QAK, 7701049282, 4408510, 4453051, 7701049282, 91160043, 93198895<\/p>\n","protected":false},"excerpt":{"rendered":"<p>MAPCO Raidetangon P\u00e4\u00e4 49143HPS  OPEL,RENAULT,NISSAN,VIVARO Kasten F7,VIVARO Combi J7,VIVARO Pritsche\/Fahrgestell E7,VIVARO Combi,VIVARO Kasten<\/p>\n","protected":false},"featured_media":0,"template":"","meta":{"site-sidebar-layout":"default","site-content-layout":"default","ast-global-header-display":"","ast-main-header-display":"","ast-hfb-above-header-display":"","ast-hfb-below-header-display":"","ast-hfb-mobile-header-display":"","site-post-title":"","ast-breadcrumbs-content":"","ast-featured-img":"","footer-sml-layout":"","theme-transparent-header-meta":"","adv-header-id-meta":"","stick-header-meta":"","header-above-stick-meta":"","header-main-stick-meta":"","header-below-stick-meta":""},"pwb-brand":[36],"product_cat":[96],"product_tag":[],"class_list":{"0":"post-67783","1":"product","2":"type-product","3":"status-publish","5":"pwb-brand-mapco","6":"product_cat-raidetangon-paa","7":"desktop-align-left","8":"tablet-align-left","9":"mobile-align-left","11":"first","12":"instock","13":"product-type-external"},"brands":[{"id":36,"name":"MAPCO","slug":"mapco"}],"_links":{"self":[{"href":"https:\/\/www.autonvaraosahaku.fi\/index.php?rest_route=\/wp\/v2\/product\/67783","targetHints":{"allow":["GET"]}}],"collection":[{"href":"https:\/\/www.autonvaraosahaku.fi\/index.php?rest_route=\/wp\/v2\/product"}],"about":[{"href":"https:\/\/www.autonvaraosahaku.fi\/index.php?rest_route=\/wp\/v2\/types\/product"}],"wp:attachment":[{"href":"https:\/\/www.autonvaraosahaku.fi\/index.php?rest_route=%2Fwp%2Fv2%2Fmedia&parent=67783"}],"wp:term":[{"taxonomy":"pwb-brand","embeddable":true,"href":"https:\/\/www.autonvaraosahaku.fi\/index.php?rest_route=%2Fwp%2Fv2%2Fpwb-brand&post=67783"},{"taxonomy":"product_cat","embeddable":true,"href":"https:\/\/www.autonvaraosahaku.fi\/index.php?rest_route=%2Fwp%2Fv2%2Fproduct_cat&post=67783"},{"taxonomy":"product_tag","embeddable":true,"href":"https:\/\/www.autonvaraosahaku.fi\/index.php?rest_route=%2Fwp%2Fv2%2Fproduct_tag&post=67783"}],"curies":[{"name":"wp","href":"https:\/\/api.w.org\/{rel}","templated":true}]}}