{"id":6780,"date":"2021-02-21T13:58:17","date_gmt":"2021-02-21T13:58:17","guid":{"rendered":"https:\/\/www.autonvaraosahaku.fi\/?product=lemforder-38169-01-alatukivarsi"},"modified":"2021-02-21T13:58:18","modified_gmt":"2021-02-21T13:58:18","slug":"lemforder-38169-01-alatukivarsi","status":"publish","type":"product","link":"https:\/\/www.autonvaraosahaku.fi\/?product=lemforder-38169-01-alatukivarsi","title":{"rendered":"LEMF\u00d6RDER 38169 01 Alatukivarsi"},"content":{"rendered":"<p>Asennuspuoli: Etuakseli, Vasen; Ohjausmalli: Poikittaistukivarsi; Materiaali: Ter\u00e4slevy; parilliset tuotenumerot: 38168 01; ei ajoneuvontuottajamaahan: China; RENAULT: KOLEOS HY_; NISSAN: QASHQAI \/ QASHQAI +2 J10, JJ10,X-TRAIL T31; 54501BB00A, 54501BR30A, 54501JD000, 54501JG000, 54501JG00A, 54501JG00B, 54501JY00A, 545055212R; Tukivarsi,Tukivarsi, Py\u00f6r\u00e4ntuenta<\/p>\n","protected":false},"excerpt":{"rendered":"<p>LEMF\u00d6RDER Alatukivarsi 38169 01 Tukivarsi,Tukivarsi, Py\u00f6r\u00e4ntuenta RENAULT,NISSAN,KOLEOS HY_,QASHQAI \/ QASHQAI +2 J10, JJ10,X-TRAIL T31<\/p>\n","protected":false},"featured_media":0,"template":"","meta":{"site-sidebar-layout":"default","site-content-layout":"default","ast-global-header-display":"","ast-main-header-display":"","ast-hfb-above-header-display":"","ast-hfb-below-header-display":"","ast-hfb-mobile-header-display":"","site-post-title":"","ast-breadcrumbs-content":"","ast-featured-img":"","footer-sml-layout":"","theme-transparent-header-meta":"","adv-header-id-meta":"","stick-header-meta":"","header-above-stick-meta":"","header-main-stick-meta":"","header-below-stick-meta":""},"pwb-brand":[77],"product_cat":[62],"product_tag":[],"class_list":{"0":"post-6780","1":"product","2":"type-product","3":"status-publish","5":"pwb-brand-lemforder","6":"product_cat-alatukivarsi","7":"desktop-align-left","8":"tablet-align-left","9":"mobile-align-left","11":"first","12":"instock","13":"product-type-external"},"brands":[{"id":77,"name":"LEMF\u00d6RDER","slug":"lemforder"}],"_links":{"self":[{"href":"https:\/\/www.autonvaraosahaku.fi\/index.php?rest_route=\/wp\/v2\/product\/6780","targetHints":{"allow":["GET"]}}],"collection":[{"href":"https:\/\/www.autonvaraosahaku.fi\/index.php?rest_route=\/wp\/v2\/product"}],"about":[{"href":"https:\/\/www.autonvaraosahaku.fi\/index.php?rest_route=\/wp\/v2\/types\/product"}],"wp:attachment":[{"href":"https:\/\/www.autonvaraosahaku.fi\/index.php?rest_route=%2Fwp%2Fv2%2Fmedia&parent=6780"}],"wp:term":[{"taxonomy":"pwb-brand","embeddable":true,"href":"https:\/\/www.autonvaraosahaku.fi\/index.php?rest_route=%2Fwp%2Fv2%2Fpwb-brand&post=6780"},{"taxonomy":"product_cat","embeddable":true,"href":"https:\/\/www.autonvaraosahaku.fi\/index.php?rest_route=%2Fwp%2Fv2%2Fproduct_cat&post=6780"},{"taxonomy":"product_tag","embeddable":true,"href":"https:\/\/www.autonvaraosahaku.fi\/index.php?rest_route=%2Fwp%2Fv2%2Fproduct_tag&post=6780"}],"curies":[{"name":"wp","href":"https:\/\/api.w.org\/{rel}","templated":true}]}}