{"id":67821,"date":"2021-02-21T18:56:35","date_gmt":"2021-02-21T18:56:35","guid":{"rendered":"https:\/\/www.autonvaraosahaku.fi\/?product=meyle-100-137-0002-automaattivaihteiston-suodatin"},"modified":"2021-02-21T18:56:37","modified_gmt":"2021-02-21T18:56:37","slug":"meyle-100-137-0002-automaattivaihteiston-suodatin","status":"publish","type":"product","link":"https:\/\/www.autonvaraosahaku.fi\/?product=meyle-100-137-0002-automaattivaihteiston-suodatin","title":{"rendered":"MEYLE 100 137 0002 Automaattivaihteiston suodatin"},"content":{"rendered":"<p>Vaihteistomalli: Automaattivaihteisto, 6-vaiht.; Lis\u00e4tarvike\/lis\u00e4tieto: Tiivisteill\u00e4; Valmistaja rajaus: AISIN; M\u00e4\u00e4r\u00e4yksikk\u00f6: Sarja; Vaihteistomalli: TR-60SN, 09D; Korvaava tuote\/korvaava tiedote 2: Ilman kiinnitysmateriaalia; Kiinnitysreikien lukum\u00e4\u00e4r\u00e4: 16; lis\u00e4tieto: ORIGINAL Quality; Vaihteistonumero: KRK; VW: TOUAREG 7LA, 7L6, 7L7; AUDI: Q7 4L; PORSCHE: CAYENNE 955; 09D325435, 95530740300, 95530740301, 09D325435; Hydrauliikkasuodatinsarja, Automaattivaihteisto<\/p>\n","protected":false},"excerpt":{"rendered":"<p>MEYLE Automaattivaihteiston Suodatin 100 137 0002 Hydrauliikkasuodatinsarja, Automaattivaihteisto VW,AUDI,PORSCHE,TOUAREG 7LA, 7L6, 7L7,Q7 4L<\/p>\n","protected":false},"featured_media":0,"template":"","meta":{"site-sidebar-layout":"default","site-content-layout":"default","ast-global-header-display":"","ast-main-header-display":"","ast-hfb-above-header-display":"","ast-hfb-below-header-display":"","ast-hfb-mobile-header-display":"","site-post-title":"","ast-breadcrumbs-content":"","ast-featured-img":"","footer-sml-layout":"","theme-transparent-header-meta":"","adv-header-id-meta":"","stick-header-meta":"","header-above-stick-meta":"","header-main-stick-meta":"","header-below-stick-meta":""},"pwb-brand":[84],"product_cat":[141],"product_tag":[],"class_list":{"0":"post-67821","1":"product","2":"type-product","3":"status-publish","5":"pwb-brand-meyle","6":"product_cat-automaattivaihteiston-suodatin","7":"desktop-align-left","8":"tablet-align-left","9":"mobile-align-left","11":"first","12":"instock","13":"product-type-external"},"brands":[{"id":84,"name":"MEYLE","slug":"meyle"}],"_links":{"self":[{"href":"https:\/\/www.autonvaraosahaku.fi\/index.php?rest_route=\/wp\/v2\/product\/67821","targetHints":{"allow":["GET"]}}],"collection":[{"href":"https:\/\/www.autonvaraosahaku.fi\/index.php?rest_route=\/wp\/v2\/product"}],"about":[{"href":"https:\/\/www.autonvaraosahaku.fi\/index.php?rest_route=\/wp\/v2\/types\/product"}],"wp:attachment":[{"href":"https:\/\/www.autonvaraosahaku.fi\/index.php?rest_route=%2Fwp%2Fv2%2Fmedia&parent=67821"}],"wp:term":[{"taxonomy":"pwb-brand","embeddable":true,"href":"https:\/\/www.autonvaraosahaku.fi\/index.php?rest_route=%2Fwp%2Fv2%2Fpwb-brand&post=67821"},{"taxonomy":"product_cat","embeddable":true,"href":"https:\/\/www.autonvaraosahaku.fi\/index.php?rest_route=%2Fwp%2Fv2%2Fproduct_cat&post=67821"},{"taxonomy":"product_tag","embeddable":true,"href":"https:\/\/www.autonvaraosahaku.fi\/index.php?rest_route=%2Fwp%2Fv2%2Fproduct_tag&post=67821"}],"curies":[{"name":"wp","href":"https:\/\/api.w.org\/{rel}","templated":true}]}}