{"id":67823,"date":"2021-02-21T18:56:35","date_gmt":"2021-02-21T18:56:35","guid":{"rendered":"https:\/\/www.autonvaraosahaku.fi\/?product=optimal-g5-820-alatukivarsi"},"modified":"2021-02-21T18:56:38","modified_gmt":"2021-02-21T18:56:38","slug":"optimal-g5-820-alatukivarsi","status":"publish","type":"product","link":"https:\/\/www.autonvaraosahaku.fi\/?product=optimal-g5-820-alatukivarsi","title":{"rendered":"OPTIMAL G5-820 Alatukivarsi"},"content":{"rendered":"<p>Asennuspuoli: Yl\u00e4puolella, Molemminpuolin, Taka-akseli; Ohjausmalli: Poikittaistukivarsi; Materiaali: Ter\u00e4s; S\u00e4\u00e4dett\u00e4v\u00e4: S\u00e4\u00e4dett\u00e4v\u00e4; Korvaava tuote\/korvaava tiedote 2: Kumilaakerilla; Tarvittava kappalem\u00e4\u00e4r\u00e4: 2; HONDA: CR-V III RE; 52390SWAA00; Tukivarsi,Tukivarsi, Py\u00f6r\u00e4ntuenta<\/p>\n","protected":false},"excerpt":{"rendered":"<p>OPTIMAL Alatukivarsi G5-820 Tukivarsi,Tukivarsi, Py\u00f6r\u00e4ntuenta HONDA,CR-V III RE<\/p>\n","protected":false},"featured_media":0,"template":"","meta":{"site-sidebar-layout":"default","site-content-layout":"default","ast-global-header-display":"","ast-main-header-display":"","ast-hfb-above-header-display":"","ast-hfb-below-header-display":"","ast-hfb-mobile-header-display":"","site-post-title":"","ast-breadcrumbs-content":"","ast-featured-img":"","footer-sml-layout":"","theme-transparent-header-meta":"","adv-header-id-meta":"","stick-header-meta":"","header-above-stick-meta":"","header-main-stick-meta":"","header-below-stick-meta":""},"pwb-brand":[307],"product_cat":[62],"product_tag":[],"class_list":{"0":"post-67823","1":"product","2":"type-product","3":"status-publish","5":"pwb-brand-optimal","6":"product_cat-alatukivarsi","7":"desktop-align-left","8":"tablet-align-left","9":"mobile-align-left","11":"first","12":"instock","13":"product-type-external"},"brands":[{"id":307,"name":"OPTIMAL","slug":"optimal"}],"_links":{"self":[{"href":"https:\/\/www.autonvaraosahaku.fi\/index.php?rest_route=\/wp\/v2\/product\/67823","targetHints":{"allow":["GET"]}}],"collection":[{"href":"https:\/\/www.autonvaraosahaku.fi\/index.php?rest_route=\/wp\/v2\/product"}],"about":[{"href":"https:\/\/www.autonvaraosahaku.fi\/index.php?rest_route=\/wp\/v2\/types\/product"}],"wp:attachment":[{"href":"https:\/\/www.autonvaraosahaku.fi\/index.php?rest_route=%2Fwp%2Fv2%2Fmedia&parent=67823"}],"wp:term":[{"taxonomy":"pwb-brand","embeddable":true,"href":"https:\/\/www.autonvaraosahaku.fi\/index.php?rest_route=%2Fwp%2Fv2%2Fpwb-brand&post=67823"},{"taxonomy":"product_cat","embeddable":true,"href":"https:\/\/www.autonvaraosahaku.fi\/index.php?rest_route=%2Fwp%2Fv2%2Fproduct_cat&post=67823"},{"taxonomy":"product_tag","embeddable":true,"href":"https:\/\/www.autonvaraosahaku.fi\/index.php?rest_route=%2Fwp%2Fv2%2Fproduct_tag&post=67823"}],"curies":[{"name":"wp","href":"https:\/\/api.w.org\/{rel}","templated":true}]}}