{"id":6784,"date":"2021-02-21T13:58:17","date_gmt":"2021-02-21T13:58:17","guid":{"rendered":"https:\/\/www.autonvaraosahaku.fi\/?product=lemforder-37883-01-muut-luokat"},"modified":"2021-02-21T13:58:18","modified_gmt":"2021-02-21T13:58:18","slug":"lemforder-37883-01-muut-luokat","status":"publish","type":"product","link":"https:\/\/www.autonvaraosahaku.fi\/?product=lemforder-37883-01-muut-luokat","title":{"rendered":"LEMF\u00d6RDER 37883 01 Muut luokat"},"content":{"rendered":"<p>Asennuspuoli: Etuakseli, Molemminpuolin, Takana; tuotenumerolle: 29710 01, 34559 01, 28644 02; Alustanumeroon: 5J-8A502 656; VW: POLO 9N_,FOX 5Z1, 5Z3,POLO Stufenheck 9A4; SKODA: FABIA Combi 6Y5,FABIA,FABIA 6Y2,FABIA Combi,ROOMSTER 5J,FABIA Stufenheck 6Y3,FABIA Praktik; SEAT: IBIZA IV 6L1,CORDOBA 6L2; 6N0407175A, N10127707, N10640301, N10127707, 1K0407183E, 6N0407175A, 6Q0407151L, N10127707, N10640301, 1K0407183E, 6N0407175A, 6Q0407151L, N10127707, N10640301, 1K0407183E, 6N0407175A, 6Q0407151L, N10127707, N10640301<\/p>\n","protected":false},"excerpt":{"rendered":"<p>LEMF\u00d6RDER Korjaussarja, Py\u00f6r\u00e4ntuenta Service Pack 37883 01  VW,SKODA,SEAT,POLO 9N_,FOX 5Z1, 5Z3,POLO Stufenheck 9A4,FABIA Combi 6Y5,FABIA,FABIA 6Y2<\/p>\n","protected":false},"featured_media":0,"template":"","meta":{"site-sidebar-layout":"default","site-content-layout":"default","ast-global-header-display":"","ast-main-header-display":"","ast-hfb-above-header-display":"","ast-hfb-below-header-display":"","ast-hfb-mobile-header-display":"","site-post-title":"","ast-breadcrumbs-content":"","ast-featured-img":"","footer-sml-layout":"","theme-transparent-header-meta":"","adv-header-id-meta":"","stick-header-meta":"","header-above-stick-meta":"","header-main-stick-meta":"","header-below-stick-meta":""},"pwb-brand":[77],"product_cat":[37],"product_tag":[],"class_list":{"0":"post-6784","1":"product","2":"type-product","3":"status-publish","5":"pwb-brand-lemforder","6":"product_cat-muut-luokat","7":"desktop-align-left","8":"tablet-align-left","9":"mobile-align-left","11":"first","12":"instock","13":"product-type-external"},"brands":[{"id":77,"name":"LEMF\u00d6RDER","slug":"lemforder"}],"_links":{"self":[{"href":"https:\/\/www.autonvaraosahaku.fi\/index.php?rest_route=\/wp\/v2\/product\/6784","targetHints":{"allow":["GET"]}}],"collection":[{"href":"https:\/\/www.autonvaraosahaku.fi\/index.php?rest_route=\/wp\/v2\/product"}],"about":[{"href":"https:\/\/www.autonvaraosahaku.fi\/index.php?rest_route=\/wp\/v2\/types\/product"}],"wp:attachment":[{"href":"https:\/\/www.autonvaraosahaku.fi\/index.php?rest_route=%2Fwp%2Fv2%2Fmedia&parent=6784"}],"wp:term":[{"taxonomy":"pwb-brand","embeddable":true,"href":"https:\/\/www.autonvaraosahaku.fi\/index.php?rest_route=%2Fwp%2Fv2%2Fpwb-brand&post=6784"},{"taxonomy":"product_cat","embeddable":true,"href":"https:\/\/www.autonvaraosahaku.fi\/index.php?rest_route=%2Fwp%2Fv2%2Fproduct_cat&post=6784"},{"taxonomy":"product_tag","embeddable":true,"href":"https:\/\/www.autonvaraosahaku.fi\/index.php?rest_route=%2Fwp%2Fv2%2Fproduct_tag&post=6784"}],"curies":[{"name":"wp","href":"https:\/\/api.w.org\/{rel}","templated":true}]}}