{"id":67856,"date":"2021-02-21T18:56:46","date_gmt":"2021-02-21T18:56:46","guid":{"rendered":"https:\/\/www.autonvaraosahaku.fi\/?product=ngk-48268-sytytyspuola"},"modified":"2021-02-21T18:56:47","modified_gmt":"2021-02-21T18:56:47","slug":"ngk-48268-sytytyspuola","status":"publish","type":"product","link":"https:\/\/www.autonvaraosahaku.fi\/?product=ngk-48268-sytytyspuola","title":{"rendered":"NGK 48268 Sytytyspuola"},"content":{"rendered":"<p>Sis\u00e4\u00e4n\/ulosmeno aukkojen lukum\u00e4\u00e4r\u00e4: 1; Napojen m\u00e4\u00e4r\u00e4: 4; Sytytyspuola: Liit\u00e4nt\u00e4 SAE; TECDOC-moottorinumero: 10810; JAGUAR: S-TYPE CCX,XF _J05_, CC9,X-TYPE CF1,X-TYPE Estate,XJ X350, X358,XJ X35_, _J12_, _J24_; C2S11480, C2S42673, C2S7928<\/p>\n","protected":false},"excerpt":{"rendered":"<p>NGK Sytytyspuola 48268  JAGUAR,S-TYPE CCX,XF _J05_, CC9,X-TYPE CF1,X-TYPE Estate,XJ X350, X358,XJ X35_, _J12_, _J24_<\/p>\n","protected":false},"featured_media":0,"template":"","meta":{"site-sidebar-layout":"default","site-content-layout":"default","ast-global-header-display":"","ast-main-header-display":"","ast-hfb-above-header-display":"","ast-hfb-below-header-display":"","ast-hfb-mobile-header-display":"","site-post-title":"","ast-breadcrumbs-content":"","ast-featured-img":"","footer-sml-layout":"","theme-transparent-header-meta":"","adv-header-id-meta":"","stick-header-meta":"","header-above-stick-meta":"","header-main-stick-meta":"","header-below-stick-meta":""},"pwb-brand":[189],"product_cat":[25],"product_tag":[],"class_list":{"0":"post-67856","1":"product","2":"type-product","3":"status-publish","5":"pwb-brand-ngk","6":"product_cat-sytytyspuola","7":"desktop-align-left","8":"tablet-align-left","9":"mobile-align-left","11":"first","12":"instock","13":"product-type-external"},"brands":[{"id":189,"name":"NGK","slug":"ngk"}],"_links":{"self":[{"href":"https:\/\/www.autonvaraosahaku.fi\/index.php?rest_route=\/wp\/v2\/product\/67856","targetHints":{"allow":["GET"]}}],"collection":[{"href":"https:\/\/www.autonvaraosahaku.fi\/index.php?rest_route=\/wp\/v2\/product"}],"about":[{"href":"https:\/\/www.autonvaraosahaku.fi\/index.php?rest_route=\/wp\/v2\/types\/product"}],"wp:attachment":[{"href":"https:\/\/www.autonvaraosahaku.fi\/index.php?rest_route=%2Fwp%2Fv2%2Fmedia&parent=67856"}],"wp:term":[{"taxonomy":"pwb-brand","embeddable":true,"href":"https:\/\/www.autonvaraosahaku.fi\/index.php?rest_route=%2Fwp%2Fv2%2Fpwb-brand&post=67856"},{"taxonomy":"product_cat","embeddable":true,"href":"https:\/\/www.autonvaraosahaku.fi\/index.php?rest_route=%2Fwp%2Fv2%2Fproduct_cat&post=67856"},{"taxonomy":"product_tag","embeddable":true,"href":"https:\/\/www.autonvaraosahaku.fi\/index.php?rest_route=%2Fwp%2Fv2%2Fproduct_tag&post=67856"}],"curies":[{"name":"wp","href":"https:\/\/api.w.org\/{rel}","templated":true}]}}