{"id":6787,"date":"2021-02-21T13:58:17","date_gmt":"2021-02-21T13:58:17","guid":{"rendered":"https:\/\/www.autonvaraosahaku.fi\/?product=master-sport-36802-set-ms-alatukivarsi"},"modified":"2021-02-21T13:58:18","modified_gmt":"2021-02-21T13:58:18","slug":"master-sport-36802-set-ms-alatukivarsi","status":"publish","type":"product","link":"https:\/\/www.autonvaraosahaku.fi\/?product=master-sport-36802-set-ms-alatukivarsi","title":{"rendered":"MASTER-SPORT 36802-SET-MS Alatukivarsi"},"content":{"rendered":"<p>Asennuspuoli: etuakseli molemminpuoleinen; M\u00e4\u00e4r\u00e4yksikk\u00f6: Sarja; Tarvittava kappalem\u00e4\u00e4r\u00e4: 1; Nettopaino [kg]: 8; Bruttopaino [kg]: 8,54; Organisaationumerosta: 9440; PEUGEOT: 206 Schr\u00e4gheck 2A\/C,206 CC 2D,207 WA_, WC_,207 SW WK_,206 SW 2E\/K,206+ T3E,207 Stufenheck,206 Stufenheck,206 Van; 381731, 381741, 381742, 387130, 508745, 508759, 508766, 508771, 508774, 9458084180, 9458084280, 9471007465, 9471007565, 96288787, 9808868280, 3520G8, 3520L7, 3520S4, 3520W0, 3521C8, 3521H9, 3521P5, 3521S1, 381714, 381716, 381730, 381731, 381741, 381742, 508745, 508759, 508766, 508771, 508774, 9800086180<\/p>\n","protected":false},"excerpt":{"rendered":"<p>MASTER-SPORT Tukivarsisarja, Py\u00f6rien Tuenta 36802-SET-MS  PEUGEOT,206 Schr\u00e4gheck 2A\/C,206 CC 2D,207 WA_, WC_,207 SW WK_,206 SW 2E\/K,206+ T3E<\/p>\n","protected":false},"featured_media":0,"template":"","meta":{"site-sidebar-layout":"default","site-content-layout":"default","ast-global-header-display":"","ast-main-header-display":"","ast-hfb-above-header-display":"","ast-hfb-below-header-display":"","ast-hfb-mobile-header-display":"","site-post-title":"","ast-breadcrumbs-content":"","ast-featured-img":"","footer-sml-layout":"","theme-transparent-header-meta":"","adv-header-id-meta":"","stick-header-meta":"","header-above-stick-meta":"","header-main-stick-meta":"","header-below-stick-meta":""},"pwb-brand":[61],"product_cat":[62],"product_tag":[],"class_list":{"0":"post-6787","1":"product","2":"type-product","3":"status-publish","5":"pwb-brand-master-sport","6":"product_cat-alatukivarsi","7":"desktop-align-left","8":"tablet-align-left","9":"mobile-align-left","11":"first","12":"instock","13":"product-type-external"},"brands":[{"id":61,"name":"MASTER-SPORT","slug":"master-sport"}],"_links":{"self":[{"href":"https:\/\/www.autonvaraosahaku.fi\/index.php?rest_route=\/wp\/v2\/product\/6787","targetHints":{"allow":["GET"]}}],"collection":[{"href":"https:\/\/www.autonvaraosahaku.fi\/index.php?rest_route=\/wp\/v2\/product"}],"about":[{"href":"https:\/\/www.autonvaraosahaku.fi\/index.php?rest_route=\/wp\/v2\/types\/product"}],"wp:attachment":[{"href":"https:\/\/www.autonvaraosahaku.fi\/index.php?rest_route=%2Fwp%2Fv2%2Fmedia&parent=6787"}],"wp:term":[{"taxonomy":"pwb-brand","embeddable":true,"href":"https:\/\/www.autonvaraosahaku.fi\/index.php?rest_route=%2Fwp%2Fv2%2Fpwb-brand&post=6787"},{"taxonomy":"product_cat","embeddable":true,"href":"https:\/\/www.autonvaraosahaku.fi\/index.php?rest_route=%2Fwp%2Fv2%2Fproduct_cat&post=6787"},{"taxonomy":"product_tag","embeddable":true,"href":"https:\/\/www.autonvaraosahaku.fi\/index.php?rest_route=%2Fwp%2Fv2%2Fproduct_tag&post=6787"}],"curies":[{"name":"wp","href":"https:\/\/api.w.org\/{rel}","templated":true}]}}