{"id":67870,"date":"2021-02-21T18:56:46","date_gmt":"2021-02-21T18:56:46","guid":{"rendered":"https:\/\/www.autonvaraosahaku.fi\/?product=era-440550-kytkin-ohjausakseli"},"modified":"2021-02-21T18:56:49","modified_gmt":"2021-02-21T18:56:49","slug":"era-440550-kytkin-ohjausakseli","status":"publish","type":"product","link":"https:\/\/www.autonvaraosahaku.fi\/?product=era-440550-kytkin-ohjausakseli","title":{"rendered":"ERA 440550 Kytkin ohjausakseli"},"content":{"rendered":"<p>Liittimi\u00e4: 6; Yhdistelm\u00e4kytkintoiminto: valonpesulla, Takaikkunan huuhtelutoiminnolla, Boardcomputer-toiminnolla, Aikav\u00e4li-pyyhint\u00e4; VW: GOLF V 1K1,TOURAN 1T1, 1T2,GOLF VI 5K1,GOLF PLUS 5M1, 521,TIGUAN 5N_,CADDY III Kombi 2KB, 2KJ, 2CB, 2CJ,TOURAN 1T3,GOLF VI Variant AJ5,GOLF V Variant 1K5,CADDY III Kasten 2KA, 2KH, 2CA, 2CH,EOS 1F7, 1F8,SCIROCCO 137, 138,JETTA III 1K2; AUDI: A3 8P1; SKODA: OCTAVIA Combi 1Z5,YETI 5L,SUPERB Kombi 3T5,OCTAVIA 1Z3,SUPERB 3T4; SEAT: LEON 1P1,ALTEA 5P1,ALTEA XL 5P5, 5P8,TOLEDO III 5P2; 1K0953519A, 1K0953519A01C, 1K0953519A9B9, 1K0953519C, 1K0953519C9B9, 1K0953519J, 1K0953519J9B9<\/p>\n","protected":false},"excerpt":{"rendered":"<p>ERA Kytkin Ohjausakseli OEM 440550  VW,AUDI,SKODA,GOLF V 1K1,TOURAN 1T1, 1T2,GOLF VI 5K1,GOLF PLUS 5M1, 521,TIGUAN 5N_<\/p>\n","protected":false},"featured_media":0,"template":"","meta":{"site-sidebar-layout":"default","site-content-layout":"default","ast-global-header-display":"","ast-main-header-display":"","ast-hfb-above-header-display":"","ast-hfb-below-header-display":"","ast-hfb-mobile-header-display":"","site-post-title":"","ast-breadcrumbs-content":"","ast-featured-img":"","footer-sml-layout":"","theme-transparent-header-meta":"","adv-header-id-meta":"","stick-header-meta":"","header-above-stick-meta":"","header-main-stick-meta":"","header-below-stick-meta":""},"pwb-brand":[64],"product_cat":[65],"product_tag":[],"class_list":{"0":"post-67870","1":"product","2":"type-product","3":"status-publish","5":"pwb-brand-era","6":"product_cat-kytkin-ohjausakseli","7":"desktop-align-left","8":"tablet-align-left","9":"mobile-align-left","11":"first","12":"instock","13":"product-type-external"},"brands":[{"id":64,"name":"ERA","slug":"era"}],"_links":{"self":[{"href":"https:\/\/www.autonvaraosahaku.fi\/index.php?rest_route=\/wp\/v2\/product\/67870","targetHints":{"allow":["GET"]}}],"collection":[{"href":"https:\/\/www.autonvaraosahaku.fi\/index.php?rest_route=\/wp\/v2\/product"}],"about":[{"href":"https:\/\/www.autonvaraosahaku.fi\/index.php?rest_route=\/wp\/v2\/types\/product"}],"wp:attachment":[{"href":"https:\/\/www.autonvaraosahaku.fi\/index.php?rest_route=%2Fwp%2Fv2%2Fmedia&parent=67870"}],"wp:term":[{"taxonomy":"pwb-brand","embeddable":true,"href":"https:\/\/www.autonvaraosahaku.fi\/index.php?rest_route=%2Fwp%2Fv2%2Fpwb-brand&post=67870"},{"taxonomy":"product_cat","embeddable":true,"href":"https:\/\/www.autonvaraosahaku.fi\/index.php?rest_route=%2Fwp%2Fv2%2Fproduct_cat&post=67870"},{"taxonomy":"product_tag","embeddable":true,"href":"https:\/\/www.autonvaraosahaku.fi\/index.php?rest_route=%2Fwp%2Fv2%2Fproduct_tag&post=67870"}],"curies":[{"name":"wp","href":"https:\/\/api.w.org\/{rel}","templated":true}]}}