{"id":67877,"date":"2021-02-21T18:56:51","date_gmt":"2021-02-21T18:56:51","guid":{"rendered":"https:\/\/www.autonvaraosahaku.fi\/?product=frenkit-p382901-jarrusatula-korjaussarja"},"modified":"2021-02-21T18:56:52","modified_gmt":"2021-02-21T18:56:52","slug":"frenkit-p382901-jarrusatula-korjaussarja","status":"publish","type":"product","link":"https:\/\/www.autonvaraosahaku.fi\/?product=frenkit-p382901-jarrusatula-korjaussarja","title":{"rendered":"FRENKIT P382901 Jarrusatula korjaussarja"},"content":{"rendered":"<p>L\u00e4pimitta [mm]: 38; Korkeus (mm): 29,9; Asennuspuoli: Taka-akseli; Jarruj\u00e4rjestelm\u00e4: Ate\/Lucas; Versio: Piston; MERCEDES-BENZ: 190 W201,SL R107,Stufenheck W123,S-CLASS W126,S-CLASS W140,COUPE C123,S-CLASS W116,S-CLASS Coupe C126,SL Coupe C107; OPEL: MONZA A 22_,SENATOR A 29_; VOLVO: V70 I LV,850 Kombi LW,240 Kombi P245,C70 I Cabriolet,C70 I Coupe,850 LS,240 P242, P244,S70 LS,940 944,164,140 142, 144,140 Kombi 145,260 P262, P264,260 Coupe P262,260 Kombi P265; ALFA ROMEO: SPIDER 115,SPIDER 105,GIULIA,GT,1750-2000,GIULIA GT; PORSCHE: 911 996,911,911 964,911 993,911 Targa,911 Cabriolet; M\u00e4nt\u00e4, Jarrusatula<\/p>\n","protected":false},"excerpt":{"rendered":"<p>FRENKIT Jarrusatulan M\u00e4nt\u00e4 P382901 M\u00e4nt\u00e4, Jarrusatula MERCEDES-BENZ,OPEL,VOLVO,190 W201,SL R107,Stufenheck W123,S-CLASS W126,S-CLASS W140,COUPE C123<\/p>\n","protected":false},"featured_media":0,"template":"","meta":{"site-sidebar-layout":"default","site-content-layout":"default","ast-global-header-display":"","ast-main-header-display":"","ast-hfb-above-header-display":"","ast-hfb-below-header-display":"","ast-hfb-mobile-header-display":"","site-post-title":"","ast-breadcrumbs-content":"","ast-featured-img":"","footer-sml-layout":"","theme-transparent-header-meta":"","adv-header-id-meta":"","stick-header-meta":"","header-above-stick-meta":"","header-main-stick-meta":"","header-below-stick-meta":""},"pwb-brand":[474],"product_cat":[57],"product_tag":[],"class_list":{"0":"post-67877","1":"product","2":"type-product","3":"status-publish","5":"pwb-brand-frenkit","6":"product_cat-jarrusatula-korjaussarja","7":"desktop-align-left","8":"tablet-align-left","9":"mobile-align-left","11":"first","12":"instock","13":"product-type-external"},"brands":[{"id":474,"name":"FRENKIT","slug":"frenkit"}],"_links":{"self":[{"href":"https:\/\/www.autonvaraosahaku.fi\/index.php?rest_route=\/wp\/v2\/product\/67877","targetHints":{"allow":["GET"]}}],"collection":[{"href":"https:\/\/www.autonvaraosahaku.fi\/index.php?rest_route=\/wp\/v2\/product"}],"about":[{"href":"https:\/\/www.autonvaraosahaku.fi\/index.php?rest_route=\/wp\/v2\/types\/product"}],"wp:attachment":[{"href":"https:\/\/www.autonvaraosahaku.fi\/index.php?rest_route=%2Fwp%2Fv2%2Fmedia&parent=67877"}],"wp:term":[{"taxonomy":"pwb-brand","embeddable":true,"href":"https:\/\/www.autonvaraosahaku.fi\/index.php?rest_route=%2Fwp%2Fv2%2Fpwb-brand&post=67877"},{"taxonomy":"product_cat","embeddable":true,"href":"https:\/\/www.autonvaraosahaku.fi\/index.php?rest_route=%2Fwp%2Fv2%2Fproduct_cat&post=67877"},{"taxonomy":"product_tag","embeddable":true,"href":"https:\/\/www.autonvaraosahaku.fi\/index.php?rest_route=%2Fwp%2Fv2%2Fproduct_tag&post=67877"}],"curies":[{"name":"wp","href":"https:\/\/api.w.org\/{rel}","templated":true}]}}