{"id":6788,"date":"2021-02-21T13:58:17","date_gmt":"2021-02-21T13:58:17","guid":{"rendered":"https:\/\/www.autonvaraosahaku.fi\/?product=master-sport-36791-set-ms-alatukivarsi"},"modified":"2021-02-21T13:58:18","modified_gmt":"2021-02-21T13:58:18","slug":"master-sport-36791-set-ms-alatukivarsi","status":"publish","type":"product","link":"https:\/\/www.autonvaraosahaku.fi\/?product=master-sport-36791-set-ms-alatukivarsi","title":{"rendered":"MASTER-SPORT 36791-SET-MS Alatukivarsi"},"content":{"rendered":"<p>Asennuspuoli: Etuakseli, etuakseli molemminpuoleinen; Lis\u00e4tarvike\/lis\u00e4tieto: Tarvikkeilla; M\u00e4\u00e4r\u00e4yksikk\u00f6: Sarja; Nettopaino [kg]: 11,5; Bruttopaino [kg]: 12,48; AUDI: A6 Avant 4F5, C6,A4 Avant 8ED, B7,A4 Avant 8E5, B6,A4 8E2, B6,A6 4F2, C6,A4 Cabriolet 8H7, B6, 8HE, B7,A4 8EC, B7; SEAT: EXEO ST 3R5,EXEO 3R2; 4B0419811B, 4B0419811E, 4B0419811F, 4D0407509B, 4D0407509D, 4D0407509F, 4D0407509G, 4D0407509H, 4D0407509J, 4D0407509K, 4D0407510B, 4D0407510D, 4D0407510F, 4D0407510G, 4D0407510H, 4D0407510J, 4D0407510K, 4D0407693AC, 4D0407693E, 4D0407693H, 4D0407693K, 4D0407693M, 4D0407693N, 4D0407694AC, 4D0407694E, 4D0407694H, 4D0407694K, 4D0407694M, 4D0407694N, 4D0419811A, 4D0419811B, 4F0419811B, 4F0419811E, 4F0498811, 4Z7407505A, 4Z7407506A, 8D0407505B, 8D0407505F, 8D0407505H, 8D0407505K, 8D0407506B, 8D0407506F, 8D0407506H, 8D0407506K, 8D0407509C, 8D0407509E, 8D0407510C, 8D0407510E, 8E0407151E, 8E0407151K, 8E0407151L, 8E0407151M, 8E0407151N, 8E0407151R, 8E0407505A, 8E0407506A, 8E0407509A, 8E0407510A, 8E0407693, 8E0407693AG, 8E0407693E, 8E0407693H, 8E0407693K, 8E0407693P, 8E0407693Q, 8E0407694, 8E0407694AG, 8E0407694E, 8E0407694H, 8E0407694K, 8E0407694P, 8E0407694Q, 8E0411317, 8E0411318, 8E0419811B, 8E0498998, 8E0498998S1<\/p>\n","protected":false},"excerpt":{"rendered":"<p>MASTER-SPORT Tukivarsisarja, Py\u00f6rien Tuenta 36791-SET-MS  AUDI,SEAT,A6 Avant 4F5, C6,A4 Avant 8ED, B7,A4 Avant 8E5, B6,A4 8E2, B6,A6 4F2, C6<\/p>\n","protected":false},"featured_media":0,"template":"","meta":{"site-sidebar-layout":"default","site-content-layout":"default","ast-global-header-display":"","ast-main-header-display":"","ast-hfb-above-header-display":"","ast-hfb-below-header-display":"","ast-hfb-mobile-header-display":"","site-post-title":"","ast-breadcrumbs-content":"","ast-featured-img":"","footer-sml-layout":"","theme-transparent-header-meta":"","adv-header-id-meta":"","stick-header-meta":"","header-above-stick-meta":"","header-main-stick-meta":"","header-below-stick-meta":""},"pwb-brand":[61],"product_cat":[62],"product_tag":[],"class_list":{"0":"post-6788","1":"product","2":"type-product","3":"status-publish","5":"pwb-brand-master-sport","6":"product_cat-alatukivarsi","7":"desktop-align-left","8":"tablet-align-left","9":"mobile-align-left","11":"first","12":"instock","13":"product-type-external"},"brands":[{"id":61,"name":"MASTER-SPORT","slug":"master-sport"}],"_links":{"self":[{"href":"https:\/\/www.autonvaraosahaku.fi\/index.php?rest_route=\/wp\/v2\/product\/6788","targetHints":{"allow":["GET"]}}],"collection":[{"href":"https:\/\/www.autonvaraosahaku.fi\/index.php?rest_route=\/wp\/v2\/product"}],"about":[{"href":"https:\/\/www.autonvaraosahaku.fi\/index.php?rest_route=\/wp\/v2\/types\/product"}],"wp:attachment":[{"href":"https:\/\/www.autonvaraosahaku.fi\/index.php?rest_route=%2Fwp%2Fv2%2Fmedia&parent=6788"}],"wp:term":[{"taxonomy":"pwb-brand","embeddable":true,"href":"https:\/\/www.autonvaraosahaku.fi\/index.php?rest_route=%2Fwp%2Fv2%2Fpwb-brand&post=6788"},{"taxonomy":"product_cat","embeddable":true,"href":"https:\/\/www.autonvaraosahaku.fi\/index.php?rest_route=%2Fwp%2Fv2%2Fproduct_cat&post=6788"},{"taxonomy":"product_tag","embeddable":true,"href":"https:\/\/www.autonvaraosahaku.fi\/index.php?rest_route=%2Fwp%2Fv2%2Fproduct_tag&post=6788"}],"curies":[{"name":"wp","href":"https:\/\/api.w.org\/{rel}","templated":true}]}}