{"id":67882,"date":"2021-02-21T18:56:51","date_gmt":"2021-02-21T18:56:51","guid":{"rendered":"https:\/\/www.autonvaraosahaku.fi\/?product=ridex-689c0240-sytytyspuola"},"modified":"2021-02-21T18:56:53","modified_gmt":"2021-02-21T18:56:53","slug":"ridex-689c0240-sytytyspuola","status":"publish","type":"product","link":"https:\/\/www.autonvaraosahaku.fi\/?product=ridex-689c0240-sytytyspuola","title":{"rendered":"RIDEX 689C0240 Sytytyspuola"},"content":{"rendered":"<p>J\u00e4nnite (V): 12; K\u00e4yt\u00f6ss\u00e4 koskettimia: 3; MITSUBISHI: ECLIPSE II D3_A,ECLIPSE I D2_A; MINI: MINI R50, R53,MINI Cabriolet R52; JEEP: CHEROKEE KJ,WRANGLER II TJ; CHRYSLER: PT CRUISER PT_,VOYAGER IV RG, RS,VOYAGER III GS,SEBRING Cabriolet JR,PT CRUISER Cabriolet,SEBRING JR,NEON II,STRATUS JA,NEON PL,CIRRUS; DODGE: CARAVAN RG_,CARAVAN NS,STRATUS,NEON II,NEON; 04609103AB, 05269670, 05269670AB, 4557468, 4609103, 4609103AB, 4609103AC, 5269670, 5269670AB, 56032521, 56032521AB, 4557468, 4609103, 4609103AB, 4609103AC, 5269670, 5269670AB, 4609103AB, 5269670, 5269670AB, 12131487707, 12137510738, M05269670<\/p>\n","protected":false},"excerpt":{"rendered":"<p>RIDEX Sytytyspuola 689C0240  MITSUBISHI,MINI,JEEP,ECLIPSE II D3_A,ECLIPSE I D2_A,MINI R50, R53,MINI Cabriolet R52,CHEROKEE KJ,WRANGLER II TJ<\/p>\n","protected":false},"featured_media":0,"template":"","meta":{"site-sidebar-layout":"default","site-content-layout":"default","ast-global-header-display":"","ast-main-header-display":"","ast-hfb-above-header-display":"","ast-hfb-below-header-display":"","ast-hfb-mobile-header-display":"","site-post-title":"","ast-breadcrumbs-content":"","ast-featured-img":"","footer-sml-layout":"","theme-transparent-header-meta":"","adv-header-id-meta":"","stick-header-meta":"","header-above-stick-meta":"","header-main-stick-meta":"","header-below-stick-meta":""},"pwb-brand":[157],"product_cat":[25],"product_tag":[],"class_list":{"0":"post-67882","1":"product","2":"type-product","3":"status-publish","5":"pwb-brand-ridex","6":"product_cat-sytytyspuola","7":"desktop-align-left","8":"tablet-align-left","9":"mobile-align-left","11":"first","12":"instock","13":"product-type-external"},"brands":[{"id":157,"name":"RIDEX","slug":"ridex"}],"_links":{"self":[{"href":"https:\/\/www.autonvaraosahaku.fi\/index.php?rest_route=\/wp\/v2\/product\/67882","targetHints":{"allow":["GET"]}}],"collection":[{"href":"https:\/\/www.autonvaraosahaku.fi\/index.php?rest_route=\/wp\/v2\/product"}],"about":[{"href":"https:\/\/www.autonvaraosahaku.fi\/index.php?rest_route=\/wp\/v2\/types\/product"}],"wp:attachment":[{"href":"https:\/\/www.autonvaraosahaku.fi\/index.php?rest_route=%2Fwp%2Fv2%2Fmedia&parent=67882"}],"wp:term":[{"taxonomy":"pwb-brand","embeddable":true,"href":"https:\/\/www.autonvaraosahaku.fi\/index.php?rest_route=%2Fwp%2Fv2%2Fpwb-brand&post=67882"},{"taxonomy":"product_cat","embeddable":true,"href":"https:\/\/www.autonvaraosahaku.fi\/index.php?rest_route=%2Fwp%2Fv2%2Fproduct_cat&post=67882"},{"taxonomy":"product_tag","embeddable":true,"href":"https:\/\/www.autonvaraosahaku.fi\/index.php?rest_route=%2Fwp%2Fv2%2Fproduct_tag&post=67882"}],"curies":[{"name":"wp","href":"https:\/\/api.w.org\/{rel}","templated":true}]}}