{"id":67898,"date":"2021-02-21T18:56:56","date_gmt":"2021-02-21T18:56:56","guid":{"rendered":"https:\/\/www.autonvaraosahaku.fi\/?product=hella-4lz-003-750-401-vilkkurele"},"modified":"2021-02-21T18:56:57","modified_gmt":"2021-02-21T18:56:57","slug":"hella-4lz-003-750-401-vilkkurele","status":"publish","type":"product","link":"https:\/\/www.autonvaraosahaku.fi\/?product=hella-4lz-003-750-401-vilkkurele","title":{"rendered":"HELLA 4LZ 003 750-401 Vilkkurele"},"content":{"rendered":"<p>Asennusmalli: Liitos; K\u00e4ytt\u00f6: S\u00e4hk\u00f6inen; S\u00e4hk\u00f6inen valitsin (W): 2+1x 21; Napojen m\u00e4\u00e4r\u00e4: 5; Nimellisj\u00e4nnite (V): 12; Liittimi\u00e4: 5; Alustanumerosta: 1H-N-000 001; VW: GOLF IV 1J1,GOLF V 1K1,PASSAT Variant 3B6,TRANSPORTER IV Bus 70XB, 70XC, 7DB, 7DW,GOLF III 1H1,GOLF IV Variant 1J5,PASSAT Variant 3B5,TRANSPORTER V Bus 7HB, 7HJ, 7EB, 7EJ, 7EF,BORA 1J2,PASSAT 3B2,TRANSPORTER IV Kasten 70XA,TRANSPORTER V Kasten 7HA, 7HH, 7EA, 7EH,PASSAT 3B3,BORA Kombi 1J6,GOLF III Variant 1H5,TRANSPORTER IV Pritsche\/Fahrgestell 70XD,VENTO 1H2,TRANSPORTER V Pritsche\/Fahrgestell 7JD, 7JE, 7JL, 7JY, 7JZ,,GOLF IV Van 1J1; 5B0953227, 5B0953227, 5B0953227, 000953227, 000953227A, 5B0953227; Vilkkureleen Kytkenta<\/p>\n","protected":false},"excerpt":{"rendered":"<p>HELLA Vilkkurele 4LZ 003 750-401 Vilkkureleen Kytkenta VW,GOLF IV 1J1,GOLF V 1K1,PASSAT Variant 3B6,TRANSPORTER IV Bus 70XB, 70XC, 7DB, 7DW<\/p>\n","protected":false},"featured_media":0,"template":"","meta":{"site-sidebar-layout":"default","site-content-layout":"default","ast-global-header-display":"","ast-main-header-display":"","ast-hfb-above-header-display":"","ast-hfb-below-header-display":"","ast-hfb-mobile-header-display":"","site-post-title":"","ast-breadcrumbs-content":"","ast-featured-img":"","footer-sml-layout":"","theme-transparent-header-meta":"","adv-header-id-meta":"","stick-header-meta":"","header-above-stick-meta":"","header-main-stick-meta":"","header-below-stick-meta":""},"pwb-brand":[24],"product_cat":[49],"product_tag":[],"class_list":{"0":"post-67898","1":"product","2":"type-product","3":"status-publish","5":"pwb-brand-hella","6":"product_cat-vilkkurele","7":"desktop-align-left","8":"tablet-align-left","9":"mobile-align-left","11":"first","12":"instock","13":"product-type-external"},"brands":[{"id":24,"name":"HELLA","slug":"hella"}],"_links":{"self":[{"href":"https:\/\/www.autonvaraosahaku.fi\/index.php?rest_route=\/wp\/v2\/product\/67898","targetHints":{"allow":["GET"]}}],"collection":[{"href":"https:\/\/www.autonvaraosahaku.fi\/index.php?rest_route=\/wp\/v2\/product"}],"about":[{"href":"https:\/\/www.autonvaraosahaku.fi\/index.php?rest_route=\/wp\/v2\/types\/product"}],"wp:attachment":[{"href":"https:\/\/www.autonvaraosahaku.fi\/index.php?rest_route=%2Fwp%2Fv2%2Fmedia&parent=67898"}],"wp:term":[{"taxonomy":"pwb-brand","embeddable":true,"href":"https:\/\/www.autonvaraosahaku.fi\/index.php?rest_route=%2Fwp%2Fv2%2Fpwb-brand&post=67898"},{"taxonomy":"product_cat","embeddable":true,"href":"https:\/\/www.autonvaraosahaku.fi\/index.php?rest_route=%2Fwp%2Fv2%2Fproduct_cat&post=67898"},{"taxonomy":"product_tag","embeddable":true,"href":"https:\/\/www.autonvaraosahaku.fi\/index.php?rest_route=%2Fwp%2Fv2%2Fproduct_tag&post=67898"}],"curies":[{"name":"wp","href":"https:\/\/api.w.org\/{rel}","templated":true}]}}