{"id":67913,"date":"2021-02-21T18:56:56","date_gmt":"2021-02-21T18:56:56","guid":{"rendered":"https:\/\/www.autonvaraosahaku.fi\/?product=mapco-8610-jarrukengat"},"modified":"2021-02-21T18:57:00","modified_gmt":"2021-02-21T18:57:00","slug":"mapco-8610-jarrukengat","status":"publish","type":"product","link":"https:\/\/www.autonvaraosahaku.fi\/?product=mapco-8610-jarrukengat","title":{"rendered":"MAPCO 8610 Jarrukeng\u00e4t"},"content":{"rendered":"<p>Asennuspuoli: Taka-akseli; L\u00e4pimitta [mm]: 182; Leveys (mm): 25; Erikoisajoneuvo: nicht f\u00fcr gepanzerte Fahrzeuge; MERCEDES-BENZ: E-CLASS W211,E-CLASS T-Model S211,SL R129,S-CLASS W221,CLS C219,SL R230,S-CLASS Coupe C216,S-CLASS W222, V222, X222; 2214200520, 2304200312, 2304200320, A2214200520, A2304200312, A2304200320; Jarrukenk\u00e4sarja<\/p>\n","protected":false},"excerpt":{"rendered":"<p>MAPCO Jarrukeng\u00e4t 8610 Jarrukenk\u00e4sarja MERCEDES-BENZ,E-CLASS W211,E-CLASS T-Model S211,SL R129,S-CLASS W221,CLS C219,SL R230,S-CLASS Coupe C216<\/p>\n","protected":false},"featured_media":0,"template":"","meta":{"site-sidebar-layout":"default","site-content-layout":"default","ast-global-header-display":"","ast-main-header-display":"","ast-hfb-above-header-display":"","ast-hfb-below-header-display":"","ast-hfb-mobile-header-display":"","site-post-title":"","ast-breadcrumbs-content":"","ast-featured-img":"","footer-sml-layout":"","theme-transparent-header-meta":"","adv-header-id-meta":"","stick-header-meta":"","header-above-stick-meta":"","header-main-stick-meta":"","header-below-stick-meta":""},"pwb-brand":[36],"product_cat":[176],"product_tag":[],"class_list":{"0":"post-67913","1":"product","2":"type-product","3":"status-publish","5":"pwb-brand-mapco","6":"product_cat-jarrukengat","7":"desktop-align-left","8":"tablet-align-left","9":"mobile-align-left","11":"first","12":"instock","13":"product-type-external"},"brands":[{"id":36,"name":"MAPCO","slug":"mapco"}],"_links":{"self":[{"href":"https:\/\/www.autonvaraosahaku.fi\/index.php?rest_route=\/wp\/v2\/product\/67913","targetHints":{"allow":["GET"]}}],"collection":[{"href":"https:\/\/www.autonvaraosahaku.fi\/index.php?rest_route=\/wp\/v2\/product"}],"about":[{"href":"https:\/\/www.autonvaraosahaku.fi\/index.php?rest_route=\/wp\/v2\/types\/product"}],"wp:attachment":[{"href":"https:\/\/www.autonvaraosahaku.fi\/index.php?rest_route=%2Fwp%2Fv2%2Fmedia&parent=67913"}],"wp:term":[{"taxonomy":"pwb-brand","embeddable":true,"href":"https:\/\/www.autonvaraosahaku.fi\/index.php?rest_route=%2Fwp%2Fv2%2Fpwb-brand&post=67913"},{"taxonomy":"product_cat","embeddable":true,"href":"https:\/\/www.autonvaraosahaku.fi\/index.php?rest_route=%2Fwp%2Fv2%2Fproduct_cat&post=67913"},{"taxonomy":"product_tag","embeddable":true,"href":"https:\/\/www.autonvaraosahaku.fi\/index.php?rest_route=%2Fwp%2Fv2%2Fproduct_tag&post=67913"}],"curies":[{"name":"wp","href":"https:\/\/api.w.org\/{rel}","templated":true}]}}