{"id":67964,"date":"2021-02-21T18:57:14","date_gmt":"2021-02-21T18:57:14","guid":{"rendered":"https:\/\/www.autonvaraosahaku.fi\/?product=calorstat-by-vernet-ws3038-jaahdytysnesteen-lampotila-anturi"},"modified":"2021-02-21T18:57:16","modified_gmt":"2021-02-21T18:57:16","slug":"calorstat-by-vernet-ws3038-jaahdytysnesteen-lampotila-anturi","status":"publish","type":"product","link":"https:\/\/www.autonvaraosahaku.fi\/?product=calorstat-by-vernet-ws3038-jaahdytysnesteen-lampotila-anturi","title":{"rendered":"CALORSTAT by Vernet WS3038 J\u00e4\u00e4hdytysnesteen l\u00e4mp\u00f6tila anturi"},"content":{"rendered":"<p>Kotelomalli: Kunststoffgeh\u00e4use; LAND ROVER: FREELANDER 2 FA_,DEFENDER Station Wagon LD,RANGE ROVER SPORT LS,RANGE ROVER EVOQUE LV,RANGE ROVER III LM,DISCOVERY III TAA,DISCOVERY IV LA,DEFENDER Pick-up LD_,DEFENDER Cabrio LD,RANGE ROVER SPORT LW,RANGE ROVER IV LG,DEFENDER Pritsche\/Fahrgestell LD,DISCOVERY SPORT LC,RANGE ROVER EVOQUE Cabriolet LV_; VOLVO: V50 MW,XC60,V70 III BW,C30,V60,S40 II MS,V40 Schr\u00e4gheck,S80 II AS,S60 II; JAGUAR: XF _J05_, CC9,XJ X35_, _J12_, _J24_,XE X760,XF X260,F-PACE X761_; FORD: FIESTA V JH_, JD_,MONDEO III Kombi BWY,FOCUS II Kombi DA_,FIESTA VI,MONDEO IV Turnier BA7,FOCUS Kombi DNW,FOCUS II DA_,FOCUS DAW, DBW,S-MAX WA6,FOCUS III Turnier,FOCUS C-MAX,GALAXY WA6,FUSION JU_,MONDEO III B5Y,C-MAX DM2,FOCUS III,TRANSIT MK-7 Kasten,C-MAX II,RANGER TKE,MONDEO IV BA7,MONDEO III Stufenheck B4Y,KUGA II DM2,GRAND C-MAX,TRANSIT MK-7 Bus,MONDEO II Kombi BNP,FOCUS II Stufenheck DA_,B-MAX JK,FOCUS II Cabriolet,COUGAR EC_,MONDEO II BAP,ECOSPORT,TRANSIT MK-7 Pritsche\/Fahrgestell,FOCUS III Stufenheck,TRANSIT CUSTOM Kasten,TOURNEO CUSTOM Bus,MONDEO IV Stufenheck BA7,MONDEO II Stufenheck BFP,TRANSIT CUSTOM Bus,TOURNEO CONNECT \/ GRAND TOURNEO CONNECT Kombi,FIESTA VI Van,TRANSIT CONNECT Kasten,MONDEO V Turnier,MONDEO V Stufenheck,TRANSIT Custom  Bus,GRAND C-MAX Van,FIESTA VII,TRANSIT Custom Pritsche\/Fahrgestell,MONDEO V Schr\u00e4gheck,C-MAX II Van,TOURNEO COURIER Kombi,B-MAX Van,TRANSIT COURIER Kasten,FOCUS III Kasten\/Schr\u00e4gheck,TRANSIT COURIER Kombi,KA,; CITRO\u00cbN: JUMPER Kasten,JUMPER Bus,JUMPER Pritsche\/Fahrgestell; PEUGEOT: BOXER Kasten,BOXER Bus,BOXER Pritsche\/Fahrgestell; ASTON MARTIN: VANTAGE Vantage,VANTAGE Volante; 1109340, 1458378, 1484876, 1540574, 1702985, 1802332, 1803883, 1892398, 1L2A12A648AA, 1L2Z12A648AA, 3L8A12A648BA, 3L8A12A648BB, 3LBA12A648BB, 4093827, 4529853, 7C1112A648AA, 7C1112A648AB, 7C1112A648AC, 7C1Z12A648A, 7M5112A648AA, 7M5112A648BA, XS6F12A648CA, XS6F12A648CB, XS6Z12A648CA, JDE28626, LR000241, LR000318, LR025045, LR044930, U20218840, 31216653, 31272434, 31401576, 31422342; J\u00e4\u00e4hdytysnestel\u00e4mp\u00f6tilan Sensori<\/p>\n","protected":false},"excerpt":{"rendered":"<p>CALORSTAT by Vernet J\u00e4\u00e4hdytysnesteen L\u00e4mp\u00f6tila Anturi WS3038 J\u00e4\u00e4hdytysnestel\u00e4mp\u00f6tilan Sensori LAND ROVER,VOLVO,JAGUAR,FREELANDER 2 FA_<\/p>\n","protected":false},"featured_media":0,"template":"","meta":{"site-sidebar-layout":"default","site-content-layout":"default","ast-global-header-display":"","ast-main-header-display":"","ast-hfb-above-header-display":"","ast-hfb-below-header-display":"","ast-hfb-mobile-header-display":"","site-post-title":"","ast-breadcrumbs-content":"","ast-featured-img":"","footer-sml-layout":"","theme-transparent-header-meta":"","adv-header-id-meta":"","stick-header-meta":"","header-above-stick-meta":"","header-main-stick-meta":"","header-below-stick-meta":""},"pwb-brand":[343],"product_cat":[200],"product_tag":[],"class_list":{"0":"post-67964","1":"product","2":"type-product","3":"status-publish","5":"pwb-brand-calorstat-by-vernet","6":"product_cat-jaahdytysnesteen-lampotila-anturi","7":"desktop-align-left","8":"tablet-align-left","9":"mobile-align-left","11":"first","12":"instock","13":"product-type-external"},"brands":[{"id":343,"name":"CALORSTAT by Vernet","slug":"calorstat-by-vernet"}],"_links":{"self":[{"href":"https:\/\/www.autonvaraosahaku.fi\/index.php?rest_route=\/wp\/v2\/product\/67964","targetHints":{"allow":["GET"]}}],"collection":[{"href":"https:\/\/www.autonvaraosahaku.fi\/index.php?rest_route=\/wp\/v2\/product"}],"about":[{"href":"https:\/\/www.autonvaraosahaku.fi\/index.php?rest_route=\/wp\/v2\/types\/product"}],"wp:attachment":[{"href":"https:\/\/www.autonvaraosahaku.fi\/index.php?rest_route=%2Fwp%2Fv2%2Fmedia&parent=67964"}],"wp:term":[{"taxonomy":"pwb-brand","embeddable":true,"href":"https:\/\/www.autonvaraosahaku.fi\/index.php?rest_route=%2Fwp%2Fv2%2Fpwb-brand&post=67964"},{"taxonomy":"product_cat","embeddable":true,"href":"https:\/\/www.autonvaraosahaku.fi\/index.php?rest_route=%2Fwp%2Fv2%2Fproduct_cat&post=67964"},{"taxonomy":"product_tag","embeddable":true,"href":"https:\/\/www.autonvaraosahaku.fi\/index.php?rest_route=%2Fwp%2Fv2%2Fproduct_tag&post=67964"}],"curies":[{"name":"wp","href":"https:\/\/api.w.org\/{rel}","templated":true}]}}