{"id":6797,"date":"2021-02-21T13:58:17","date_gmt":"2021-02-21T13:58:17","guid":{"rendered":"https:\/\/www.autonvaraosahaku.fi\/?product=meyle-35-14-322-0000-oljynsuodatin"},"modified":"2021-02-21T13:58:19","modified_gmt":"2021-02-21T13:58:19","slug":"meyle-35-14-322-0000-oljynsuodatin","status":"publish","type":"product","link":"https:\/\/www.autonvaraosahaku.fi\/?product=meyle-35-14-322-0000-oljynsuodatin","title":{"rendered":"MEYLE 35-14 322 0000 \u00d6ljynsuodatin"},"content":{"rendered":"<p>Ulkol\u00e4pimitta [mm]: 65,6; Suodatintyyppi: Ruuvattava suodatin; Kierremitta: M20x1,5; Korkeus (mm): 65,5; Korvaava tuote\/korvaava tiedote 2: yhdell\u00e4 peruutuksenestoventtiilill\u00e4; Avauspaine ohitusventtiili [bar]: 1; lis\u00e4tieto: ORIGINAL Quality; Valmistusvuosi alkaen: 07\/1985; RENAULT: CLIO III BR0\/1, CR0\/1,MEGANE III Grandtour KZ0\/1,ESPACE IV JK0\/1_,SC\u00c9NIC III JZ0\/1_,LAGUNA III Grandtour KT0\/1,CLIO IV,MEGANE III Schr\u00e4gheck BZ0_,GRAND SC\u00c9NIC III JZ0\/1_,MEGANE III Coupe DZ0\/1_,KOLEOS HY_,LAGUNA III BT0\/1,MEGANE CC EZ0\/1_,VEL SATIS BJ0_,LAGUNA Coupe DT0\/1,FLUENCE L30_,LATITUDE L70_,MEGANE IV B9A\/M_,ESPACE V,TALISMAN; NISSAN: QASHQAI \/ QASHQAI +2 J10, JJ10,JUKE F15,X-TRAIL T31,MICRA IV K13,NV200 EVALIA,350 Z Z33,NV200 Kasten,PATHFINDER R50,370 Z Z34,350 Z Roadster Z33,370 Z Roadster Z34,QASHQAI J11, J11_,X-TRAIL T32,PULSAR Schr\u00e4gheck C13; MAZDA: 3 BK,MX-5 II NB,2 DE,323 F VI BJ,PREMACY CP,3 BL,MX-5 I NA,DEMIO DW,RX 8 SE17,626 V Hatchback GF,3 Stufenheck BK,MPV II LW,626 V GF,626 V Station Wagon GW,323 P V BA,3 Stufenheck BL,MX-3 EC,FAMILIA VI BJ,XEDOS 6 CA,323 C IV BG,FAMILIA IV BF,FAMILIA V BA,FAMILIA V BG8,323 III Hatchback BF,121 II DB,626 III GD,FAMILIA IV BG,626 III Hatchback GD,626 III Coupe GD,626 III Station Wagon GV,626 II GC,626 II Hatchback GC,323 III BF,RX 7 III FD,323 III Station Wagon BW,323 II Hatchback BD,121 I DA,323 II BD; KIA: PICANTO TA,SHUMA II FB,SHUMA FB,PRIDE DA,SHUMA II Stufenheck FB,CLARUS K9A,CLARUS Kombi GC,SEPHIA Stufenheck FA,SEPHIA FA,PRIDE Kombi,SEPHIA FB; HONDA: ACCORD VI CG, CK,ACCORD VI Hatchback CH,LEGEND III KA9,LEGEND IV KB_,INSIGHT ZE; SUBARU: FORESTER SH,LEGACY IV Station Wagon BL, BP, B13_,OUTBACK BL, BP,LEGACY IV BL, BP,LEGACY V Station Wagon BM, BR,OUTBACK BM, BR,JUSTY I KAD,LEGACY V BM, BR,LEGACY OUTBACK BG; INFINITI: FX,EX,Q70 Y51,QX4,QX70; 9613320, B6M614302, 15400PFB004, 15400PFB007, 15400PFB014, 15400PJ7005, 152083J400XX, 8944128150, B6Y114302A9A, 022214300, 022223420A, 037023803, 077823802, 081323802A, 081323802B, 489914300, 8FG123802, 8FG123803, B35914302, B65114302, B6Y014300, B6Y1143029A, HE1923802, 152083J400XX, 7701053054, 7701068766, 15208AA12A, 15208KA012, 420335400, 420335410, 420335500<\/p>\n","protected":false},"excerpt":{"rendered":"<p>MEYLE \u00d6ljynsuodatin 35-14 322 0000  RENAULT,NISSAN,MAZDA,CLIO III BR0\/1, CR0\/1,MEGANE III Grandtour KZ0\/1,ESPACE IV JK0\/1_,SC\u00c9NIC III JZ0\/1_<\/p>\n","protected":false},"featured_media":0,"template":"","meta":{"site-sidebar-layout":"default","site-content-layout":"default","ast-global-header-display":"","ast-main-header-display":"","ast-hfb-above-header-display":"","ast-hfb-below-header-display":"","ast-hfb-mobile-header-display":"","site-post-title":"","ast-breadcrumbs-content":"","ast-featured-img":"","footer-sml-layout":"","theme-transparent-header-meta":"","adv-header-id-meta":"","stick-header-meta":"","header-above-stick-meta":"","header-main-stick-meta":"","header-below-stick-meta":""},"pwb-brand":[84],"product_cat":[30],"product_tag":[],"class_list":{"0":"post-6797","1":"product","2":"type-product","3":"status-publish","5":"pwb-brand-meyle","6":"product_cat-oljynsuodatin","7":"desktop-align-left","8":"tablet-align-left","9":"mobile-align-left","11":"first","12":"instock","13":"product-type-external"},"brands":[{"id":84,"name":"MEYLE","slug":"meyle"}],"_links":{"self":[{"href":"https:\/\/www.autonvaraosahaku.fi\/index.php?rest_route=\/wp\/v2\/product\/6797","targetHints":{"allow":["GET"]}}],"collection":[{"href":"https:\/\/www.autonvaraosahaku.fi\/index.php?rest_route=\/wp\/v2\/product"}],"about":[{"href":"https:\/\/www.autonvaraosahaku.fi\/index.php?rest_route=\/wp\/v2\/types\/product"}],"wp:attachment":[{"href":"https:\/\/www.autonvaraosahaku.fi\/index.php?rest_route=%2Fwp%2Fv2%2Fmedia&parent=6797"}],"wp:term":[{"taxonomy":"pwb-brand","embeddable":true,"href":"https:\/\/www.autonvaraosahaku.fi\/index.php?rest_route=%2Fwp%2Fv2%2Fpwb-brand&post=6797"},{"taxonomy":"product_cat","embeddable":true,"href":"https:\/\/www.autonvaraosahaku.fi\/index.php?rest_route=%2Fwp%2Fv2%2Fproduct_cat&post=6797"},{"taxonomy":"product_tag","embeddable":true,"href":"https:\/\/www.autonvaraosahaku.fi\/index.php?rest_route=%2Fwp%2Fv2%2Fproduct_tag&post=6797"}],"curies":[{"name":"wp","href":"https:\/\/api.w.org\/{rel}","templated":true}]}}