{"id":68010,"date":"2021-02-21T18:57:26","date_gmt":"2021-02-21T18:57:26","guid":{"rendered":"https:\/\/www.autonvaraosahaku.fi\/?product=jp-group-1196601400-peruutusvalon-kytkin"},"modified":"2021-02-21T18:57:29","modified_gmt":"2021-02-21T18:57:29","slug":"jp-group-1196601400-peruutusvalon-kytkin","status":"publish","type":"product","link":"https:\/\/www.autonvaraosahaku.fi\/?product=jp-group-1196601400-peruutusvalon-kytkin","title":{"rendered":"JP GROUP 1196601400 Peruutusvalon kytkin"},"content":{"rendered":"<p>Nimellisj\u00e4nnite (V): 12; Liittimi\u00e4: 2; K\u00e4ytt\u00f6: S\u00e4hk\u00f6inen; Vaihteistomalli: K\u00e4sivaihteisto, 5-portainen; Varusteet: Ajoneuvoihin, joissa valintavaijeri; Valmistusvuosi alkaen: 01\/1990; VW: TRANSPORTER IV Bus 70XB, 70XC, 7DB, 7DW,LUPO 6X1, 6E1,POLO 6N2,POLO 6N1,GOLF II 19E, 1G1,GOLF I Cabriolet 155,GOLF III Cabriolet 1E7,TRANSPORTER IV Kasten 70XA,GOLF Mk III Cabriolet 1E7,TRANSPORTER III Bus,POLO 86C, 80,POLO Coupe 86C, 80,TRANSPORTER IV Pritsche\/Fahrgestell 70XD,POLO Variant 6KV5,POLO CLASSIC 6KV2,JETTA II 19E, 1G2, 165,TRANSPORTER III Kasten,POLO CLASSIC 86C, 80,TRANSPORTER III Pritsche\/Fahrgestell,POLO Kasten 86CF; SEAT: AROSA 6H,IBIZA II 6K1,CORDOBA 6K1, 6K2,CORDOBA Vario 6K1,CORDOBA 6L2,TOLEDO I 1L,INCA 6K9; 002945415A, 002945415B, 020941521A, 020945415A, 085300043GX, 085300048B, 085300049D, 085300049DV, 085300049DX, 085300049MX, 085300050F, 085300050FX, 085300050J, 085300050JX, 085300050K, 085300050P, 085300050PX, 085300050Q, 085300050QX, 085300050TX, 085300051H, 085300051Q, 20941521A, 002945415A, 002945415B, 020941521A, 020945415A, 085300043GX, 085300048B, 085300049D, 085300049DV, 085300049DX, 085300049MX, 085300050F, 085300050FX, 085300050J, 085300050JX, 085300050K, 085300050P, 085300050PX, 085300050Q, 085300050QX, 085300050TX, 085300051H, 085300051Q, 20941521A; Peruutusvalokytkin,Kytkin, Peruutusvalo<\/p>\n","protected":false},"excerpt":{"rendered":"<p>JP GROUP Peruutusvalon Kytkin JP Group 1196601400 Peruutusvalokytkin,Kytkin, Peruutusvalo VW,SEAT,TRANSPORTER IV Bus 70XB, 70XC, 7DB, 7DW<\/p>\n","protected":false},"featured_media":0,"template":"","meta":{"site-sidebar-layout":"default","site-content-layout":"default","ast-global-header-display":"","ast-main-header-display":"","ast-hfb-above-header-display":"","ast-hfb-below-header-display":"","ast-hfb-mobile-header-display":"","site-post-title":"","ast-breadcrumbs-content":"","ast-featured-img":"","footer-sml-layout":"","theme-transparent-header-meta":"","adv-header-id-meta":"","stick-header-meta":"","header-above-stick-meta":"","header-main-stick-meta":"","header-below-stick-meta":""},"pwb-brand":[131],"product_cat":[116],"product_tag":[],"class_list":{"0":"post-68010","1":"product","2":"type-product","3":"status-publish","5":"pwb-brand-jp-group","6":"product_cat-peruutusvalon-kytkin","7":"desktop-align-left","8":"tablet-align-left","9":"mobile-align-left","11":"first","12":"instock","13":"product-type-external"},"brands":[{"id":131,"name":"JP GROUP","slug":"jp-group"}],"_links":{"self":[{"href":"https:\/\/www.autonvaraosahaku.fi\/index.php?rest_route=\/wp\/v2\/product\/68010","targetHints":{"allow":["GET"]}}],"collection":[{"href":"https:\/\/www.autonvaraosahaku.fi\/index.php?rest_route=\/wp\/v2\/product"}],"about":[{"href":"https:\/\/www.autonvaraosahaku.fi\/index.php?rest_route=\/wp\/v2\/types\/product"}],"wp:attachment":[{"href":"https:\/\/www.autonvaraosahaku.fi\/index.php?rest_route=%2Fwp%2Fv2%2Fmedia&parent=68010"}],"wp:term":[{"taxonomy":"pwb-brand","embeddable":true,"href":"https:\/\/www.autonvaraosahaku.fi\/index.php?rest_route=%2Fwp%2Fv2%2Fpwb-brand&post=68010"},{"taxonomy":"product_cat","embeddable":true,"href":"https:\/\/www.autonvaraosahaku.fi\/index.php?rest_route=%2Fwp%2Fv2%2Fproduct_cat&post=68010"},{"taxonomy":"product_tag","embeddable":true,"href":"https:\/\/www.autonvaraosahaku.fi\/index.php?rest_route=%2Fwp%2Fv2%2Fproduct_tag&post=68010"}],"curies":[{"name":"wp","href":"https:\/\/api.w.org\/{rel}","templated":true}]}}