{"id":68031,"date":"2021-02-21T18:57:31","date_gmt":"2021-02-21T18:57:31","guid":{"rendered":"https:\/\/www.autonvaraosahaku.fi\/?product=ridex-70b0052-jarrukengat"},"modified":"2021-02-21T18:57:34","modified_gmt":"2021-02-21T18:57:34","slug":"ridex-70b0052-jarrukengat","status":"publish","type":"product","link":"https:\/\/www.autonvaraosahaku.fi\/?product=ridex-70b0052-jarrukengat","title":{"rendered":"RIDEX 70B0052 Jarrukeng\u00e4t"},"content":{"rendered":"<p>Asennuspuoli: Taka-akseli, Hinterachse; L\u00e4pimitta [mm]: 180; Leveys (mm): 32; M\u00e4\u00e4r\u00e4tty kiertosuunta: ; ei sidoksissa kulkusuuntaan: ; Jarruj\u00e4rjestelm\u00e4: Bendix; Vanne, aukkoja: 4; OPEL: KADETT E Cabriolet 43B_; CITRO\u00cbN: SAXO S0, S1,XSARA N1,XSARA Coupe N0,AX ZA-_,BX XB-_,SAXO Hatchback van S3_; PEUGEOT: 106 II 1,106 I 1A, 1C,205 II 20A\/C,205 I Cabriolet 741B, 20D,309 II 3C, 3A,205 I 741A\/C,106 Van 1_,309 I 10C, 10A,205 Kasten; VAUXHALL: ASTRA Mk IV G Convertible; 424100, 424100000000, 424121, 424173, 4241E5, 4241J6, 4241J9, 4241L3, 95659671, 424121, 424173, 4241E11, 4241E8, 4241J6, 4241J9, 4241L3, RB337335; Jarrukenk\u00e4sarja<\/p>\n","protected":false},"excerpt":{"rendered":"<p>RIDEX Jarrukeng\u00e4t 70B0052 Jarrukenk\u00e4sarja OPEL,CITRO\u00cbN,PEUGEOT,KADETT E Cabriolet 43B_,SAXO S0, S1,XSARA N1,XSARA Coupe N0,AX ZA-_,BX XB-_<\/p>\n","protected":false},"featured_media":0,"template":"","meta":{"site-sidebar-layout":"default","site-content-layout":"default","ast-global-header-display":"","ast-main-header-display":"","ast-hfb-above-header-display":"","ast-hfb-below-header-display":"","ast-hfb-mobile-header-display":"","site-post-title":"","ast-breadcrumbs-content":"","ast-featured-img":"","footer-sml-layout":"","theme-transparent-header-meta":"","adv-header-id-meta":"","stick-header-meta":"","header-above-stick-meta":"","header-main-stick-meta":"","header-below-stick-meta":""},"pwb-brand":[157],"product_cat":[176],"product_tag":[],"class_list":{"0":"post-68031","1":"product","2":"type-product","3":"status-publish","5":"pwb-brand-ridex","6":"product_cat-jarrukengat","7":"desktop-align-left","8":"tablet-align-left","9":"mobile-align-left","11":"first","12":"instock","13":"product-type-external"},"brands":[{"id":157,"name":"RIDEX","slug":"ridex"}],"_links":{"self":[{"href":"https:\/\/www.autonvaraosahaku.fi\/index.php?rest_route=\/wp\/v2\/product\/68031","targetHints":{"allow":["GET"]}}],"collection":[{"href":"https:\/\/www.autonvaraosahaku.fi\/index.php?rest_route=\/wp\/v2\/product"}],"about":[{"href":"https:\/\/www.autonvaraosahaku.fi\/index.php?rest_route=\/wp\/v2\/types\/product"}],"wp:attachment":[{"href":"https:\/\/www.autonvaraosahaku.fi\/index.php?rest_route=%2Fwp%2Fv2%2Fmedia&parent=68031"}],"wp:term":[{"taxonomy":"pwb-brand","embeddable":true,"href":"https:\/\/www.autonvaraosahaku.fi\/index.php?rest_route=%2Fwp%2Fv2%2Fpwb-brand&post=68031"},{"taxonomy":"product_cat","embeddable":true,"href":"https:\/\/www.autonvaraosahaku.fi\/index.php?rest_route=%2Fwp%2Fv2%2Fproduct_cat&post=68031"},{"taxonomy":"product_tag","embeddable":true,"href":"https:\/\/www.autonvaraosahaku.fi\/index.php?rest_route=%2Fwp%2Fv2%2Fproduct_tag&post=68031"}],"curies":[{"name":"wp","href":"https:\/\/api.w.org\/{rel}","templated":true}]}}