{"id":68032,"date":"2021-02-21T18:57:31","date_gmt":"2021-02-21T18:57:31","guid":{"rendered":"https:\/\/www.autonvaraosahaku.fi\/?product=ate-24-3219-1767-3-takajarrusylinteri"},"modified":"2021-02-21T18:57:34","modified_gmt":"2021-02-21T18:57:34","slug":"ate-24-3219-1767-3-takajarrusylinteri","status":"publish","type":"product","link":"https:\/\/www.autonvaraosahaku.fi\/?product=ate-24-3219-1767-3-takajarrusylinteri","title":{"rendered":"ATE 24.3219-1767.3 Takajarrusylinteri"},"content":{"rendered":"<p>M\u00e4nn\u00e4n halkaisija mm: 19,0; Materiaali: Harmaa valurauta; MAPP-koodi saatavilla: ; Alustanumerosta: G2502697; CHEVROLET: SPARK M300,KALOS,AVEO Schr\u00e4gheck T250, T255,AVEO Stufenheck T250, T255,KALOS Stufenheck,AVEO Stufenheck T200,AVEO Schr\u00e4gheck T200; DAEWOO: KALOS KLAS,LANOS KLAT,KALOS Stufenheck KLAS,LANOS Stufenheck KLAT,NEXIA KLETN,ESPERO KLEJ,NEXIA Stufenheck KLETN; OPEL: CORSA B 73_, 78_, 79_,VECTRA B 36_,ASTRA F CC 53_, 54_, 58_, 59_,VECTRA B Caravan 31_,ASTRA F Caravan 51_, 52_,VECTRA B CC 38_,VECTRA A 86_, 87_,ASTRA F Cabriolet 53_B,ASTRA F 56_, 57_,KADETT E CC 33_, 34_, 43_, 44_,TIGRA 95_,VECTRA A CC 88_, 89_,ASCONA C 81_, 86_, 87_, 88_,ASTRA F CLASSIC Stufenheck,KADETT E 39_, 49_,CORSA B Kasten 73_,ASCONA C CC 84_, 89_,KADETT E Caravan 35_, 36_, 45_, 46_,CORSA B Kombi F35,ASTRA F Van 55_; VAUXHALL: ASTRA Mk III F CC,CORSA Mk I B,ASTRA Mk II CC,VECTRA B CC,CAVALIER Mk III 87,VECTRA B,ASTRA Mk III F Estate,CAVALIER Mk III CC,TIGRA Mk I F07,ASTRAVAN Mk III F; 90235422, 90443261, 95975171, 96574718, 90009594, 90235422, 90374076, 90443261, 96574718, 550133, 550141, 550144, 90009594, 90235422, 90374076, 90443261, 550133, 550141, 550144, 90009594, 90235422, 90374076, 90443261; Py\u00f6r\u00e4n Jarrusylinteri,Jarrusylinteri<\/p>\n","protected":false},"excerpt":{"rendered":"<p>ATE Takajarrusylinteri 24.3219-1767.3 Py\u00f6r\u00e4n Jarrusylinteri,Jarrusylinteri CHEVROLET,DAEWOO,OPEL,SPARK M300,KALOS,AVEO Schr\u00e4gheck T250, T255<\/p>\n","protected":false},"featured_media":0,"template":"","meta":{"site-sidebar-layout":"default","site-content-layout":"default","ast-global-header-display":"","ast-main-header-display":"","ast-hfb-above-header-display":"","ast-hfb-below-header-display":"","ast-hfb-mobile-header-display":"","site-post-title":"","ast-breadcrumbs-content":"","ast-featured-img":"","footer-sml-layout":"","theme-transparent-header-meta":"","adv-header-id-meta":"","stick-header-meta":"","header-above-stick-meta":"","header-main-stick-meta":"","header-below-stick-meta":""},"pwb-brand":[108],"product_cat":[158],"product_tag":[],"class_list":{"0":"post-68032","1":"product","2":"type-product","3":"status-publish","5":"pwb-brand-ate","6":"product_cat-takajarrusylinteri","7":"desktop-align-left","8":"tablet-align-left","9":"mobile-align-left","11":"first","12":"instock","13":"product-type-external"},"brands":[{"id":108,"name":"ATE","slug":"ate"}],"_links":{"self":[{"href":"https:\/\/www.autonvaraosahaku.fi\/index.php?rest_route=\/wp\/v2\/product\/68032","targetHints":{"allow":["GET"]}}],"collection":[{"href":"https:\/\/www.autonvaraosahaku.fi\/index.php?rest_route=\/wp\/v2\/product"}],"about":[{"href":"https:\/\/www.autonvaraosahaku.fi\/index.php?rest_route=\/wp\/v2\/types\/product"}],"wp:attachment":[{"href":"https:\/\/www.autonvaraosahaku.fi\/index.php?rest_route=%2Fwp%2Fv2%2Fmedia&parent=68032"}],"wp:term":[{"taxonomy":"pwb-brand","embeddable":true,"href":"https:\/\/www.autonvaraosahaku.fi\/index.php?rest_route=%2Fwp%2Fv2%2Fpwb-brand&post=68032"},{"taxonomy":"product_cat","embeddable":true,"href":"https:\/\/www.autonvaraosahaku.fi\/index.php?rest_route=%2Fwp%2Fv2%2Fproduct_cat&post=68032"},{"taxonomy":"product_tag","embeddable":true,"href":"https:\/\/www.autonvaraosahaku.fi\/index.php?rest_route=%2Fwp%2Fv2%2Fproduct_tag&post=68032"}],"curies":[{"name":"wp","href":"https:\/\/api.w.org\/{rel}","templated":true}]}}