{"id":68040,"date":"2021-02-21T18:57:36","date_gmt":"2021-02-21T18:57:36","guid":{"rendered":"https:\/\/www.autonvaraosahaku.fi\/?product=ridex-5j0113-vetonivel"},"modified":"2021-02-21T18:57:37","modified_gmt":"2021-02-21T18:57:37","slug":"ridex-5j0113-vetonivel","status":"publish","type":"product","link":"https:\/\/www.autonvaraosahaku.fi\/?product=ridex-5j0113-vetonivel","title":{"rendered":"RIDEX 5J0113 Vetonivel"},"content":{"rendered":"<p>Nivelmalli: Vakionopeusnivel; Ulkohammastus, py\u00f6r\u00e4npuoli: 26; Sis\u00e4hammastus, py\u00f6r\u00e4npuoli: 23; Tiivisteen l\u00e4pimitta [mm]: 56,00; Mekaanisesti ty\u00f6stetty: Ilman sokkauraa sis\u00e4osassa; L\u00e4pimitta 1 [mm]: 22.80; Nivelen l\u00e4pimitta [mm]: 81,50; Pituus (mm): 150,17; Korvaava tuote\/korvaava tiedote 2: kruunumutterilla, suojakumilla; Kierremitta: M22x1.5; Vaihteistomalli: Automatikgetriebe; TOYOTA: COROLLA Liftback _E11_,COROLLA Compact _E11_,COROLLA Compact _E10_,CARINA E _T19_,COROLLA _E11_,CARINA E Stufenheck _T19_,CELICA Coupe AT18_, ST18_,COROLLA Wagon __E11_,CARINA E Sportswagon _T19_,COROLLA Liftback _E10_,COROLLA Liftback _E9_,COROLLA _E10_,CARINA II _T17_,CARINA II Stufenheck _T17_,COROLLA Compact _E9_,CELICA Liftback ST16_, AT16_,COROLLA Wagon _E10_,COROLLA Station Wagon _E9_,COROLLA _E9_,CARINA II Station Wagon _T17_,CELICA AT16_, ST16_; 4341012120, 4341012122, 4341012123, 4341012131, 4341012260, 4341012270, 4341012271, 4341012280, 4341012300, 4341012350, 4341012351, 4341012352, 4341012353, 4341012420, 4341012430, 4341020080, 4341020090, 4341020140, 4341020141, 4341020142, 4341020150, 4341020151, 4341020152, 4341020330, 4341020331, 4341020340, 4341020341, 4341020342, 4341020343, 4341020344, 4341020430, 4341020431, 4341020432, 4341020440, 4341020441, 4341020450, 4341020451, 4341020452, 4341020470, 4342005070, 4342005080, 4342012080, 4342012082, 4342012083, 4342012091, 4342012250, 4342012251, 4342012260, 4342012261, 4342020110, 4342020111, 4342020112, 4342020113, 4342020121, 4342020280, 4342020281, 4342020282, 4342020283, 4342020350, 4346019265, 4346019275, 4346019276, 4346019277, 4347019205, 4347019215, 4347019216, 4347019676, 4347080151; Nivelsarja, Vetoakseli<\/p>\n","protected":false},"excerpt":{"rendered":"<p>RIDEX Vetonivel 5J0113 Nivelsarja, Vetoakseli TOYOTA,COROLLA Liftback _E11_,COROLLA Compact _E11_,COROLLA Compact _E10_,CARINA E _T19_,COROLLA _E11_<\/p>\n","protected":false},"featured_media":0,"template":"","meta":{"site-sidebar-layout":"default","site-content-layout":"default","ast-global-header-display":"","ast-main-header-display":"","ast-hfb-above-header-display":"","ast-hfb-below-header-display":"","ast-hfb-mobile-header-display":"","site-post-title":"","ast-breadcrumbs-content":"","ast-featured-img":"","footer-sml-layout":"","theme-transparent-header-meta":"","adv-header-id-meta":"","stick-header-meta":"","header-above-stick-meta":"","header-main-stick-meta":"","header-below-stick-meta":""},"pwb-brand":[157],"product_cat":[175],"product_tag":[],"class_list":{"0":"post-68040","1":"product","2":"type-product","3":"status-publish","5":"pwb-brand-ridex","6":"product_cat-vetonivel","7":"desktop-align-left","8":"tablet-align-left","9":"mobile-align-left","11":"first","12":"instock","13":"product-type-external"},"brands":[{"id":157,"name":"RIDEX","slug":"ridex"}],"_links":{"self":[{"href":"https:\/\/www.autonvaraosahaku.fi\/index.php?rest_route=\/wp\/v2\/product\/68040","targetHints":{"allow":["GET"]}}],"collection":[{"href":"https:\/\/www.autonvaraosahaku.fi\/index.php?rest_route=\/wp\/v2\/product"}],"about":[{"href":"https:\/\/www.autonvaraosahaku.fi\/index.php?rest_route=\/wp\/v2\/types\/product"}],"wp:attachment":[{"href":"https:\/\/www.autonvaraosahaku.fi\/index.php?rest_route=%2Fwp%2Fv2%2Fmedia&parent=68040"}],"wp:term":[{"taxonomy":"pwb-brand","embeddable":true,"href":"https:\/\/www.autonvaraosahaku.fi\/index.php?rest_route=%2Fwp%2Fv2%2Fpwb-brand&post=68040"},{"taxonomy":"product_cat","embeddable":true,"href":"https:\/\/www.autonvaraosahaku.fi\/index.php?rest_route=%2Fwp%2Fv2%2Fproduct_cat&post=68040"},{"taxonomy":"product_tag","embeddable":true,"href":"https:\/\/www.autonvaraosahaku.fi\/index.php?rest_route=%2Fwp%2Fv2%2Fproduct_tag&post=68040"}],"curies":[{"name":"wp","href":"https:\/\/api.w.org\/{rel}","templated":true}]}}