{"id":68046,"date":"2021-02-21T18:57:36","date_gmt":"2021-02-21T18:57:36","guid":{"rendered":"https:\/\/www.autonvaraosahaku.fi\/?product=ridex-458f0147-polttoainepumppu"},"modified":"2021-02-21T18:57:38","modified_gmt":"2021-02-21T18:57:38","slug":"ridex-458f0147-polttoainepumppu","status":"publish","type":"product","link":"https:\/\/www.autonvaraosahaku.fi\/?product=ridex-458f0147-polttoainepumppu","title":{"rendered":"RIDEX 458F0147 Polttoainepumppu"},"content":{"rendered":"<p>K\u00e4ytt\u00f6: S\u00e4hk\u00f6inen; J\u00e4nnite (V): 13,50; Sy\u00f6tt\u00f6m\u00e4\u00e4r\u00e4 (l\/min): 1,13; Paine (bar): 3,57; Lis\u00e4tarvike\/lis\u00e4tieto: Tiivisteill\u00e4; Paino [kg]: 0,65; Alustanumerosta: 0S100107; MAZDA: 323 C IV BG,FAMILIA IV BF,RX 7 II FC,323 III Hatchback BF,626 III GD,FAMILIA IV BG,626 III Hatchback GD,626 III Coupe GD,626 III Station Wagon GV,929 III HC,323 III BF,MPV I LV,323 III Station Wagon BW; SUZUKI: SWIFT II Schr\u00e4gheck EA, MA; HONDA: CRX II ED, EE,CIVIC IV Hatchback EC, ED, EE,PRELUDE IV BB,PRELUDE III BA,ACCORD IV CB,ACCORD V CC, CD,CIVIC IV Stufenheck ED,ACCORD III CA,LEGEND II Coupe KA8,ACCORD IV Aerodeck CB,ACCORD III Aerodeck CA,LEGEND II KA7,ACCORD IV Coupe CB, CC,LEGEND I Coupe KA3,LEGEND I HS, KA; LEXUS: ES F1, F2; FORD USA: PROBE I; TOYOTA: SUPRA JZA70_, GA70_, MA70,MR 2 II SW2_,STARLET _P8_,LAND CRUISER PZJ7_, KZJ7_, HZJ7_, BJ7_, LJ7_, RJ7_,LAND CRUISER 80 _J8_,PREVIA TCR2_, TCR1_,LAND CRUISER _J6_,HILUX V Pick-up LN_, KZN1_, VZN1_,4 RUNNER RN10_, VZN13_, VZN10_, RN13_,COROLLA Liftback _E9_,MR 2 I AW1_,CARINA II _T17_,CARINA II Stufenheck _T17_,COROLLA Coupe AE86,CELICA Liftback ST16_, AT16_,CAMRY _V2_,COROLLA Station Wagon _E9_,COROLLA _E9_,CELICA Coupe _A6_,4 RUNNER RN5_, LN5_, VZN6_, RN7_, RN6_,CARINA II Station Wagon _T17_,COROLLA FX Compact E8B,CELICA Cabriolet ST16_, AT16_,CAMRY Station Wagon _V2_,CELICA AT16_, ST16_,CAMRY Stufenheck _V1_; ROVER: 800 XS; DAIHATSU: CHARADE IV G200, G202,CHARADE III G100, G101, G102,APPLAUSE I A101, A111,CHARADE II G11, G30,CHARADE III Stufenheck G102; MITSUBISHI: ECLIPSE I D2_A,COLT III C5_A,GALANT IV E3_A,GALANT IV Stufenheck E3_A,GALANT III E1_A; 17040SD4000, 17040SM4A30, 17040SP0A30, 17040SS0A30, 17040SS0V30, 17708SD4013, 17708SD4023, 17708SD4033, 17708SE0931, 17708SE0933, 17708SE0934, 17708SE0935, 17708SE0936, 17708SE0S30, 17708SF1931, 17708SF1933, 17708SF1A31, 17708SF1S30, 17708SG0932, 17708SG0934, 17708SG0A30, 17708SG0S31, 17708SH2A31, 17708SH2S00, 17708SH3A31, 17708SH3A34, 17708SH3A36, 17708SH3A41, 17708SH3A42, 17708SH3S02, 17708SH5A30, 17708SH5A31, 17708SH5S00, 17708SL5A31, 17708SM4A32, 17708SP0A32, 2310087733, 2321087711, 2321087712, 2322087701, E8GY9350A, E92Z9350A, E92Z9350B, E9BZ9350A, F0BZ9350A, F1JY9350, F1JY9350A, 17040SD4000, 17040SM4A30, 17040SP0A30, 17040SS0A30, 17040SS0V30, 17708SD4013, 17708SD4023, 17708SD4033, 17708SE0931, 17708SE0932, 17708SE0933, 17708SE0934, 17708SE0935, 17708SE0936, 17708SE0S30, 17708SF1931, 17708SF1932, 17708SF1933, 17708SF1934, 17708SF1A31, 17708SF1S30, 17708SF1S31, 17708SG0932, 17708SG0934, 17708SG0A30, 17708SG0S31, 17708SH2A31, 17708SH2S00, 17708SH3A31, 17708SH3A32, 17708SH3A34, 177&#8230;<\/p>\n","protected":false},"excerpt":{"rendered":"<p>RIDEX Polttoainepumppu 458F0147  MAZDA,SUZUKI,HONDA,323 C IV BG,FAMILIA IV BF,RX 7 II FC,323 III Hatchback BF,626 III GD,FAMILIA IV BG<\/p>\n","protected":false},"featured_media":0,"template":"","meta":{"site-sidebar-layout":"default","site-content-layout":"default","ast-global-header-display":"","ast-main-header-display":"","ast-hfb-above-header-display":"","ast-hfb-below-header-display":"","ast-hfb-mobile-header-display":"","site-post-title":"","ast-breadcrumbs-content":"","ast-featured-img":"","footer-sml-layout":"","theme-transparent-header-meta":"","adv-header-id-meta":"","stick-header-meta":"","header-above-stick-meta":"","header-main-stick-meta":"","header-below-stick-meta":""},"pwb-brand":[157],"product_cat":[73],"product_tag":[],"class_list":{"0":"post-68046","1":"product","2":"type-product","3":"status-publish","5":"pwb-brand-ridex","6":"product_cat-polttoainepumppu","7":"desktop-align-left","8":"tablet-align-left","9":"mobile-align-left","11":"first","12":"instock","13":"product-type-external"},"brands":[{"id":157,"name":"RIDEX","slug":"ridex"}],"_links":{"self":[{"href":"https:\/\/www.autonvaraosahaku.fi\/index.php?rest_route=\/wp\/v2\/product\/68046","targetHints":{"allow":["GET"]}}],"collection":[{"href":"https:\/\/www.autonvaraosahaku.fi\/index.php?rest_route=\/wp\/v2\/product"}],"about":[{"href":"https:\/\/www.autonvaraosahaku.fi\/index.php?rest_route=\/wp\/v2\/types\/product"}],"wp:attachment":[{"href":"https:\/\/www.autonvaraosahaku.fi\/index.php?rest_route=%2Fwp%2Fv2%2Fmedia&parent=68046"}],"wp:term":[{"taxonomy":"pwb-brand","embeddable":true,"href":"https:\/\/www.autonvaraosahaku.fi\/index.php?rest_route=%2Fwp%2Fv2%2Fpwb-brand&post=68046"},{"taxonomy":"product_cat","embeddable":true,"href":"https:\/\/www.autonvaraosahaku.fi\/index.php?rest_route=%2Fwp%2Fv2%2Fproduct_cat&post=68046"},{"taxonomy":"product_tag","embeddable":true,"href":"https:\/\/www.autonvaraosahaku.fi\/index.php?rest_route=%2Fwp%2Fv2%2Fproduct_tag&post=68046"}],"curies":[{"name":"wp","href":"https:\/\/api.w.org\/{rel}","templated":true}]}}