{"id":68049,"date":"2021-02-21T18:57:36","date_gmt":"2021-02-21T18:57:36","guid":{"rendered":"https:\/\/www.autonvaraosahaku.fi\/?product=vemo-v24-70-0026-sytytysmoduuli"},"modified":"2021-02-21T18:57:39","modified_gmt":"2021-02-21T18:57:39","slug":"vemo-v24-70-0026-sytytysmoduuli","status":"publish","type":"product","link":"https:\/\/www.autonvaraosahaku.fi\/?product=vemo-v24-70-0026-sytytysmoduuli","title":{"rendered":"VEMO V24-70-0026 Sytytysmoduuli"},"content":{"rendered":"<p>Napojen m\u00e4\u00e4r\u00e4: 7; Paino [kg]: 0,045; Pakkausleveys [cm]: 4; Pakkauskorkeus [mm]: 6,7; Pakkaussyvyys [cm]: 6,8; lis\u00e4tieto: Original VEMO Quality; Alustanumerosta: P1000001; HYUNDAI: S COUPE SLC; ROVER: MINI; OPEL: ASTRA F CC 53_, 54_, 58_, 59_,ASTRA F Caravan 51_, 52_,CALIBRA A 85_,VECTRA A 86_, 87_,VECTRA A CC 88_, 89_; LANCIA: KAPPA 838A,THEMA 834,KAPPA SW 838B,ZETA 220,KAPPA Coupe 838,THEMA SW 834; FIAT: SEICENTO 187,PUNTO 176,MULTIPLA 186,ULYSSE 220,FIORINO Kasten 146,SEICENTO Van 187; CITRO\u00cbN: BERLINGO MF,BERLINGO Kasten M_,XM Y4,XANTIA X1,AX ZA-_,EVASION 22, U6,ZX N2,BX XB-_,XM Y3,XANTIA Break X1,ZX Break N2,XM Break Y4,BX Break XB-_,XM Break Y3; ALFA ROMEO: 164 164,145 930,155 167,146 930,33 907A,33 Sportwagon 907B; PEUGEOT: 106 II 1,306 Schr\u00e4gheck 7A, 7C, N3, N5,306 Cabriolet 7D, N3, N5,406 Break 8E\/F,106 I 1A, 1C,205 II 20A\/C,306 Break 7E, N3, N5,406 8B,806 221,306 7B, N3, N5,205 I Cabriolet 741B, 20D,309 II 3C, 3A,405 I 15B,605 6B,405 II 4B,405 II Break 4E,405 I Break 15E; PORSCHE: 911 993,911 Cabriolet 993,911 Targa 993; FERRARI: 348 ts\/GTS,348 tb\/GTB,MONDIAL,F355 Spider,F355 BERLINETTA,MONDIAL Cabriolet; 0605581530, 605581530, 12141461441, 1461441, 594554, 96073612, 9607361280, 137511, 60558153, 605581530, 60809477, 7648798, 76487980, 2736022020, 764898, 605581530, 60809477, 7648798, 51259190017, 1208074, 9044465, 90444650, 9044957, 90449574, 594554, 96073612, 9607361280, 99360270600, 99360270601, 1789356; Kytkent\u00e4laite, Sytytyslaite<\/p>\n","protected":false},"excerpt":{"rendered":"<p>VEMO Sytytysmoduuli V24-70-0026 Kytkent\u00e4laite, Sytytyslaite HYUNDAI,ROVER,OPEL,S COUPE SLC,MINI,ASTRA F CC 53_, 54_, 58_, 59_,ASTRA F Caravan 51_, 52_<\/p>\n","protected":false},"featured_media":0,"template":"","meta":{"site-sidebar-layout":"default","site-content-layout":"default","ast-global-header-display":"","ast-main-header-display":"","ast-hfb-above-header-display":"","ast-hfb-below-header-display":"","ast-hfb-mobile-header-display":"","site-post-title":"","ast-breadcrumbs-content":"","ast-featured-img":"","footer-sml-layout":"","theme-transparent-header-meta":"","adv-header-id-meta":"","stick-header-meta":"","header-above-stick-meta":"","header-main-stick-meta":"","header-below-stick-meta":""},"pwb-brand":[168],"product_cat":[317],"product_tag":[],"class_list":{"0":"post-68049","1":"product","2":"type-product","3":"status-publish","5":"pwb-brand-vemo","6":"product_cat-sytytysmoduuli","7":"desktop-align-left","8":"tablet-align-left","9":"mobile-align-left","11":"first","12":"instock","13":"product-type-external"},"brands":[{"id":168,"name":"VEMO","slug":"vemo"}],"_links":{"self":[{"href":"https:\/\/www.autonvaraosahaku.fi\/index.php?rest_route=\/wp\/v2\/product\/68049","targetHints":{"allow":["GET"]}}],"collection":[{"href":"https:\/\/www.autonvaraosahaku.fi\/index.php?rest_route=\/wp\/v2\/product"}],"about":[{"href":"https:\/\/www.autonvaraosahaku.fi\/index.php?rest_route=\/wp\/v2\/types\/product"}],"wp:attachment":[{"href":"https:\/\/www.autonvaraosahaku.fi\/index.php?rest_route=%2Fwp%2Fv2%2Fmedia&parent=68049"}],"wp:term":[{"taxonomy":"pwb-brand","embeddable":true,"href":"https:\/\/www.autonvaraosahaku.fi\/index.php?rest_route=%2Fwp%2Fv2%2Fpwb-brand&post=68049"},{"taxonomy":"product_cat","embeddable":true,"href":"https:\/\/www.autonvaraosahaku.fi\/index.php?rest_route=%2Fwp%2Fv2%2Fproduct_cat&post=68049"},{"taxonomy":"product_tag","embeddable":true,"href":"https:\/\/www.autonvaraosahaku.fi\/index.php?rest_route=%2Fwp%2Fv2%2Fproduct_tag&post=68049"}],"curies":[{"name":"wp","href":"https:\/\/api.w.org\/{rel}","templated":true}]}}