{"id":68062,"date":"2021-02-21T18:57:41","date_gmt":"2021-02-21T18:57:41","guid":{"rendered":"https:\/\/www.autonvaraosahaku.fi\/?product=hella-2ja-003-388-001-lisajarruvalo"},"modified":"2021-02-21T18:57:43","modified_gmt":"2021-02-21T18:57:43","slug":"hella-2ja-003-388-001-lisajarruvalo","status":"publish","type":"product","link":"https:\/\/www.autonvaraosahaku.fi\/?product=hella-2ja-003-388-001-lisajarruvalo","title":{"rendered":"HELLA 2JA 003 388-001 Lis\u00e4jarruvalo"},"content":{"rendered":"<p>Lis\u00e4tarvike\/lis\u00e4tieto: Lampun kannalla; Nimellisj\u00e4nnite (V): 12; Lyhtytoimintojen m\u00e4\u00e4r\u00e4: 1; Valotoiminto: sis\u00e4valolla; Valmistusvuosi alkaen: 09\/1979; BMW: 3 E36,3 E30,3 E21,3 Touring E30; 1363234, 1367353, 136735300, 63311363234, 63311367353<\/p>\n","protected":false},"excerpt":{"rendered":"<p>HELLA Sis\u00e4valo 2JA 003 388-001  BMW,3 E36,3 E30,3 E21,3 Touring E30<\/p>\n","protected":false},"featured_media":0,"template":"","meta":{"site-sidebar-layout":"default","site-content-layout":"default","ast-global-header-display":"","ast-main-header-display":"","ast-hfb-above-header-display":"","ast-hfb-below-header-display":"","ast-hfb-mobile-header-display":"","site-post-title":"","ast-breadcrumbs-content":"","ast-featured-img":"","footer-sml-layout":"","theme-transparent-header-meta":"","adv-header-id-meta":"","stick-header-meta":"","header-above-stick-meta":"","header-main-stick-meta":"","header-below-stick-meta":""},"pwb-brand":[24],"product_cat":[76],"product_tag":[],"class_list":{"0":"post-68062","1":"product","2":"type-product","3":"status-publish","5":"pwb-brand-hella","6":"product_cat-lisajarruvalo","7":"desktop-align-left","8":"tablet-align-left","9":"mobile-align-left","11":"first","12":"instock","13":"product-type-external"},"brands":[{"id":24,"name":"HELLA","slug":"hella"}],"_links":{"self":[{"href":"https:\/\/www.autonvaraosahaku.fi\/index.php?rest_route=\/wp\/v2\/product\/68062","targetHints":{"allow":["GET"]}}],"collection":[{"href":"https:\/\/www.autonvaraosahaku.fi\/index.php?rest_route=\/wp\/v2\/product"}],"about":[{"href":"https:\/\/www.autonvaraosahaku.fi\/index.php?rest_route=\/wp\/v2\/types\/product"}],"wp:attachment":[{"href":"https:\/\/www.autonvaraosahaku.fi\/index.php?rest_route=%2Fwp%2Fv2%2Fmedia&parent=68062"}],"wp:term":[{"taxonomy":"pwb-brand","embeddable":true,"href":"https:\/\/www.autonvaraosahaku.fi\/index.php?rest_route=%2Fwp%2Fv2%2Fpwb-brand&post=68062"},{"taxonomy":"product_cat","embeddable":true,"href":"https:\/\/www.autonvaraosahaku.fi\/index.php?rest_route=%2Fwp%2Fv2%2Fproduct_cat&post=68062"},{"taxonomy":"product_tag","embeddable":true,"href":"https:\/\/www.autonvaraosahaku.fi\/index.php?rest_route=%2Fwp%2Fv2%2Fproduct_tag&post=68062"}],"curies":[{"name":"wp","href":"https:\/\/api.w.org\/{rel}","templated":true}]}}