{"id":6808,"date":"2021-02-21T13:58:21","date_gmt":"2021-02-21T13:58:21","guid":{"rendered":"https:\/\/www.autonvaraosahaku.fi\/?product=sachs-316-950-iskunvaimennin"},"modified":"2021-02-21T13:58:21","modified_gmt":"2021-02-21T13:58:21","slug":"sachs-316-950-iskunvaimennin","status":"publish","type":"product","link":"https:\/\/www.autonvaraosahaku.fi\/?product=sachs-316-950-iskunvaimennin","title":{"rendered":"SACHS 316 950 Iskunvaimennin"},"content":{"rendered":"<p>Iskunvaimennusj\u00e4rjestelm\u00e4: Yksiputki; Iskunvaimennin tyyppi: Kaasupaine; Tunnusluku: ETXOV36\/13X97A; Iskunvaimennin asennustapa: Tappi ylh\u00e4\u00e4ll\u00e4, Haarukka alhaalla; Asennuspuoli: Vorderachse; MERCEDES-BENZ: E-CLASS W211,E-CLASS T-Model S211; 2113200013, 2113200113, 2113200213, 2113201013, 2113201113, 2113201838, 2113201913, 2113202138, 2113202238, 2113202338, 2113203513, 2113203613, 2113203713, 2113203813, 2113203913, 2113204013, 2113205613, 2113205713, 2113205813, 2113206613, 2113206913, 2113207013, 2113207913, 2113208013, 2113208113, 2113209813, 2113209913, 2113231800, 2113235100, 2113235600, 2113239200, A2113200013, A2113200113, A2113200213, A2113201013, A2113201113, A2113201838, A2113201913, A2113202138, A2113202238, A2113202338, A2113203513, A2113203613, A2113203713, A2113203813, A2113203913, A2113204013, A2113205613, A2113205713, A2113205813, A2113206613, A2113206913, A2113207013, A2113207913, A2113208013, A2113208113, A2113209813, A2113209913, A2113231800, A2113235100, A2113235600, A2113239200; Iskarit,Iskunvaimennin<\/p>\n","protected":false},"excerpt":{"rendered":"<p>SACHS Iskunvaimentimet 316 950 Iskarit,Iskunvaimennin MERCEDES-BENZ,E-CLASS W211,E-CLASS T-Model S211<\/p>\n","protected":false},"featured_media":0,"template":"","meta":{"site-sidebar-layout":"default","site-content-layout":"default","ast-global-header-display":"","ast-main-header-display":"","ast-hfb-above-header-display":"","ast-hfb-below-header-display":"","ast-hfb-mobile-header-display":"","site-post-title":"","ast-breadcrumbs-content":"","ast-featured-img":"","footer-sml-layout":"","theme-transparent-header-meta":"","adv-header-id-meta":"","stick-header-meta":"","header-above-stick-meta":"","header-main-stick-meta":"","header-below-stick-meta":""},"pwb-brand":[91],"product_cat":[80],"product_tag":[],"class_list":{"0":"post-6808","1":"product","2":"type-product","3":"status-publish","5":"pwb-brand-sachs","6":"product_cat-iskunvaimennin","7":"desktop-align-left","8":"tablet-align-left","9":"mobile-align-left","11":"first","12":"instock","13":"product-type-external"},"brands":[{"id":91,"name":"SACHS","slug":"sachs"}],"_links":{"self":[{"href":"https:\/\/www.autonvaraosahaku.fi\/index.php?rest_route=\/wp\/v2\/product\/6808","targetHints":{"allow":["GET"]}}],"collection":[{"href":"https:\/\/www.autonvaraosahaku.fi\/index.php?rest_route=\/wp\/v2\/product"}],"about":[{"href":"https:\/\/www.autonvaraosahaku.fi\/index.php?rest_route=\/wp\/v2\/types\/product"}],"wp:attachment":[{"href":"https:\/\/www.autonvaraosahaku.fi\/index.php?rest_route=%2Fwp%2Fv2%2Fmedia&parent=6808"}],"wp:term":[{"taxonomy":"pwb-brand","embeddable":true,"href":"https:\/\/www.autonvaraosahaku.fi\/index.php?rest_route=%2Fwp%2Fv2%2Fpwb-brand&post=6808"},{"taxonomy":"product_cat","embeddable":true,"href":"https:\/\/www.autonvaraosahaku.fi\/index.php?rest_route=%2Fwp%2Fv2%2Fproduct_cat&post=6808"},{"taxonomy":"product_tag","embeddable":true,"href":"https:\/\/www.autonvaraosahaku.fi\/index.php?rest_route=%2Fwp%2Fv2%2Fproduct_tag&post=6808"}],"curies":[{"name":"wp","href":"https:\/\/api.w.org\/{rel}","templated":true}]}}