{"id":68081,"date":"2021-02-21T18:57:47","date_gmt":"2021-02-21T18:57:47","guid":{"rendered":"https:\/\/www.autonvaraosahaku.fi\/?product=hella-8xy-007-747-001-polttoainetankin-korkki"},"modified":"2021-02-21T18:57:48","modified_gmt":"2021-02-21T18:57:48","slug":"hella-8xy-007-747-001-polttoainetankin-korkki","status":"publish","type":"product","link":"https:\/\/www.autonvaraosahaku.fi\/?product=hella-8xy-007-747-001-polttoainetankin-korkki","title":{"rendered":"HELLA 8XY 007 747-001 Polttoainetankin korkki"},"content":{"rendered":"<p>Korvaava tuote\/korvaava tiedote 2: ilman pidikehihnaa; Ulkol\u00e4pimitta [mm]: 66; V\u00e4ri: Musta; Sis\u00e4l\u00e4pimitta 1 [mm]: 37; Materiaali: Muovi; Lukkolaite: Lukolla, Avaimella; RENAULT: TWINGO I C06_,CLIO II BB0\/1\/2_, CB0\/1\/2_,SC\u00c9NIC I JA0\/1_,ESPACE III JE0_,MEGANE Scenic JA0\/1_,MEGANE I BA0\/1_,MEGANE I Grandtour KA0\/1_,MEGANE I Cabriolet EA0\/1_,LAGUNA I Grandtour K56_,TWINGO I Kasten S06_,MEGANE I Classic LA0\/1_,MEGANE I Coach DA0\/1_,CLIO II Kasten SB0\/1\/2_,ESPACE II J\/S63_,SAFRANE II B54_,SAFRANE I B54_; 7701367381, 7701367884; Tankin Korkki,Korkki, Polttoainetankki<\/p>\n","protected":false},"excerpt":{"rendered":"<p>HELLA Polttoainetankin Korkki 8XY 007 747-001 Tankin Korkki,Korkki, Polttoainetankki RENAULT,TWINGO I C06_,CLIO II BB0\/1\/2_, CB0\/1\/2_,SC\u00c9NIC I JA0\/1_<\/p>\n","protected":false},"featured_media":0,"template":"","meta":{"site-sidebar-layout":"default","site-content-layout":"default","ast-global-header-display":"","ast-main-header-display":"","ast-hfb-above-header-display":"","ast-hfb-below-header-display":"","ast-hfb-mobile-header-display":"","site-post-title":"","ast-breadcrumbs-content":"","ast-featured-img":"","footer-sml-layout":"","theme-transparent-header-meta":"","adv-header-id-meta":"","stick-header-meta":"","header-above-stick-meta":"","header-main-stick-meta":"","header-below-stick-meta":""},"pwb-brand":[24],"product_cat":[105],"product_tag":[],"class_list":{"0":"post-68081","1":"product","2":"type-product","3":"status-publish","5":"pwb-brand-hella","6":"product_cat-polttoainetankin-korkki","7":"desktop-align-left","8":"tablet-align-left","9":"mobile-align-left","11":"first","12":"instock","13":"product-type-external"},"brands":[{"id":24,"name":"HELLA","slug":"hella"}],"_links":{"self":[{"href":"https:\/\/www.autonvaraosahaku.fi\/index.php?rest_route=\/wp\/v2\/product\/68081","targetHints":{"allow":["GET"]}}],"collection":[{"href":"https:\/\/www.autonvaraosahaku.fi\/index.php?rest_route=\/wp\/v2\/product"}],"about":[{"href":"https:\/\/www.autonvaraosahaku.fi\/index.php?rest_route=\/wp\/v2\/types\/product"}],"wp:attachment":[{"href":"https:\/\/www.autonvaraosahaku.fi\/index.php?rest_route=%2Fwp%2Fv2%2Fmedia&parent=68081"}],"wp:term":[{"taxonomy":"pwb-brand","embeddable":true,"href":"https:\/\/www.autonvaraosahaku.fi\/index.php?rest_route=%2Fwp%2Fv2%2Fpwb-brand&post=68081"},{"taxonomy":"product_cat","embeddable":true,"href":"https:\/\/www.autonvaraosahaku.fi\/index.php?rest_route=%2Fwp%2Fv2%2Fproduct_cat&post=68081"},{"taxonomy":"product_tag","embeddable":true,"href":"https:\/\/www.autonvaraosahaku.fi\/index.php?rest_route=%2Fwp%2Fv2%2Fproduct_tag&post=68081"}],"curies":[{"name":"wp","href":"https:\/\/api.w.org\/{rel}","templated":true}]}}