{"id":68089,"date":"2021-02-21T18:57:47","date_gmt":"2021-02-21T18:57:47","guid":{"rendered":"https:\/\/www.autonvaraosahaku.fi\/?product=hella-8ga-002-071-361-lamput-hehkulamppu"},"modified":"2021-02-21T18:57:50","modified_gmt":"2021-02-21T18:57:50","slug":"hella-8ga-002-071-361-lamput-hehkulamppu","status":"publish","type":"product","link":"https:\/\/www.autonvaraosahaku.fi\/?product=hella-8ga-002-071-361-lamput-hehkulamppu","title":{"rendered":"HELLA 8GA 002 071-361 Lamput (hehkulamppu)"},"content":{"rendered":"<p>Lamppumalli: R5W; J\u00e4nnite (V): 24; Nimellisteho (W): 5; M\u00e4\u00e4r\u00e4: 10; Tarkistuskilpi: E1; Kantamalli: BA15d; Asennuspuoli: Edess\u00e4 ja takana; Pakkaustyyppi: Laatikko; MERCEDES-BENZ: VARIO Kasten\/Kombi,VARIO Pritsche\/Fahrgestell,VARIO Kipper,VARIO Bus,VARIO Triebkopf,ATEGO,MK,SK,TOURINO (O 510); VOLVO: B12,B7,F10,F12,F16,FH12,FH16,FL10,FL12,FL6,FL7,FLC,FM,FM10,FM12,FM7,FM9,FMX II,FS7,NH12; IVECO: EUROCARGO I-III,EUROSTAR,EUROTECH MH,EUROTECH MP,EUROTECH MT,EUROTRAKKER,STRALIS,TECTOR,TRAKKER,TURBOTECH; SCANIA: 3 &#8211; series,3 &#8211; series bus,4 &#8211; series,L,P,G,R,S &#8211; series,P,G,R,T &#8211; series; RENAULT TRUCKS: KERAX,MAGNUM,MAXTER,MIDLINER,PREMIUM; MAN: F2000,F9,F90,F90 Unterflur,G90,L2000,LION\u00b4S COACH,LION\u00b4S COMFORT,M 2000 L,M 2000 M,M90,NL,N\u00dc,TGA,TGL,TGM,\u00dcL; IRISBUS: ARWAY,CROSSWAY,DAILY TOURYS,EVADYS,MAGELYS,RECREO; DAF: 45,55,65 CF,75,75 CF,85 CF,95 XF,CF,CF 65,CF 75,CF 85,LF,LF 45,LF 55,XF,XF 95; 5006143345<\/p>\n","protected":false},"excerpt":{"rendered":"<p>HELLA Polttimo HEAVY DUTY 8GA 002 071-361  MERCEDES-BENZ,VOLVO,IVECO,VARIO Kasten\/Kombi,VARIO Pritsche\/Fahrgestell,VARIO Kipper,VARIO Bus<\/p>\n","protected":false},"featured_media":0,"template":"","meta":{"site-sidebar-layout":"default","site-content-layout":"default","ast-global-header-display":"","ast-main-header-display":"","ast-hfb-above-header-display":"","ast-hfb-below-header-display":"","ast-hfb-mobile-header-display":"","site-post-title":"","ast-breadcrumbs-content":"","ast-featured-img":"","footer-sml-layout":"","theme-transparent-header-meta":"","adv-header-id-meta":"","stick-header-meta":"","header-above-stick-meta":"","header-main-stick-meta":"","header-below-stick-meta":""},"pwb-brand":[24],"product_cat":[151],"product_tag":[],"class_list":{"0":"post-68089","1":"product","2":"type-product","3":"status-publish","5":"pwb-brand-hella","6":"product_cat-lamput-hehkulamppu","7":"desktop-align-left","8":"tablet-align-left","9":"mobile-align-left","11":"first","12":"instock","13":"product-type-external"},"brands":[{"id":24,"name":"HELLA","slug":"hella"}],"_links":{"self":[{"href":"https:\/\/www.autonvaraosahaku.fi\/index.php?rest_route=\/wp\/v2\/product\/68089","targetHints":{"allow":["GET"]}}],"collection":[{"href":"https:\/\/www.autonvaraosahaku.fi\/index.php?rest_route=\/wp\/v2\/product"}],"about":[{"href":"https:\/\/www.autonvaraosahaku.fi\/index.php?rest_route=\/wp\/v2\/types\/product"}],"wp:attachment":[{"href":"https:\/\/www.autonvaraosahaku.fi\/index.php?rest_route=%2Fwp%2Fv2%2Fmedia&parent=68089"}],"wp:term":[{"taxonomy":"pwb-brand","embeddable":true,"href":"https:\/\/www.autonvaraosahaku.fi\/index.php?rest_route=%2Fwp%2Fv2%2Fpwb-brand&post=68089"},{"taxonomy":"product_cat","embeddable":true,"href":"https:\/\/www.autonvaraosahaku.fi\/index.php?rest_route=%2Fwp%2Fv2%2Fproduct_cat&post=68089"},{"taxonomy":"product_tag","embeddable":true,"href":"https:\/\/www.autonvaraosahaku.fi\/index.php?rest_route=%2Fwp%2Fv2%2Fproduct_tag&post=68089"}],"curies":[{"name":"wp","href":"https:\/\/api.w.org\/{rel}","templated":true}]}}