{"id":6811,"date":"2021-02-21T13:58:21","date_gmt":"2021-02-21T13:58:21","guid":{"rendered":"https:\/\/www.autonvaraosahaku.fi\/?product=sachs-315-872-iskunvaimennin"},"modified":"2021-02-21T13:58:22","modified_gmt":"2021-02-21T13:58:22","slug":"sachs-315-872-iskunvaimennin","status":"publish","type":"product","link":"https:\/\/www.autonvaraosahaku.fi\/?product=sachs-315-872-iskunvaimennin","title":{"rendered":"SACHS 315 872 Iskunvaimennin"},"content":{"rendered":"<p>Iskunvaimennusj\u00e4rjestelm\u00e4: Kaksiputki; Iskunvaimennin tyyppi: Kaasupaine; Tunnusluku: SEOV32\/15X161A; Iskunvaimennin asennustapa: Tappi ylh\u00e4\u00e4ll\u00e4, Silmukka alhaalla; Asennuspuoli: Hinterachse; BMW: 1 F20,3 Touring F31,3 F30, F35, F80,1 F21,3 Gran Turismo F34,4 Coupe F32, F82,2 Coupe F22,4 Cabriolet F33, F83,4 Gran Coupe F36; 33526791562, 33526791565, 33526791568, 33526791569, 33526791570, 33526791588, 33526791589, 33526799585, 33526850915, 33526850916, 33526854692, 33526856705, 33526856710, 33526860328, 33526862172, 33526866111, 33526868654, 33526868660, 33526871091, 33526871928, 33526873722, 33526873727, 33526873753, 33526873764, 33526873775, 33526873788, 33526873791, 33526873799, 33526873802, 33526873822, 33526873825, 33526873826, 33526874380, 33526883337, 33526883839, 33526885877, 33536791572, 33536856706, 33536868656, 6791562, 6791565, 6791568, 6791569, 6791570, 6791572, 6791588, 6791589, 6799585, 6850915, 6850916, 6854692, 6856705, 6856706, 6856710, 6860328, 6862172, 6866111, 6868654, 6868656, 6868660, 6871091, 6871928, 6873722, 6873727, 6873753, 6873764, 6873775, 6873788, 6873791, 6873799, 6873802, 6873822, 6873825, 6873826, 6874380, 6883337, 6883839, 6885877; Iskarit,Iskunvaimennin<\/p>\n","protected":false},"excerpt":{"rendered":"<p>SACHS Iskunvaimentimet 315 872 Iskarit,Iskunvaimennin BMW,1 F20,3 Touring F31,3 F30, F35, F80,1 F21,3 Gran Turismo F34,4 Coupe F32, F82,2 Coupe F22<\/p>\n","protected":false},"featured_media":0,"template":"","meta":{"site-sidebar-layout":"default","site-content-layout":"default","ast-global-header-display":"","ast-main-header-display":"","ast-hfb-above-header-display":"","ast-hfb-below-header-display":"","ast-hfb-mobile-header-display":"","site-post-title":"","ast-breadcrumbs-content":"","ast-featured-img":"","footer-sml-layout":"","theme-transparent-header-meta":"","adv-header-id-meta":"","stick-header-meta":"","header-above-stick-meta":"","header-main-stick-meta":"","header-below-stick-meta":""},"pwb-brand":[91],"product_cat":[80],"product_tag":[],"class_list":{"0":"post-6811","1":"product","2":"type-product","3":"status-publish","5":"pwb-brand-sachs","6":"product_cat-iskunvaimennin","7":"desktop-align-left","8":"tablet-align-left","9":"mobile-align-left","11":"first","12":"instock","13":"product-type-external"},"brands":[{"id":91,"name":"SACHS","slug":"sachs"}],"_links":{"self":[{"href":"https:\/\/www.autonvaraosahaku.fi\/index.php?rest_route=\/wp\/v2\/product\/6811","targetHints":{"allow":["GET"]}}],"collection":[{"href":"https:\/\/www.autonvaraosahaku.fi\/index.php?rest_route=\/wp\/v2\/product"}],"about":[{"href":"https:\/\/www.autonvaraosahaku.fi\/index.php?rest_route=\/wp\/v2\/types\/product"}],"wp:attachment":[{"href":"https:\/\/www.autonvaraosahaku.fi\/index.php?rest_route=%2Fwp%2Fv2%2Fmedia&parent=6811"}],"wp:term":[{"taxonomy":"pwb-brand","embeddable":true,"href":"https:\/\/www.autonvaraosahaku.fi\/index.php?rest_route=%2Fwp%2Fv2%2Fpwb-brand&post=6811"},{"taxonomy":"product_cat","embeddable":true,"href":"https:\/\/www.autonvaraosahaku.fi\/index.php?rest_route=%2Fwp%2Fv2%2Fproduct_cat&post=6811"},{"taxonomy":"product_tag","embeddable":true,"href":"https:\/\/www.autonvaraosahaku.fi\/index.php?rest_route=%2Fwp%2Fv2%2Fproduct_tag&post=6811"}],"curies":[{"name":"wp","href":"https:\/\/api.w.org\/{rel}","templated":true}]}}