{"id":68143,"date":"2021-02-21T18:58:02","date_gmt":"2021-02-21T18:58:02","guid":{"rendered":"https:\/\/www.autonvaraosahaku.fi\/?product=elring-819-840-kannen-pultit"},"modified":"2021-02-21T18:58:04","modified_gmt":"2021-02-21T18:58:04","slug":"elring-819-840-kannen-pultit","status":"publish","type":"product","link":"https:\/\/www.autonvaraosahaku.fi\/?product=elring-819-840-kannen-pultit","title":{"rendered":"ELRING 819.840 Kannen pultit"},"content":{"rendered":"<p>Kierremitta: M 11&#215;1,5&#215;148; Ruuvikanta\/mutteriprofiili: Hammastettu, sis\u00e4, Hammastettu, sis\u00e4; Avainv\u00e4li: X &#8211; M 12, X &#8211; M 12; Moottorinumeroon: ACE 017543; VW: GOLF III 1H1,SHARAN 7M8, 7M9, 7M6,GOLF II 19E, 1G1,PASSAT Variant 3A5, 35I,PASSAT 3A2, 35I,CORRADO 53I,SCIROCCO 53B,JETTA II 19E, 1G2, 165; AUDI: 80 8C, B4,80 89, 89Q, 8A, B3,CABRIOLET 8G7, B4,100 4A, C4,80 Avant 8C, B4,A6 Avant 4A, C4,A6 4A, C4,COUPE 89, 8B,100 Avant 4A, C4,90 89, 89Q, 8A, B3; SEAT: IBIZA II 6K1,CORDOBA 6K1, 6K2,TOLEDO I 1L; Sylinterikannen Pultit,Syl.Kannen Pulttisarja<\/p>\n","protected":false},"excerpt":{"rendered":"<p>ELRING Kannen Pultit 819.840 Sylinterikannen Pultit,Syl.Kannen Pulttisarja VW,AUDI,SEAT,GOLF III 1H1,SHARAN 7M8, 7M9, 7M6,GOLF II 19E, 1G1<\/p>\n","protected":false},"featured_media":0,"template":"","meta":{"site-sidebar-layout":"default","site-content-layout":"default","ast-global-header-display":"","ast-main-header-display":"","ast-hfb-above-header-display":"","ast-hfb-below-header-display":"","ast-hfb-mobile-header-display":"","site-post-title":"","ast-breadcrumbs-content":"","ast-featured-img":"","footer-sml-layout":"","theme-transparent-header-meta":"","adv-header-id-meta":"","stick-header-meta":"","header-above-stick-meta":"","header-main-stick-meta":"","header-below-stick-meta":""},"pwb-brand":[26],"product_cat":[67],"product_tag":[],"class_list":{"0":"post-68143","1":"product","2":"type-product","3":"status-publish","5":"pwb-brand-elring","6":"product_cat-kannen-pultit","7":"desktop-align-left","8":"tablet-align-left","9":"mobile-align-left","11":"first","12":"instock","13":"product-type-external"},"brands":[{"id":26,"name":"ELRING","slug":"elring"}],"_links":{"self":[{"href":"https:\/\/www.autonvaraosahaku.fi\/index.php?rest_route=\/wp\/v2\/product\/68143","targetHints":{"allow":["GET"]}}],"collection":[{"href":"https:\/\/www.autonvaraosahaku.fi\/index.php?rest_route=\/wp\/v2\/product"}],"about":[{"href":"https:\/\/www.autonvaraosahaku.fi\/index.php?rest_route=\/wp\/v2\/types\/product"}],"wp:attachment":[{"href":"https:\/\/www.autonvaraosahaku.fi\/index.php?rest_route=%2Fwp%2Fv2%2Fmedia&parent=68143"}],"wp:term":[{"taxonomy":"pwb-brand","embeddable":true,"href":"https:\/\/www.autonvaraosahaku.fi\/index.php?rest_route=%2Fwp%2Fv2%2Fpwb-brand&post=68143"},{"taxonomy":"product_cat","embeddable":true,"href":"https:\/\/www.autonvaraosahaku.fi\/index.php?rest_route=%2Fwp%2Fv2%2Fproduct_cat&post=68143"},{"taxonomy":"product_tag","embeddable":true,"href":"https:\/\/www.autonvaraosahaku.fi\/index.php?rest_route=%2Fwp%2Fv2%2Fproduct_tag&post=68143"}],"curies":[{"name":"wp","href":"https:\/\/api.w.org\/{rel}","templated":true}]}}