{"id":68150,"date":"2021-02-21T18:58:02","date_gmt":"2021-02-21T18:58:02","guid":{"rendered":"https:\/\/www.autonvaraosahaku.fi\/?product=pierburg-7-01132-12-0-muut-luokat"},"modified":"2021-02-21T18:58:06","modified_gmt":"2021-02-21T18:58:06","slug":"pierburg-7-01132-12-0-muut-luokat","status":"publish","type":"product","link":"https:\/\/www.autonvaraosahaku.fi\/?product=pierburg-7-01132-12-0-muut-luokat","title":{"rendered":"PIERBURG 7.01132.12.0 Muut luokat"},"content":{"rendered":"<p>K\u00e4ytt\u00f6: S\u00e4hk\u00f6inen; J\u00e4nnite (V): 12; Teknisten tietojen numero: PI 1019; TECDOC-moottorinumero: 23792; MERCEDES-BENZ: C-CLASS W204,C-CLASS T-Model S204,E-CLASS T-Model S211,E-CLASS W212,VIANO W639,M-CLASS W164,E-CLASS T-Model S212,GLK-CLASS X204,VITO Bus W639,CLK C209,VITO \/ MIXTO Kasten W639,S-CLASS W221,CLS C219,R-CLASS W251, V251,M-CLASS W166,G-CLASS W463,E-CLASS Coupe C207,CLK Cabriolet A209,E-CLASS Cabriolet A207,GL-CLASS X164,CLS C218,CLS Shooting Brake X218,S-CLASS W222, V222, X222,GL-CLASS X166,G-CLASS Cabrio W463,E-CLASS W213,GLC X253,E-CLASS T-Model S213,GLE W166,GLC Coupe C253,GLE Coupe C292,GLS X166,E-CLASS Coupe C238,E-CLASS Cabriolet A238,X-CLASS 470,E-CLASS All-Terrain S213; CHRYSLER: 300 C Touring LX,300 C LX; 6420907737, 6421500594, 6421500694, A6420907737, A6421500594, A6421500694<\/p>\n","protected":false},"excerpt":{"rendered":"<p>PIERBURG S\u00e4\u00e4din, Kiertol\u00e4pp\u00e4 (Imuputki) 7.01132.12.0  MERCEDES-BENZ,CHRYSLER,C-CLASS W204,C-CLASS T-Model S204,E-CLASS T-Model S211,E-CLASS W212<\/p>\n","protected":false},"featured_media":0,"template":"","meta":{"site-sidebar-layout":"default","site-content-layout":"default","ast-global-header-display":"","ast-main-header-display":"","ast-hfb-above-header-display":"","ast-hfb-below-header-display":"","ast-hfb-mobile-header-display":"","site-post-title":"","ast-breadcrumbs-content":"","ast-featured-img":"","footer-sml-layout":"","theme-transparent-header-meta":"","adv-header-id-meta":"","stick-header-meta":"","header-above-stick-meta":"","header-main-stick-meta":"","header-below-stick-meta":""},"pwb-brand":[380],"product_cat":[37],"product_tag":[],"class_list":{"0":"post-68150","1":"product","2":"type-product","3":"status-publish","5":"pwb-brand-pierburg","6":"product_cat-muut-luokat","7":"desktop-align-left","8":"tablet-align-left","9":"mobile-align-left","11":"first","12":"instock","13":"product-type-external"},"brands":[{"id":380,"name":"PIERBURG","slug":"pierburg"}],"_links":{"self":[{"href":"https:\/\/www.autonvaraosahaku.fi\/index.php?rest_route=\/wp\/v2\/product\/68150","targetHints":{"allow":["GET"]}}],"collection":[{"href":"https:\/\/www.autonvaraosahaku.fi\/index.php?rest_route=\/wp\/v2\/product"}],"about":[{"href":"https:\/\/www.autonvaraosahaku.fi\/index.php?rest_route=\/wp\/v2\/types\/product"}],"wp:attachment":[{"href":"https:\/\/www.autonvaraosahaku.fi\/index.php?rest_route=%2Fwp%2Fv2%2Fmedia&parent=68150"}],"wp:term":[{"taxonomy":"pwb-brand","embeddable":true,"href":"https:\/\/www.autonvaraosahaku.fi\/index.php?rest_route=%2Fwp%2Fv2%2Fpwb-brand&post=68150"},{"taxonomy":"product_cat","embeddable":true,"href":"https:\/\/www.autonvaraosahaku.fi\/index.php?rest_route=%2Fwp%2Fv2%2Fproduct_cat&post=68150"},{"taxonomy":"product_tag","embeddable":true,"href":"https:\/\/www.autonvaraosahaku.fi\/index.php?rest_route=%2Fwp%2Fv2%2Fproduct_tag&post=68150"}],"curies":[{"name":"wp","href":"https:\/\/api.w.org\/{rel}","templated":true}]}}