{"id":68170,"date":"2021-02-21T18:58:08","date_gmt":"2021-02-21T18:58:08","guid":{"rendered":"https:\/\/www.autonvaraosahaku.fi\/?product=beru-zs400-sytytyspuola"},"modified":"2021-02-21T18:58:12","modified_gmt":"2021-02-21T18:58:12","slug":"beru-zs400-sytytyspuola","status":"publish","type":"product","link":"https:\/\/www.autonvaraosahaku.fi\/?product=beru-zs400-sytytyspuola","title":{"rendered":"BERU ZS400 Sytytyspuola"},"content":{"rendered":"<p>Liittimet: DIN+Bracket; Sytytyspuola: Liit\u00e4nt\u00e4 DIN; Liittimi\u00e4: 1; J\u00e4nnite (V): 12; Tarvittava kappalem\u00e4\u00e4r\u00e4: 1; Varusteet: ajoneuvoille virranjakajalla; V\u00e4ri: Sininen; Valmistusvuosi alkaen: 08\/1978; BMW: 6 E24,3 E21,7 E23,5 E12; VOLVO: 240 Kombi P245,240 P242, P244,760 704, 764,760 Kombi 704, 765,260 P262, P264,260 Coupe P262,260 Kombi P265; MERCEDES-BENZ: SL R107,Stufenheck W123,S-CLASS W126,COUPE C123,S-CLASS W108, W109,S-CLASS W116,KOMBI Kombi S123,SL Coupe C107; PORSCHE: 928; ALPINE: A310; 12131360671, 12131363629, 12141360672, 12141360675, 7400269207, 0001582403, 0001582803, 0001584303, 000158430367, 597017, 92860250300, 92860270202, 269207, 464324, 9438230<\/p>\n","protected":false},"excerpt":{"rendered":"<p>BERU Sytytyspuola ZS400  BMW,VOLVO,MERCEDES-BENZ,6 E24,3 E21,7 E23,5 E12,240 Kombi P245,240 P242, P244,760 704, 764,760 Kombi 704, 765,260 P262, P264<\/p>\n","protected":false},"featured_media":0,"template":"","meta":{"site-sidebar-layout":"default","site-content-layout":"default","ast-global-header-display":"","ast-main-header-display":"","ast-hfb-above-header-display":"","ast-hfb-below-header-display":"","ast-hfb-mobile-header-display":"","site-post-title":"","ast-breadcrumbs-content":"","ast-featured-img":"","footer-sml-layout":"","theme-transparent-header-meta":"","adv-header-id-meta":"","stick-header-meta":"","header-above-stick-meta":"","header-main-stick-meta":"","header-below-stick-meta":""},"pwb-brand":[327],"product_cat":[25],"product_tag":[],"class_list":{"0":"post-68170","1":"product","2":"type-product","3":"status-publish","5":"pwb-brand-beru","6":"product_cat-sytytyspuola","7":"desktop-align-left","8":"tablet-align-left","9":"mobile-align-left","11":"first","12":"instock","13":"product-type-external"},"brands":[{"id":327,"name":"BERU","slug":"beru"}],"_links":{"self":[{"href":"https:\/\/www.autonvaraosahaku.fi\/index.php?rest_route=\/wp\/v2\/product\/68170","targetHints":{"allow":["GET"]}}],"collection":[{"href":"https:\/\/www.autonvaraosahaku.fi\/index.php?rest_route=\/wp\/v2\/product"}],"about":[{"href":"https:\/\/www.autonvaraosahaku.fi\/index.php?rest_route=\/wp\/v2\/types\/product"}],"wp:attachment":[{"href":"https:\/\/www.autonvaraosahaku.fi\/index.php?rest_route=%2Fwp%2Fv2%2Fmedia&parent=68170"}],"wp:term":[{"taxonomy":"pwb-brand","embeddable":true,"href":"https:\/\/www.autonvaraosahaku.fi\/index.php?rest_route=%2Fwp%2Fv2%2Fpwb-brand&post=68170"},{"taxonomy":"product_cat","embeddable":true,"href":"https:\/\/www.autonvaraosahaku.fi\/index.php?rest_route=%2Fwp%2Fv2%2Fproduct_cat&post=68170"},{"taxonomy":"product_tag","embeddable":true,"href":"https:\/\/www.autonvaraosahaku.fi\/index.php?rest_route=%2Fwp%2Fv2%2Fproduct_tag&post=68170"}],"curies":[{"name":"wp","href":"https:\/\/api.w.org\/{rel}","templated":true}]}}