{"id":68188,"date":"2021-02-21T18:58:14","date_gmt":"2021-02-21T18:58:14","guid":{"rendered":"https:\/\/www.autonvaraosahaku.fi\/?product=eberspacher-8-91-7-29-pakoputken-asennussarja"},"modified":"2021-02-21T18:58:16","modified_gmt":"2021-02-21T18:58:16","slug":"eberspacher-8-91-7-29-pakoputken-asennussarja","status":"publish","type":"product","link":"https:\/\/www.autonvaraosahaku.fi\/?product=eberspacher-8-91-7-29-pakoputken-asennussarja","title":{"rendered":"EBERSP\u00c4CHER 8.91.7.29 Pakoputken asennussarja"},"content":{"rendered":"<p>L\u00e4pimitta [mm]: 69; Putkiliitokset: Kiristin; Tarvittava kappalem\u00e4\u00e4r\u00e4: 2; MERCEDES-BENZ: SPRINTER 3,5-t Kasten 906,SPRINTER 3,5-t Bus 906,SPRINTER 3-t Kasten 906,SPRINTER 3,5-t Pritsche\/Fahrgestell 906,SPRINTER 3-t Bus 906,SPRINTER 3-t Pritsche\/Fahrgestell 906; OPEL: VIVARO Kasten F7,VIVARO Combi J7,ARENA Kasten TB, TF; FORD: GRANADA GU; RENAULT: CLIO II BB0\/1\/2_, CB0\/1\/2_,KANGOO KC0\/1_,LAGUNA II Grandtour KG0\/1_,SC\u00c9NIC I JA0\/1_,ESPACE III JE0_,MEGANE Scenic JA0\/1_,LAGUNA II BG0\/1_,MEGANE I BA0\/1_,KANGOO Express FC0\/1_,MEGANE I Grandtour KA0\/1_,MEGANE I Cabriolet EA0\/1_,LAGUNA I B56_, 556_,CLIO I B\/C57_, 5\/357_,LAGUNA I Grandtour K56_,MEGANE I Classic LA0\/1_,MEGANE I Coach DA0\/1_,VEL SATIS BJ0_,RAPID Kasten F40_, G40_,SAFRANE II B54_,TRAFIC Bus TXW,21 Stufenheck L48_,21 Kombi K48_,21 B48_; HYUNDAI: i20 PB, PBT; Putkenliitin, Pakoputkisto<\/p>\n","protected":false},"excerpt":{"rendered":"<p>EBERSP\u00c4CHER Pakoputken Kiristin 8.91.7.29 Putkenliitin, Pakoputkisto MERCEDES-BENZ,OPEL,FORD,SPRINTER 3,5-t Kasten 906,SPRINTER 3,5-t Bus 906<\/p>\n","protected":false},"featured_media":0,"template":"","meta":{"site-sidebar-layout":"default","site-content-layout":"default","ast-global-header-display":"","ast-main-header-display":"","ast-hfb-above-header-display":"","ast-hfb-below-header-display":"","ast-hfb-mobile-header-display":"","site-post-title":"","ast-breadcrumbs-content":"","ast-featured-img":"","footer-sml-layout":"","theme-transparent-header-meta":"","adv-header-id-meta":"","stick-header-meta":"","header-above-stick-meta":"","header-main-stick-meta":"","header-below-stick-meta":""},"pwb-brand":[487],"product_cat":[101],"product_tag":[],"class_list":{"0":"post-68188","1":"product","2":"type-product","3":"status-publish","5":"pwb-brand-eberspacher","6":"product_cat-pakoputken-asennussarja","7":"desktop-align-left","8":"tablet-align-left","9":"mobile-align-left","11":"first","12":"instock","13":"product-type-external"},"brands":[{"id":487,"name":"EBERSP\u00c4CHER","slug":"eberspacher"}],"_links":{"self":[{"href":"https:\/\/www.autonvaraosahaku.fi\/index.php?rest_route=\/wp\/v2\/product\/68188","targetHints":{"allow":["GET"]}}],"collection":[{"href":"https:\/\/www.autonvaraosahaku.fi\/index.php?rest_route=\/wp\/v2\/product"}],"about":[{"href":"https:\/\/www.autonvaraosahaku.fi\/index.php?rest_route=\/wp\/v2\/types\/product"}],"wp:attachment":[{"href":"https:\/\/www.autonvaraosahaku.fi\/index.php?rest_route=%2Fwp%2Fv2%2Fmedia&parent=68188"}],"wp:term":[{"taxonomy":"pwb-brand","embeddable":true,"href":"https:\/\/www.autonvaraosahaku.fi\/index.php?rest_route=%2Fwp%2Fv2%2Fpwb-brand&post=68188"},{"taxonomy":"product_cat","embeddable":true,"href":"https:\/\/www.autonvaraosahaku.fi\/index.php?rest_route=%2Fwp%2Fv2%2Fproduct_cat&post=68188"},{"taxonomy":"product_tag","embeddable":true,"href":"https:\/\/www.autonvaraosahaku.fi\/index.php?rest_route=%2Fwp%2Fv2%2Fproduct_tag&post=68188"}],"curies":[{"name":"wp","href":"https:\/\/api.w.org\/{rel}","templated":true}]}}