{"id":68191,"date":"2021-02-21T18:58:14","date_gmt":"2021-02-21T18:58:14","guid":{"rendered":"https:\/\/www.autonvaraosahaku.fi\/?product=japanparts-ru-108-tukivarren-hela"},"modified":"2021-02-21T18:58:17","modified_gmt":"2021-02-21T18:58:17","slug":"japanparts-ru-108-tukivarren-hela","status":"publish","type":"product","link":"https:\/\/www.autonvaraosahaku.fi\/?product=japanparts-ru-108-tukivarren-hela","title":{"rendered":"JAPANPARTS RU-108 Tukivarren hela"},"content":{"rendered":"<p>Pituus (mm): 48; Sis\u00e4l\u00e4pimitta [mm]: 17,5; Ulkol\u00e4pimitta [mm]: 41; Tukivarren muoto: Kolmiotukivarrelle; Asennuspuoli: Yl\u00e4puolella; NISSAN: TERRANO II R20,PICK UP D22,PICK UP D21,TERRANO I WD21,PICK UP 720; 1954757, 54506B9500<\/p>\n","protected":false},"excerpt":{"rendered":"<p>JAPANPARTS Pidike, Tukivarren Kiinnitys RU-108  NISSAN,TERRANO II R20,PICK UP D22,PICK UP D21,TERRANO I WD21,PICK UP 720<\/p>\n","protected":false},"featured_media":0,"template":"","meta":{"site-sidebar-layout":"default","site-content-layout":"default","ast-global-header-display":"","ast-main-header-display":"","ast-hfb-above-header-display":"","ast-hfb-below-header-display":"","ast-hfb-mobile-header-display":"","site-post-title":"","ast-breadcrumbs-content":"","ast-featured-img":"","footer-sml-layout":"","theme-transparent-header-meta":"","adv-header-id-meta":"","stick-header-meta":"","header-above-stick-meta":"","header-main-stick-meta":"","header-below-stick-meta":""},"pwb-brand":[334],"product_cat":[115],"product_tag":[],"class_list":{"0":"post-68191","1":"product","2":"type-product","3":"status-publish","5":"pwb-brand-japanparts","6":"product_cat-tukivarren-hela","7":"desktop-align-left","8":"tablet-align-left","9":"mobile-align-left","11":"first","12":"instock","13":"product-type-external"},"brands":[{"id":334,"name":"JAPANPARTS","slug":"japanparts"}],"_links":{"self":[{"href":"https:\/\/www.autonvaraosahaku.fi\/index.php?rest_route=\/wp\/v2\/product\/68191","targetHints":{"allow":["GET"]}}],"collection":[{"href":"https:\/\/www.autonvaraosahaku.fi\/index.php?rest_route=\/wp\/v2\/product"}],"about":[{"href":"https:\/\/www.autonvaraosahaku.fi\/index.php?rest_route=\/wp\/v2\/types\/product"}],"wp:attachment":[{"href":"https:\/\/www.autonvaraosahaku.fi\/index.php?rest_route=%2Fwp%2Fv2%2Fmedia&parent=68191"}],"wp:term":[{"taxonomy":"pwb-brand","embeddable":true,"href":"https:\/\/www.autonvaraosahaku.fi\/index.php?rest_route=%2Fwp%2Fv2%2Fpwb-brand&post=68191"},{"taxonomy":"product_cat","embeddable":true,"href":"https:\/\/www.autonvaraosahaku.fi\/index.php?rest_route=%2Fwp%2Fv2%2Fproduct_cat&post=68191"},{"taxonomy":"product_tag","embeddable":true,"href":"https:\/\/www.autonvaraosahaku.fi\/index.php?rest_route=%2Fwp%2Fv2%2Fproduct_tag&post=68191"}],"curies":[{"name":"wp","href":"https:\/\/api.w.org\/{rel}","templated":true}]}}