{"id":68192,"date":"2021-02-21T18:58:14","date_gmt":"2021-02-21T18:58:14","guid":{"rendered":"https:\/\/www.autonvaraosahaku.fi\/?product=vaico-v20-80066-jarrulevyt"},"modified":"2021-02-21T18:58:17","modified_gmt":"2021-02-21T18:58:17","slug":"vaico-v20-80066-jarrulevyt","status":"publish","type":"product","link":"https:\/\/www.autonvaraosahaku.fi\/?product=vaico-v20-80066-jarrulevyt","title":{"rendered":"VAICO V20-80066 Jarrulevyt"},"content":{"rendered":"<p>Jarrulevyn navan korkeus [mm]: 49,5; Asennuspuoli: Etuakseli, Etuakseli; Vanne, aukkoja: 5; Korkeus (mm): 73,1; Jarrulevytyyppi: Tuuletettu; Jarrulevyn paksuus (mm): 24; V\u00e4himm\u00e4ispaksuus (mm): 22,4; Ulkol\u00e4pimitta [mm]: 312; keskitt\u00e4misl\u00e4pimitta [mm]: 79; Reik\u00e4ympyr\u00e4-\u00d8 [mm]: 120, 120; Pakkausleveys [cm]: 32, 32; Pakkauskorkeus [mm]: 15, 15; Pakkaussyvyys [cm]: 32, 32; Paino [kg]: 9,612; lis\u00e4tieto: CST99; Varusteet: f\u00fcr Fahrzeuge ohne Sportpaket; BMW: 3 Touring E91,3 E90,X1 E84,1 F20,3 Coupe E92,3 Touring F31,3 F30, F35, F80,3 Cabriolet E93,1 F21,3 Gran Turismo F34,4 Coupe F32, F82,2 Coupe F22,4 Cabriolet F33, F83,4 Gran Coupe F36,2 Cabriolet F23; 34116774875, 34116792219, 34116855006, 6774875, 6792219, 6855006; Jarrulevy<\/p>\n","protected":false},"excerpt":{"rendered":"<p>VAICO Jarrulevyt V20-80066 Jarrulevy BMW,3 Touring E91,3 E90,X1 E84,1 F20,3 Coupe E92,3 Touring F31,3 F30, F35, F80,3 Cabriolet E93,1 F21<\/p>\n","protected":false},"featured_media":0,"template":"","meta":{"site-sidebar-layout":"default","site-content-layout":"default","ast-global-header-display":"","ast-main-header-display":"","ast-hfb-above-header-display":"","ast-hfb-below-header-display":"","ast-hfb-mobile-header-display":"","site-post-title":"","ast-breadcrumbs-content":"","ast-featured-img":"","footer-sml-layout":"","theme-transparent-header-meta":"","adv-header-id-meta":"","stick-header-meta":"","header-above-stick-meta":"","header-main-stick-meta":"","header-below-stick-meta":""},"pwb-brand":[330],"product_cat":[66],"product_tag":[],"class_list":{"0":"post-68192","1":"product","2":"type-product","3":"status-publish","5":"pwb-brand-vaico","6":"product_cat-jarrulevyt","7":"desktop-align-left","8":"tablet-align-left","9":"mobile-align-left","11":"first","12":"instock","13":"product-type-external"},"brands":[{"id":330,"name":"VAICO","slug":"vaico"}],"_links":{"self":[{"href":"https:\/\/www.autonvaraosahaku.fi\/index.php?rest_route=\/wp\/v2\/product\/68192","targetHints":{"allow":["GET"]}}],"collection":[{"href":"https:\/\/www.autonvaraosahaku.fi\/index.php?rest_route=\/wp\/v2\/product"}],"about":[{"href":"https:\/\/www.autonvaraosahaku.fi\/index.php?rest_route=\/wp\/v2\/types\/product"}],"wp:attachment":[{"href":"https:\/\/www.autonvaraosahaku.fi\/index.php?rest_route=%2Fwp%2Fv2%2Fmedia&parent=68192"}],"wp:term":[{"taxonomy":"pwb-brand","embeddable":true,"href":"https:\/\/www.autonvaraosahaku.fi\/index.php?rest_route=%2Fwp%2Fv2%2Fpwb-brand&post=68192"},{"taxonomy":"product_cat","embeddable":true,"href":"https:\/\/www.autonvaraosahaku.fi\/index.php?rest_route=%2Fwp%2Fv2%2Fproduct_cat&post=68192"},{"taxonomy":"product_tag","embeddable":true,"href":"https:\/\/www.autonvaraosahaku.fi\/index.php?rest_route=%2Fwp%2Fv2%2Fproduct_tag&post=68192"}],"curies":[{"name":"wp","href":"https:\/\/api.w.org\/{rel}","templated":true}]}}