{"id":68195,"date":"2021-02-21T18:58:20","date_gmt":"2021-02-21T18:58:20","guid":{"rendered":"https:\/\/www.autonvaraosahaku.fi\/?product=japanparts-pa-800af-jarrupalat"},"modified":"2021-02-21T18:58:20","modified_gmt":"2021-02-21T18:58:20","slug":"japanparts-pa-800af-jarrupalat","status":"publish","type":"product","link":"https:\/\/www.autonvaraosahaku.fi\/?product=japanparts-pa-800af-jarrupalat","title":{"rendered":"JAPANPARTS PA-800AF Jarrupalat"},"content":{"rendered":"<p>Asennuspuoli: Etuakseli; Jarrutyyppi: Levyjarru; Pituus (mm): 116,3; Korkeus (mm): 52,5; Paksuus [mm]: 16,8; WVA-numero: 24403; Tarkistuskilpi: ECE R90 APPROVED; M\u00e4\u00e4r\u00e4yksikk\u00f6: Akselisarja; Valmistusmaa: Ungarn; OPEL: AGILA B H08; NISSAN: MICRA IV K13,NOTE E12; SUZUKI: SWIFT III MZ, EZ,SPLASH; 5581062J00, D10601HA0A, D10601HA0B, D10601HA0C, D10601HA7B, D10601HA7C, D10FM1HA0A, D1M601HA0A, D1M601HA0B, D1N601HA0B, 04708239, 04711040, 4708239, 4711040, 93192962, 93196814, 5581062J00, 5581062J00000, 5581062J00PPS, 5581062J01, 5581062J01000, 5581062J10, 5581062J20, 5581062J20000, 5581062J30, 5581062J31, 5581062J31000, 5581062J50, 5581062J50000, 93192962, 93196814; Jarrupalasarja,Jarrupala, Levyjarru<\/p>\n","protected":false},"excerpt":{"rendered":"<p>JAPANPARTS Jarrupalat PA-800AF Jarrupalasarja,Jarrupala, Levyjarru OPEL,NISSAN,SUZUKI,AGILA B H08,MICRA IV K13,NOTE E12,SWIFT III MZ, EZ,SPLASH<\/p>\n","protected":false},"featured_media":0,"template":"","meta":{"site-sidebar-layout":"default","site-content-layout":"default","ast-global-header-display":"","ast-main-header-display":"","ast-hfb-above-header-display":"","ast-hfb-below-header-display":"","ast-hfb-mobile-header-display":"","site-post-title":"","ast-breadcrumbs-content":"","ast-featured-img":"","footer-sml-layout":"","theme-transparent-header-meta":"","adv-header-id-meta":"","stick-header-meta":"","header-above-stick-meta":"","header-main-stick-meta":"","header-below-stick-meta":""},"pwb-brand":[334],"product_cat":[100],"product_tag":[],"class_list":{"0":"post-68195","1":"product","2":"type-product","3":"status-publish","5":"pwb-brand-japanparts","6":"product_cat-jarrupalat","7":"desktop-align-left","8":"tablet-align-left","9":"mobile-align-left","11":"first","12":"instock","13":"product-type-external"},"brands":[{"id":334,"name":"JAPANPARTS","slug":"japanparts"}],"_links":{"self":[{"href":"https:\/\/www.autonvaraosahaku.fi\/index.php?rest_route=\/wp\/v2\/product\/68195","targetHints":{"allow":["GET"]}}],"collection":[{"href":"https:\/\/www.autonvaraosahaku.fi\/index.php?rest_route=\/wp\/v2\/product"}],"about":[{"href":"https:\/\/www.autonvaraosahaku.fi\/index.php?rest_route=\/wp\/v2\/types\/product"}],"wp:attachment":[{"href":"https:\/\/www.autonvaraosahaku.fi\/index.php?rest_route=%2Fwp%2Fv2%2Fmedia&parent=68195"}],"wp:term":[{"taxonomy":"pwb-brand","embeddable":true,"href":"https:\/\/www.autonvaraosahaku.fi\/index.php?rest_route=%2Fwp%2Fv2%2Fpwb-brand&post=68195"},{"taxonomy":"product_cat","embeddable":true,"href":"https:\/\/www.autonvaraosahaku.fi\/index.php?rest_route=%2Fwp%2Fv2%2Fproduct_cat&post=68195"},{"taxonomy":"product_tag","embeddable":true,"href":"https:\/\/www.autonvaraosahaku.fi\/index.php?rest_route=%2Fwp%2Fv2%2Fproduct_tag&post=68195"}],"curies":[{"name":"wp","href":"https:\/\/api.w.org\/{rel}","templated":true}]}}