{"id":68197,"date":"2021-02-21T18:58:20","date_gmt":"2021-02-21T18:58:20","guid":{"rendered":"https:\/\/www.autonvaraosahaku.fi\/?product=meyle-316-060-0020-hd-koiranluu"},"modified":"2021-02-21T18:58:20","modified_gmt":"2021-02-21T18:58:20","slug":"meyle-316-060-0020-hd-koiranluu","status":"publish","type":"product","link":"https:\/\/www.autonvaraosahaku.fi\/?product=meyle-316-060-0020-hd-koiranluu","title":{"rendered":"MEYLE 316 060 0020\/HD Koiranluu"},"content":{"rendered":"<p>Asennuspuoli: Taka-akseli, vasen, Taka-akseli, oikea; Tanko \/ tuki: Yhdystanko; Pituus (mm): 160; Kierre 1: M10x1,5; Sis\u00e4l\u00e4pimitta 1 [mm]: 8; Lis\u00e4tarvike\/lis\u00e4tieto: Avainotteella; Vahvistettu malli: ; lis\u00e4tieto: Quality; BMW: 3 Touring E91,3 E90,1 E87,1 E81,3 Coupe E92,3 Cabriolet E93,1 Cabriolet E88,1 Coupe E82; 33556764428; Kallistuksenvakaajan Yhdystanko,Tanko, Kallistuksenvaimennin<\/p>\n","protected":false},"excerpt":{"rendered":"<p>MEYLE Koiranluu 316 060 0020\/HD Kallistuksenvakaajan Yhdystanko,Tanko, Kallistuksenvaimennin BMW,3 Touring E91,3 E90,1 E87,1 E81,3 Coupe E92<\/p>\n","protected":false},"featured_media":0,"template":"","meta":{"site-sidebar-layout":"default","site-content-layout":"default","ast-global-header-display":"","ast-main-header-display":"","ast-hfb-above-header-display":"","ast-hfb-below-header-display":"","ast-hfb-mobile-header-display":"","site-post-title":"","ast-breadcrumbs-content":"","ast-featured-img":"","footer-sml-layout":"","theme-transparent-header-meta":"","adv-header-id-meta":"","stick-header-meta":"","header-above-stick-meta":"","header-main-stick-meta":"","header-below-stick-meta":""},"pwb-brand":[84],"product_cat":[38],"product_tag":[],"class_list":{"0":"post-68197","1":"product","2":"type-product","3":"status-publish","5":"pwb-brand-meyle","6":"product_cat-koiranluu","7":"desktop-align-left","8":"tablet-align-left","9":"mobile-align-left","11":"first","12":"instock","13":"product-type-external"},"brands":[{"id":84,"name":"MEYLE","slug":"meyle"}],"_links":{"self":[{"href":"https:\/\/www.autonvaraosahaku.fi\/index.php?rest_route=\/wp\/v2\/product\/68197","targetHints":{"allow":["GET"]}}],"collection":[{"href":"https:\/\/www.autonvaraosahaku.fi\/index.php?rest_route=\/wp\/v2\/product"}],"about":[{"href":"https:\/\/www.autonvaraosahaku.fi\/index.php?rest_route=\/wp\/v2\/types\/product"}],"wp:attachment":[{"href":"https:\/\/www.autonvaraosahaku.fi\/index.php?rest_route=%2Fwp%2Fv2%2Fmedia&parent=68197"}],"wp:term":[{"taxonomy":"pwb-brand","embeddable":true,"href":"https:\/\/www.autonvaraosahaku.fi\/index.php?rest_route=%2Fwp%2Fv2%2Fpwb-brand&post=68197"},{"taxonomy":"product_cat","embeddable":true,"href":"https:\/\/www.autonvaraosahaku.fi\/index.php?rest_route=%2Fwp%2Fv2%2Fproduct_cat&post=68197"},{"taxonomy":"product_tag","embeddable":true,"href":"https:\/\/www.autonvaraosahaku.fi\/index.php?rest_route=%2Fwp%2Fv2%2Fproduct_tag&post=68197"}],"curies":[{"name":"wp","href":"https:\/\/api.w.org\/{rel}","templated":true}]}}