{"id":68211,"date":"2021-02-21T18:58:20","date_gmt":"2021-02-21T18:58:20","guid":{"rendered":"https:\/\/www.autonvaraosahaku.fi\/?product=meyle-300-333-1001-taka-akselin-puslat"},"modified":"2021-02-21T18:58:23","modified_gmt":"2021-02-21T18:58:23","slug":"meyle-300-333-1001-taka-akselin-puslat","status":"publish","type":"product","link":"https:\/\/www.autonvaraosahaku.fi\/?product=meyle-300-333-1001-taka-akselin-puslat","title":{"rendered":"MEYLE 300 333 1001 Taka-akselin puslat"},"content":{"rendered":"<p>Asennuspuoli: Ulompi, Taka-akseli, oikea, Taka-akseli, vasen; Korkeus (mm): 84; Sis\u00e4l\u00e4pimitta [mm]: 14; Ulkol\u00e4pimitta [mm]: 59; lis\u00e4tieto: ORIGINAL Quality; BMW: 3 Compact E36,Z3 E36,Z3 Coupe E36; 33311090945, 33311090946; Apurungon Puslat,Akselinripustus<\/p>\n","protected":false},"excerpt":{"rendered":"<p>MEYLE Taka-akselin Puslat 300 333 1001 Apurungon Puslat,Akselinripustus BMW,3 Compact E36,Z3 E36,Z3 Coupe E36<\/p>\n","protected":false},"featured_media":0,"template":"","meta":{"site-sidebar-layout":"default","site-content-layout":"default","ast-global-header-display":"","ast-main-header-display":"","ast-hfb-above-header-display":"","ast-hfb-below-header-display":"","ast-hfb-mobile-header-display":"","site-post-title":"","ast-breadcrumbs-content":"","ast-featured-img":"","footer-sml-layout":"","theme-transparent-header-meta":"","adv-header-id-meta":"","stick-header-meta":"","header-above-stick-meta":"","header-main-stick-meta":"","header-below-stick-meta":""},"pwb-brand":[84],"product_cat":[156],"product_tag":[],"class_list":{"0":"post-68211","1":"product","2":"type-product","3":"status-publish","5":"pwb-brand-meyle","6":"product_cat-taka-akselin-puslat","7":"desktop-align-left","8":"tablet-align-left","9":"mobile-align-left","11":"first","12":"instock","13":"product-type-external"},"brands":[{"id":84,"name":"MEYLE","slug":"meyle"}],"_links":{"self":[{"href":"https:\/\/www.autonvaraosahaku.fi\/index.php?rest_route=\/wp\/v2\/product\/68211","targetHints":{"allow":["GET"]}}],"collection":[{"href":"https:\/\/www.autonvaraosahaku.fi\/index.php?rest_route=\/wp\/v2\/product"}],"about":[{"href":"https:\/\/www.autonvaraosahaku.fi\/index.php?rest_route=\/wp\/v2\/types\/product"}],"wp:attachment":[{"href":"https:\/\/www.autonvaraosahaku.fi\/index.php?rest_route=%2Fwp%2Fv2%2Fmedia&parent=68211"}],"wp:term":[{"taxonomy":"pwb-brand","embeddable":true,"href":"https:\/\/www.autonvaraosahaku.fi\/index.php?rest_route=%2Fwp%2Fv2%2Fpwb-brand&post=68211"},{"taxonomy":"product_cat","embeddable":true,"href":"https:\/\/www.autonvaraosahaku.fi\/index.php?rest_route=%2Fwp%2Fv2%2Fproduct_cat&post=68211"},{"taxonomy":"product_tag","embeddable":true,"href":"https:\/\/www.autonvaraosahaku.fi\/index.php?rest_route=%2Fwp%2Fv2%2Fproduct_tag&post=68211"}],"curies":[{"name":"wp","href":"https:\/\/api.w.org\/{rel}","templated":true}]}}