{"id":68220,"date":"2021-02-21T18:58:25","date_gmt":"2021-02-21T18:58:25","guid":{"rendered":"https:\/\/www.autonvaraosahaku.fi\/?product=brembo-r-85-007-jarrupaineensaadin"},"modified":"2021-02-21T18:58:26","modified_gmt":"2021-02-21T18:58:26","slug":"brembo-r-85-007-jarrupaineensaadin","status":"publish","type":"product","link":"https:\/\/www.autonvaraosahaku.fi\/?product=brembo-r-85-007-jarrupaineensaadin","title":{"rendered":"BREMBO R 85 007 Jarrupaineens\u00e4\u00e4din"},"content":{"rendered":"<p>Jarruj\u00e4rjestelm\u00e4: Bendix; Materiaali: Alumiini; Kierremitta: 10 x 1 (4); Valmistusvuoteen: 08\/1994; VW: POLO 9N_,LUPO 6X1, 6E1,GOLF III 1H1,POLO 6N1,GOLF III Cabriolet 1E7,GOLF Mk III Cabriolet 1E7,GOLF III Variant 1H5,POLO CLASSIC 6KV2,VENTO 1H2,POLO Kasten 6NF,CADDY II Pick-up 9U7,POLO Kasten 86CF,GOLF III Van 1H1; AUDI: 80 8C, B4,80 Avant 8C, B4; SKODA: OCTAVIA Combi 1Z5,OCTAVIA Combi 1U5,ROOMSTER 5J,OCTAVIA 1U2,ROOMSTER Praktik 5J,FELICIA I 6U1,FELICIA II 6U1,FELICIA I Fun 797,FELICIA I Kombi 6U5,FELICIA II Kombi 6U5,FAVORIT 781,FAVORIT Forman 785,FAVORIT Pick-up 787; SEAT: AROSA 6H; 116595322, 1H0612151, 6U0612151A, 360219180019, 1H0612151, 1H0612151, 1H0612151D, 1H0612151F, 1H0612151, 1H0612151D, 1H0612151F<\/p>\n","protected":false},"excerpt":{"rendered":"<p>BREMBO Jarrupaineens\u00e4\u00e4din R 85 007  VW,AUDI,SKODA,POLO 9N_,LUPO 6X1, 6E1,GOLF III 1H1,POLO 6N1,GOLF III Cabriolet 1E7,GOLF Mk III Cabriolet 1E7<\/p>\n","protected":false},"featured_media":0,"template":"","meta":{"site-sidebar-layout":"default","site-content-layout":"default","ast-global-header-display":"","ast-main-header-display":"","ast-hfb-above-header-display":"","ast-hfb-below-header-display":"","ast-hfb-mobile-header-display":"","site-post-title":"","ast-breadcrumbs-content":"","ast-featured-img":"","footer-sml-layout":"","theme-transparent-header-meta":"","adv-header-id-meta":"","stick-header-meta":"","header-above-stick-meta":"","header-main-stick-meta":"","header-below-stick-meta":""},"pwb-brand":[146],"product_cat":[488],"product_tag":[],"class_list":{"0":"post-68220","1":"product","2":"type-product","3":"status-publish","5":"pwb-brand-brembo","6":"product_cat-jarrupaineensaadin","7":"desktop-align-left","8":"tablet-align-left","9":"mobile-align-left","11":"first","12":"instock","13":"product-type-external"},"brands":[{"id":146,"name":"BREMBO","slug":"brembo"}],"_links":{"self":[{"href":"https:\/\/www.autonvaraosahaku.fi\/index.php?rest_route=\/wp\/v2\/product\/68220","targetHints":{"allow":["GET"]}}],"collection":[{"href":"https:\/\/www.autonvaraosahaku.fi\/index.php?rest_route=\/wp\/v2\/product"}],"about":[{"href":"https:\/\/www.autonvaraosahaku.fi\/index.php?rest_route=\/wp\/v2\/types\/product"}],"wp:attachment":[{"href":"https:\/\/www.autonvaraosahaku.fi\/index.php?rest_route=%2Fwp%2Fv2%2Fmedia&parent=68220"}],"wp:term":[{"taxonomy":"pwb-brand","embeddable":true,"href":"https:\/\/www.autonvaraosahaku.fi\/index.php?rest_route=%2Fwp%2Fv2%2Fpwb-brand&post=68220"},{"taxonomy":"product_cat","embeddable":true,"href":"https:\/\/www.autonvaraosahaku.fi\/index.php?rest_route=%2Fwp%2Fv2%2Fproduct_cat&post=68220"},{"taxonomy":"product_tag","embeddable":true,"href":"https:\/\/www.autonvaraosahaku.fi\/index.php?rest_route=%2Fwp%2Fv2%2Fproduct_tag&post=68220"}],"curies":[{"name":"wp","href":"https:\/\/api.w.org\/{rel}","templated":true}]}}