{"id":68221,"date":"2021-02-21T18:58:25","date_gmt":"2021-02-21T18:58:25","guid":{"rendered":"https:\/\/www.autonvaraosahaku.fi\/?product=vaico-v10-40078-jarrulevyt"},"modified":"2021-02-21T18:58:26","modified_gmt":"2021-02-21T18:58:26","slug":"vaico-v10-40078-jarrulevyt","status":"publish","type":"product","link":"https:\/\/www.autonvaraosahaku.fi\/?product=vaico-v10-40078-jarrulevyt","title":{"rendered":"VAICO V10-40078 Jarrulevyt"},"content":{"rendered":"<p>Asennuspuoli: Taka-akseli; Jarrulevyn navan korkeus [mm]: 29,8; Vanne, aukkoja: 5; Korkeus (mm): 40; Jarrulevytyyppi: Vakiomalli; Jarrulevyn paksuus (mm): 10; V\u00e4himm\u00e4ispaksuus (mm): 8; Ulkol\u00e4pimitta [mm]: 245; keskitt\u00e4misl\u00e4pimitta [mm]: 68; Reik\u00e4ympyr\u00e4-\u00d8 [mm]: 112, 112; Pakkausleveys [cm]: 26, 26; Pakkauskorkeus [mm]: 8, 8; Pakkaussyvyys [cm]: 26, 26; Paino [kg]: 3,738; lis\u00e4tieto: CST99; vannekoolle [tuumaa]: 16; AUDI: A4 Avant 8ED, B7,A4 Avant 8E5, B6,A4 8E2, B6,80 8C, B4,A4 Cabriolet 8H7, B6, 8HE, B7,A4 8EC, B7,80 Avant 8C, B4,COUPE 89, 8B; SEAT: EXEO ST 3R5,EXEO 3R2; 895615601A, 8E0615601B, 8E0615601P, 895615601A, 8E0615601B, 8E0615601P, 895615601A, 8E0615601B, 8E0615601P, 895615601A, 8E0615601B, 8E0615601P; Jarrulevy<\/p>\n","protected":false},"excerpt":{"rendered":"<p>VAICO Jarrulevyt V10-40078 Jarrulevy AUDI,SEAT,A4 Avant 8ED, B7,A4 Avant 8E5, B6,A4 8E2, B6,80 8C, B4,A4 Cabriolet 8H7, B6, 8HE, B7,A4 8EC, B7<\/p>\n","protected":false},"featured_media":0,"template":"","meta":{"site-sidebar-layout":"default","site-content-layout":"default","ast-global-header-display":"","ast-main-header-display":"","ast-hfb-above-header-display":"","ast-hfb-below-header-display":"","ast-hfb-mobile-header-display":"","site-post-title":"","ast-breadcrumbs-content":"","ast-featured-img":"","footer-sml-layout":"","theme-transparent-header-meta":"","adv-header-id-meta":"","stick-header-meta":"","header-above-stick-meta":"","header-main-stick-meta":"","header-below-stick-meta":""},"pwb-brand":[330],"product_cat":[66],"product_tag":[],"class_list":{"0":"post-68221","1":"product","2":"type-product","3":"status-publish","5":"pwb-brand-vaico","6":"product_cat-jarrulevyt","7":"desktop-align-left","8":"tablet-align-left","9":"mobile-align-left","11":"first","12":"instock","13":"product-type-external"},"brands":[{"id":330,"name":"VAICO","slug":"vaico"}],"_links":{"self":[{"href":"https:\/\/www.autonvaraosahaku.fi\/index.php?rest_route=\/wp\/v2\/product\/68221","targetHints":{"allow":["GET"]}}],"collection":[{"href":"https:\/\/www.autonvaraosahaku.fi\/index.php?rest_route=\/wp\/v2\/product"}],"about":[{"href":"https:\/\/www.autonvaraosahaku.fi\/index.php?rest_route=\/wp\/v2\/types\/product"}],"wp:attachment":[{"href":"https:\/\/www.autonvaraosahaku.fi\/index.php?rest_route=%2Fwp%2Fv2%2Fmedia&parent=68221"}],"wp:term":[{"taxonomy":"pwb-brand","embeddable":true,"href":"https:\/\/www.autonvaraosahaku.fi\/index.php?rest_route=%2Fwp%2Fv2%2Fpwb-brand&post=68221"},{"taxonomy":"product_cat","embeddable":true,"href":"https:\/\/www.autonvaraosahaku.fi\/index.php?rest_route=%2Fwp%2Fv2%2Fproduct_cat&post=68221"},{"taxonomy":"product_tag","embeddable":true,"href":"https:\/\/www.autonvaraosahaku.fi\/index.php?rest_route=%2Fwp%2Fv2%2Fproduct_tag&post=68221"}],"curies":[{"name":"wp","href":"https:\/\/api.w.org\/{rel}","templated":true}]}}