{"id":68228,"date":"2021-02-21T18:58:25","date_gmt":"2021-02-21T18:58:25","guid":{"rendered":"https:\/\/www.autonvaraosahaku.fi\/?product=lpr-1206-jarrupaasylinteri"},"modified":"2021-02-21T18:58:27","modified_gmt":"2021-02-21T18:58:27","slug":"lpr-1206-jarrupaasylinteri","status":"publish","type":"product","link":"https:\/\/www.autonvaraosahaku.fi\/?product=lpr-1206-jarrupaasylinteri","title":{"rendered":"LPR 1206 Jarrup\u00e4\u00e4sylinteri"},"content":{"rendered":"<p>Reik\u00e4-\u00d8 [mm]: 25,4; Kierremitta: 1\/2 20 UNF (1); Materiaali: Valurauta; 1-\/ 2-piirijarrut: 1; tuotenumerolle: 1206; Jarrut: f\u00fcr Fahrzeuge ohne Bremskraftverst\u00e4rker; PEUGEOT: 404,404 Cabriolet; 0851958200, 0854166100, 460111, 460182, 95573887<\/p>\n","protected":false},"excerpt":{"rendered":"<p>LPR Jarrup\u00e4\u00e4sylinteri 1206  PEUGEOT,404,404 Cabriolet<\/p>\n","protected":false},"featured_media":0,"template":"","meta":{"site-sidebar-layout":"default","site-content-layout":"default","ast-global-header-display":"","ast-main-header-display":"","ast-hfb-above-header-display":"","ast-hfb-below-header-display":"","ast-hfb-mobile-header-display":"","site-post-title":"","ast-breadcrumbs-content":"","ast-featured-img":"","footer-sml-layout":"","theme-transparent-header-meta":"","adv-header-id-meta":"","stick-header-meta":"","header-above-stick-meta":"","header-main-stick-meta":"","header-below-stick-meta":""},"pwb-brand":[238],"product_cat":[276],"product_tag":[],"class_list":{"0":"post-68228","1":"product","2":"type-product","3":"status-publish","5":"pwb-brand-lpr","6":"product_cat-jarrupaasylinteri","7":"desktop-align-left","8":"tablet-align-left","9":"mobile-align-left","11":"first","12":"instock","13":"product-type-external"},"brands":[{"id":238,"name":"LPR","slug":"lpr"}],"_links":{"self":[{"href":"https:\/\/www.autonvaraosahaku.fi\/index.php?rest_route=\/wp\/v2\/product\/68228","targetHints":{"allow":["GET"]}}],"collection":[{"href":"https:\/\/www.autonvaraosahaku.fi\/index.php?rest_route=\/wp\/v2\/product"}],"about":[{"href":"https:\/\/www.autonvaraosahaku.fi\/index.php?rest_route=\/wp\/v2\/types\/product"}],"wp:attachment":[{"href":"https:\/\/www.autonvaraosahaku.fi\/index.php?rest_route=%2Fwp%2Fv2%2Fmedia&parent=68228"}],"wp:term":[{"taxonomy":"pwb-brand","embeddable":true,"href":"https:\/\/www.autonvaraosahaku.fi\/index.php?rest_route=%2Fwp%2Fv2%2Fpwb-brand&post=68228"},{"taxonomy":"product_cat","embeddable":true,"href":"https:\/\/www.autonvaraosahaku.fi\/index.php?rest_route=%2Fwp%2Fv2%2Fproduct_cat&post=68228"},{"taxonomy":"product_tag","embeddable":true,"href":"https:\/\/www.autonvaraosahaku.fi\/index.php?rest_route=%2Fwp%2Fv2%2Fproduct_tag&post=68228"}],"curies":[{"name":"wp","href":"https:\/\/api.w.org\/{rel}","templated":true}]}}