{"id":68230,"date":"2021-02-21T18:58:25","date_gmt":"2021-02-21T18:58:25","guid":{"rendered":"https:\/\/www.autonvaraosahaku.fi\/?product=lpr-08630-jarrukengat"},"modified":"2021-02-21T18:58:28","modified_gmt":"2021-02-21T18:58:28","slug":"lpr-08630-jarrukengat","status":"publish","type":"product","link":"https:\/\/www.autonvaraosahaku.fi\/?product=lpr-08630-jarrukengat","title":{"rendered":"LPR 08630 Jarrukeng\u00e4t"},"content":{"rendered":"<p>L\u00e4pimitta [mm]: 203,2; Leveys (mm): 39, 39; Jarruj\u00e4rjestelm\u00e4: BOSCH; Korvaava tuote\/korvaava tiedote 2: Seisontajarrukahvalla; Valmistusvuoteen: 04\/2013; RENAULT: CLIO II BB0\/1\/2_, CB0\/1\/2_,CLIO IV,CLIO Grandtour IV,CLIO II Kasten SB0\/1\/2_,THALIA I LB0\/1\/2_,LOGAN I Kombi KS_,LOGAN I LS_,CLIO IV Kasten,LOGAN II; PEUGEOT: 208,301; HYUNDAI: MATRIX FC; CITRO\u00cbN: DS3,C3 II,DS3 Cabriolet,C-ELYSEE,C4 CACTUS,C3 III SX; NISSAN: MICRA IV K13,NOTE E12; DACIA: SANDERO,LOGAN MCV KS_,SANDERO II,LOGAN MCV II,LOGAN LS_,LOGAN II; DS: DS 3,DS 3 Cabriolet; 440609415R, 5827017310, D40601HD3C, D40601HD3D, D40601HD3E, 6001549725, 6001551409, 6001551413, 7701206429, 7701207178; Jarrukenk\u00e4sarja<\/p>\n","protected":false},"excerpt":{"rendered":"<p>LPR Jarrukeng\u00e4t 08630 Jarrukenk\u00e4sarja RENAULT,PEUGEOT,HYUNDAI,CLIO II BB0\/1\/2_, CB0\/1\/2_,CLIO IV,CLIO Grandtour IV,CLIO II Kasten SB0\/1\/2_<\/p>\n","protected":false},"featured_media":0,"template":"","meta":{"site-sidebar-layout":"default","site-content-layout":"default","ast-global-header-display":"","ast-main-header-display":"","ast-hfb-above-header-display":"","ast-hfb-below-header-display":"","ast-hfb-mobile-header-display":"","site-post-title":"","ast-breadcrumbs-content":"","ast-featured-img":"","footer-sml-layout":"","theme-transparent-header-meta":"","adv-header-id-meta":"","stick-header-meta":"","header-above-stick-meta":"","header-main-stick-meta":"","header-below-stick-meta":""},"pwb-brand":[238],"product_cat":[176],"product_tag":[],"class_list":{"0":"post-68230","1":"product","2":"type-product","3":"status-publish","5":"pwb-brand-lpr","6":"product_cat-jarrukengat","7":"desktop-align-left","8":"tablet-align-left","9":"mobile-align-left","11":"first","12":"instock","13":"product-type-external"},"brands":[{"id":238,"name":"LPR","slug":"lpr"}],"_links":{"self":[{"href":"https:\/\/www.autonvaraosahaku.fi\/index.php?rest_route=\/wp\/v2\/product\/68230","targetHints":{"allow":["GET"]}}],"collection":[{"href":"https:\/\/www.autonvaraosahaku.fi\/index.php?rest_route=\/wp\/v2\/product"}],"about":[{"href":"https:\/\/www.autonvaraosahaku.fi\/index.php?rest_route=\/wp\/v2\/types\/product"}],"wp:attachment":[{"href":"https:\/\/www.autonvaraosahaku.fi\/index.php?rest_route=%2Fwp%2Fv2%2Fmedia&parent=68230"}],"wp:term":[{"taxonomy":"pwb-brand","embeddable":true,"href":"https:\/\/www.autonvaraosahaku.fi\/index.php?rest_route=%2Fwp%2Fv2%2Fpwb-brand&post=68230"},{"taxonomy":"product_cat","embeddable":true,"href":"https:\/\/www.autonvaraosahaku.fi\/index.php?rest_route=%2Fwp%2Fv2%2Fproduct_cat&post=68230"},{"taxonomy":"product_tag","embeddable":true,"href":"https:\/\/www.autonvaraosahaku.fi\/index.php?rest_route=%2Fwp%2Fv2%2Fproduct_tag&post=68230"}],"curies":[{"name":"wp","href":"https:\/\/api.w.org\/{rel}","templated":true}]}}