{"id":68232,"date":"2021-02-21T18:58:25","date_gmt":"2021-02-21T18:58:25","guid":{"rendered":"https:\/\/www.autonvaraosahaku.fi\/?product=brembo-k-56-012-jarrukengat"},"modified":"2021-02-21T18:58:28","modified_gmt":"2021-02-21T18:58:28","slug":"brembo-k-56-012-jarrukengat","status":"publish","type":"product","link":"https:\/\/www.autonvaraosahaku.fi\/?product=brembo-k-56-012-jarrukengat","title":{"rendered":"BREMBO K 56 012 Jarrukeng\u00e4t"},"content":{"rendered":"<p>Jarruj\u00e4rjestelm\u00e4: AP Lockheed; J\u00e4lkis\u00e4\u00e4t\u00f6: Automaattisella s\u00e4\u00e4d\u00f6ll\u00e4; Asennusmalli: Esiasennettu; Reik\u00e4-\u00d8 [mm]: 19,05; Leveys (mm): 38; L\u00e4pimitta [mm]: 203; Tuotelinja: KIT &#038; FIT; Asennuspuoli: Hinterachse; NISSAN: MICRA III K12,NOTE E11,MICRA C+C K12; RENAULT: CLIO III BR0\/1, CR0\/1,MODUS \/ GRAND MODUS F\/JP0_,CLIO Grandtour KR0\/1_; 7701208358, 8201046949, 8201046953, 8201046963, 7701208358, 8201046949, 8201046953, 8201046963<\/p>\n","protected":false},"excerpt":{"rendered":"<p>BREMBO Jarrukenk\u00e4sarja, Rumpujarru K 56 012  NISSAN,RENAULT,MICRA III K12,NOTE E11,MICRA C+C K12,CLIO III BR0\/1, CR0\/1,MODUS \/ GRAND MODUS F\/JP0_<\/p>\n","protected":false},"featured_media":0,"template":"","meta":{"site-sidebar-layout":"default","site-content-layout":"default","ast-global-header-display":"","ast-main-header-display":"","ast-hfb-above-header-display":"","ast-hfb-below-header-display":"","ast-hfb-mobile-header-display":"","site-post-title":"","ast-breadcrumbs-content":"","ast-featured-img":"","footer-sml-layout":"","theme-transparent-header-meta":"","adv-header-id-meta":"","stick-header-meta":"","header-above-stick-meta":"","header-main-stick-meta":"","header-below-stick-meta":""},"pwb-brand":[146],"product_cat":[176],"product_tag":[],"class_list":{"0":"post-68232","1":"product","2":"type-product","3":"status-publish","5":"pwb-brand-brembo","6":"product_cat-jarrukengat","7":"desktop-align-left","8":"tablet-align-left","9":"mobile-align-left","11":"first","12":"instock","13":"product-type-external"},"brands":[{"id":146,"name":"BREMBO","slug":"brembo"}],"_links":{"self":[{"href":"https:\/\/www.autonvaraosahaku.fi\/index.php?rest_route=\/wp\/v2\/product\/68232","targetHints":{"allow":["GET"]}}],"collection":[{"href":"https:\/\/www.autonvaraosahaku.fi\/index.php?rest_route=\/wp\/v2\/product"}],"about":[{"href":"https:\/\/www.autonvaraosahaku.fi\/index.php?rest_route=\/wp\/v2\/types\/product"}],"wp:attachment":[{"href":"https:\/\/www.autonvaraosahaku.fi\/index.php?rest_route=%2Fwp%2Fv2%2Fmedia&parent=68232"}],"wp:term":[{"taxonomy":"pwb-brand","embeddable":true,"href":"https:\/\/www.autonvaraosahaku.fi\/index.php?rest_route=%2Fwp%2Fv2%2Fpwb-brand&post=68232"},{"taxonomy":"product_cat","embeddable":true,"href":"https:\/\/www.autonvaraosahaku.fi\/index.php?rest_route=%2Fwp%2Fv2%2Fproduct_cat&post=68232"},{"taxonomy":"product_tag","embeddable":true,"href":"https:\/\/www.autonvaraosahaku.fi\/index.php?rest_route=%2Fwp%2Fv2%2Fproduct_tag&post=68232"}],"curies":[{"name":"wp","href":"https:\/\/api.w.org\/{rel}","templated":true}]}}