{"id":68261,"date":"2021-02-21T18:58:35","date_gmt":"2021-02-21T18:58:35","guid":{"rendered":"https:\/\/www.autonvaraosahaku.fi\/?product=febi-bilstein-33593-hammastangon-suojakumi"},"modified":"2021-02-21T18:58:37","modified_gmt":"2021-02-21T18:58:37","slug":"febi-bilstein-33593-hammastangon-suojakumi","status":"publish","type":"product","link":"https:\/\/www.autonvaraosahaku.fi\/?product=febi-bilstein-33593-hammastangon-suojakumi","title":{"rendered":"FEBI BILSTEIN 33593 Hammastangon suojakumi"},"content":{"rendered":"<p>Pituus (mm): 205; Materiaali: Thermoplast; Paino [kg]: 0,065; Sis\u00e4l\u00e4pimitta 1 [mm]: 20; Sis\u00e4l\u00e4pimitta 2 [mm]: 54; Huomioi huolto-ohjeet: , ; Alustanumerosta: 4D-X-005 001; VW: PASSAT Variant 3B6,PASSAT Variant 3B5,PASSAT 3B2,PASSAT 3B3; AUDI: A4 8D2, B5,A6 Avant 4B5, C5,A4 Avant 8D5, B5,A6 4B2, C5,A8 4D2, 4D8,ALLROAD 4BH, C5; SKODA: SUPERB 3U4; 4D0419831E, 4D0419831ES1, 4D0419831E, 4D0419831ES1, 4D0419831E, 4D0419831ES1<\/p>\n","protected":false},"excerpt":{"rendered":"<p>FEBI BILSTEIN Paljekumisarja, Ohjaus 33593  VW,AUDI,SKODA,PASSAT Variant 3B6,PASSAT Variant 3B5,PASSAT 3B2,PASSAT 3B3,A4 8D2, B5,A6 Avant 4B5, C5<\/p>\n","protected":false},"featured_media":0,"template":"","meta":{"site-sidebar-layout":"default","site-content-layout":"default","ast-global-header-display":"","ast-main-header-display":"","ast-hfb-above-header-display":"","ast-hfb-below-header-display":"","ast-hfb-mobile-header-display":"","site-post-title":"","ast-breadcrumbs-content":"","ast-featured-img":"","footer-sml-layout":"","theme-transparent-header-meta":"","adv-header-id-meta":"","stick-header-meta":"","header-above-stick-meta":"","header-main-stick-meta":"","header-below-stick-meta":""},"pwb-brand":[50],"product_cat":[81],"product_tag":[],"class_list":{"0":"post-68261","1":"product","2":"type-product","3":"status-publish","5":"pwb-brand-febi-bilstein","6":"product_cat-hammastangon-suojakumi","7":"desktop-align-left","8":"tablet-align-left","9":"mobile-align-left","11":"first","12":"instock","13":"product-type-external"},"brands":[{"id":50,"name":"FEBI BILSTEIN","slug":"febi-bilstein"}],"_links":{"self":[{"href":"https:\/\/www.autonvaraosahaku.fi\/index.php?rest_route=\/wp\/v2\/product\/68261","targetHints":{"allow":["GET"]}}],"collection":[{"href":"https:\/\/www.autonvaraosahaku.fi\/index.php?rest_route=\/wp\/v2\/product"}],"about":[{"href":"https:\/\/www.autonvaraosahaku.fi\/index.php?rest_route=\/wp\/v2\/types\/product"}],"wp:attachment":[{"href":"https:\/\/www.autonvaraosahaku.fi\/index.php?rest_route=%2Fwp%2Fv2%2Fmedia&parent=68261"}],"wp:term":[{"taxonomy":"pwb-brand","embeddable":true,"href":"https:\/\/www.autonvaraosahaku.fi\/index.php?rest_route=%2Fwp%2Fv2%2Fpwb-brand&post=68261"},{"taxonomy":"product_cat","embeddable":true,"href":"https:\/\/www.autonvaraosahaku.fi\/index.php?rest_route=%2Fwp%2Fv2%2Fproduct_cat&post=68261"},{"taxonomy":"product_tag","embeddable":true,"href":"https:\/\/www.autonvaraosahaku.fi\/index.php?rest_route=%2Fwp%2Fv2%2Fproduct_tag&post=68261"}],"curies":[{"name":"wp","href":"https:\/\/api.w.org\/{rel}","templated":true}]}}