{"id":68271,"date":"2021-02-21T18:58:35","date_gmt":"2021-02-21T18:58:35","guid":{"rendered":"https:\/\/www.autonvaraosahaku.fi\/?product=febi-bilstein-09757-vesipumppu"},"modified":"2021-02-21T18:58:39","modified_gmt":"2021-02-21T18:58:39","slug":"febi-bilstein-09757-vesipumppu","status":"publish","type":"product","link":"https:\/\/www.autonvaraosahaku.fi\/?product=febi-bilstein-09757-vesipumppu","title":{"rendered":"FEBI BILSTEIN 09757 Vesipumppu"},"content":{"rendered":"<p>Materiaali vesipumpun siipipy\u00f6r\u00e4: Muovi; Materiaali tiiviste: Kumi; Materiaali: Alumiinivalu; Siipien m\u00e4\u00e4r\u00e4: 6; Paino [kg]: 0,883, 0,883; Huomioi huolto-ohjeet: , ; Huomioi tekniset tiedot: ; VW: POLO 6N2,POLO 6N1,PASSAT Variant 3B5,PASSAT 3B2,CADDY II Pick-up 9U7; AUDI: A4 8D2, B5,A6 Avant 4B5, C5,A4 Avant 8D5, B5,A6 4B2, C5; SKODA: FELICIA I 6U1; SEAT: AROSA 6H; 028121004, 028121004V, 028121004X, 28121004, 28121004V, 28121004X, 028121004, 028121004V, 028121004X, 28121004, 28121004V, 28121004X, 028121004, 028121004V, 028121004X, 28121004, 28121004V, 28121004X, 028121004, 028121004V, 028121004X, 28121004, 28121004V, 28121004X<\/p>\n","protected":false},"excerpt":{"rendered":"<p>FEBI BILSTEIN Vesipumppu 09757  VW,AUDI,SKODA,POLO 6N2,POLO 6N1,PASSAT Variant 3B5,PASSAT 3B2,CADDY II Pick-up 9U7,A4 8D2, B5,A6 Avant 4B5, C5<\/p>\n","protected":false},"featured_media":0,"template":"","meta":{"site-sidebar-layout":"default","site-content-layout":"default","ast-global-header-display":"","ast-main-header-display":"","ast-hfb-above-header-display":"","ast-hfb-below-header-display":"","ast-hfb-mobile-header-display":"","site-post-title":"","ast-breadcrumbs-content":"","ast-featured-img":"","footer-sml-layout":"","theme-transparent-header-meta":"","adv-header-id-meta":"","stick-header-meta":"","header-above-stick-meta":"","header-main-stick-meta":"","header-below-stick-meta":""},"pwb-brand":[50],"product_cat":[279],"product_tag":[],"class_list":{"0":"post-68271","1":"product","2":"type-product","3":"status-publish","5":"pwb-brand-febi-bilstein","6":"product_cat-vesipumppu","7":"desktop-align-left","8":"tablet-align-left","9":"mobile-align-left","11":"first","12":"instock","13":"product-type-external"},"brands":[{"id":50,"name":"FEBI BILSTEIN","slug":"febi-bilstein"}],"_links":{"self":[{"href":"https:\/\/www.autonvaraosahaku.fi\/index.php?rest_route=\/wp\/v2\/product\/68271","targetHints":{"allow":["GET"]}}],"collection":[{"href":"https:\/\/www.autonvaraosahaku.fi\/index.php?rest_route=\/wp\/v2\/product"}],"about":[{"href":"https:\/\/www.autonvaraosahaku.fi\/index.php?rest_route=\/wp\/v2\/types\/product"}],"wp:attachment":[{"href":"https:\/\/www.autonvaraosahaku.fi\/index.php?rest_route=%2Fwp%2Fv2%2Fmedia&parent=68271"}],"wp:term":[{"taxonomy":"pwb-brand","embeddable":true,"href":"https:\/\/www.autonvaraosahaku.fi\/index.php?rest_route=%2Fwp%2Fv2%2Fpwb-brand&post=68271"},{"taxonomy":"product_cat","embeddable":true,"href":"https:\/\/www.autonvaraosahaku.fi\/index.php?rest_route=%2Fwp%2Fv2%2Fproduct_cat&post=68271"},{"taxonomy":"product_tag","embeddable":true,"href":"https:\/\/www.autonvaraosahaku.fi\/index.php?rest_route=%2Fwp%2Fv2%2Fproduct_tag&post=68271"}],"curies":[{"name":"wp","href":"https:\/\/api.w.org\/{rel}","templated":true}]}}