{"id":68290,"date":"2021-02-21T18:58:41","date_gmt":"2021-02-21T18:58:41","guid":{"rendered":"https:\/\/www.autonvaraosahaku.fi\/?product=trw-jhe267t-iskunvaimennin"},"modified":"2021-02-21T18:58:44","modified_gmt":"2021-02-21T18:58:44","slug":"trw-jhe267t-iskunvaimennin","status":"publish","type":"product","link":"https:\/\/www.autonvaraosahaku.fi\/?product=trw-jhe267t-iskunvaimennin","title":{"rendered":"TRW JHE267T Iskunvaimennin"},"content":{"rendered":"<p>Asennuspuoli: Taka-akseli; Lukum\u00e4\u00e4r\u00e4 akselille: 1; Iskunvaimennin tyyppi: \u00d6ljypaine; Iskunvaimennin malli: Teleskooppi-iskunvaimentaja; Iskunvaimennusj\u00e4rjestelm\u00e4: Kaksiputki; Iskunvaimennin asennustapa: Tappi ylh\u00e4\u00e4ll\u00e4, Silmukka alhaalla; L\u00e4pimitta [mm]: 49; Kierremitta: M10x1,0; Vahvistettu malli: ; Pituus 1 (mm): 508; Pituus 2 (mm): 321; M\u00e4nn\u00e4nvarren l\u00e4pimitta [mm]: 14; Huomioi tekniset tiedot: ; Tuotelinja: TWIN; TOYOTA: LAND CRUISER 90 _J9_,HILUX Gel\u00e4ndewagen geschlossen ZN13_, LN9_, RN1_, YN8_, LN8; 72008157, 72081340, 72118773, 90236798, 90304466, 90372396, 90374458, 90443256, 90445061, 90496377, 4853169495, 4853169496, 4853169497, 4853169505, 4853169525, 4853169526, 4853169527, 4853169595, 4853169605, 4853169606, 4853169607; Iskarit,Iskunvaimennin<\/p>\n","protected":false},"excerpt":{"rendered":"<p>TRW Iskunvaimentimet JHE267T Iskarit,Iskunvaimennin TOYOTA,LAND CRUISER 90 _J9_,HILUX Gel\u00e4ndewagen geschlossen ZN13_, LN9_, RN1_, YN8_, LN8<\/p>\n","protected":false},"featured_media":0,"template":"","meta":{"site-sidebar-layout":"default","site-content-layout":"default","ast-global-header-display":"","ast-main-header-display":"","ast-hfb-above-header-display":"","ast-hfb-below-header-display":"","ast-hfb-mobile-header-display":"","site-post-title":"","ast-breadcrumbs-content":"","ast-featured-img":"","footer-sml-layout":"","theme-transparent-header-meta":"","adv-header-id-meta":"","stick-header-meta":"","header-above-stick-meta":"","header-main-stick-meta":"","header-below-stick-meta":""},"pwb-brand":[332],"product_cat":[80],"product_tag":[],"class_list":{"0":"post-68290","1":"product","2":"type-product","3":"status-publish","5":"pwb-brand-trw","6":"product_cat-iskunvaimennin","7":"desktop-align-left","8":"tablet-align-left","9":"mobile-align-left","11":"first","12":"instock","13":"product-type-external"},"brands":[{"id":332,"name":"TRW","slug":"trw"}],"_links":{"self":[{"href":"https:\/\/www.autonvaraosahaku.fi\/index.php?rest_route=\/wp\/v2\/product\/68290","targetHints":{"allow":["GET"]}}],"collection":[{"href":"https:\/\/www.autonvaraosahaku.fi\/index.php?rest_route=\/wp\/v2\/product"}],"about":[{"href":"https:\/\/www.autonvaraosahaku.fi\/index.php?rest_route=\/wp\/v2\/types\/product"}],"wp:attachment":[{"href":"https:\/\/www.autonvaraosahaku.fi\/index.php?rest_route=%2Fwp%2Fv2%2Fmedia&parent=68290"}],"wp:term":[{"taxonomy":"pwb-brand","embeddable":true,"href":"https:\/\/www.autonvaraosahaku.fi\/index.php?rest_route=%2Fwp%2Fv2%2Fpwb-brand&post=68290"},{"taxonomy":"product_cat","embeddable":true,"href":"https:\/\/www.autonvaraosahaku.fi\/index.php?rest_route=%2Fwp%2Fv2%2Fproduct_cat&post=68290"},{"taxonomy":"product_tag","embeddable":true,"href":"https:\/\/www.autonvaraosahaku.fi\/index.php?rest_route=%2Fwp%2Fv2%2Fproduct_tag&post=68290"}],"curies":[{"name":"wp","href":"https:\/\/api.w.org\/{rel}","templated":true}]}}