{"id":68298,"date":"2021-02-21T18:58:46","date_gmt":"2021-02-21T18:58:46","guid":{"rendered":"https:\/\/www.autonvaraosahaku.fi\/?product=optimal-100002l-pyoranlaakerit"},"modified":"2021-02-21T18:58:47","modified_gmt":"2021-02-21T18:58:47","slug":"optimal-100002l-pyoranlaakerit","status":"publish","type":"product","link":"https:\/\/www.autonvaraosahaku.fi\/?product=optimal-100002l-pyoranlaakerit","title":{"rendered":"OPTIMAL 100002L Py\u00f6r\u00e4nlaakerit"},"content":{"rendered":"<p>Asennuspuoli: Vasen, Oikea, Hinterachse; Leveys (mm): 14,6, 14,7; Sis\u00e4l\u00e4pimitta [mm]: 29, 17,5; Ulkol\u00e4pimitta [mm]: 50,3, 39,9; Lis\u00e4tarvike\/lis\u00e4tieto: Tarvikkeilla; Leveys 2 (mm): 13,8, 14,2; VW: GOLF III 1H1,POLO 6N1,GOLF II 19E, 1G1,PASSAT Variant 3A5, 35I,GOLF I Cabriolet 155,GOLF III Cabriolet 1E7,GOLF Mk III Cabriolet 1E7,GOLF III Variant 1H5,POLO 86C, 80,KAEFER,POLO Coupe 86C, 80,PASSAT 3A2, 35I,CORRADO 53I,POLO Variant 6KV5,POLO CLASSIC 6KV2,SCIROCCO 53B,VENTO 1H2,GOLF I 17,JETTA II 19E, 1G2, 165,PASSAT Variant 32B,POLO CLASSIC 86C, 80,PASSAT 32B,POLO 86,CADDY II Pick-up 9U7,SCIROCCO 53,JETTA I 16,DERBY 86C, 80,PASSAT 32,DERBY 86,PASSAT Stufenheck 32B,PASSAT Variant 33,SANTANA 32B,SANTANA; AUDI: 80 8C, B4,80 89, 89Q, 8A, B3,80 Avant 8C, B4,80 81, 85, B2,90 89, 89Q, 8A, B3,COUPE 81, 85,80 80, 82, B1,90 81, 85, B2,100 C1,100 Coupe C1,100 43, C2,50 86,SUPER 90; SKODA: FELICIA I 6U1,FELICIA II 6U1,FELICIA I Fun 797,FELICIA I Kombi 6U5,FELICIA II Kombi 6U5,FAVORIT 781,FAVORIT Forman 785,FAVORIT Pick-up 787; SEAT: AROSA 6H,IBIZA II 6K1,CORDOBA 6K1, 6K2,CORDOBA Vario 6K1,TOLEDO I 1L; PORSCHE: 924; 191598625, 191598625, 191598625, 6U0598625, 191598625, 6U0598625; Py\u00f6r\u00e4nlaakerisarja<\/p>\n","protected":false},"excerpt":{"rendered":"<p>OPTIMAL Py\u00f6r\u00e4nlaakerit 100002L Py\u00f6r\u00e4nlaakerisarja VW,AUDI,SKODA,GOLF III 1H1,POLO 6N1,GOLF II 19E, 1G1,PASSAT Variant 3A5, 35I,GOLF I Cabriolet 155<\/p>\n","protected":false},"featured_media":0,"template":"","meta":{"site-sidebar-layout":"default","site-content-layout":"default","ast-global-header-display":"","ast-main-header-display":"","ast-hfb-above-header-display":"","ast-hfb-below-header-display":"","ast-hfb-mobile-header-display":"","site-post-title":"","ast-breadcrumbs-content":"","ast-featured-img":"","footer-sml-layout":"","theme-transparent-header-meta":"","adv-header-id-meta":"","stick-header-meta":"","header-above-stick-meta":"","header-main-stick-meta":"","header-below-stick-meta":""},"pwb-brand":[307],"product_cat":[83],"product_tag":[],"class_list":{"0":"post-68298","1":"product","2":"type-product","3":"status-publish","5":"pwb-brand-optimal","6":"product_cat-pyoranlaakerit","7":"desktop-align-left","8":"tablet-align-left","9":"mobile-align-left","11":"first","12":"instock","13":"product-type-external"},"brands":[{"id":307,"name":"OPTIMAL","slug":"optimal"}],"_links":{"self":[{"href":"https:\/\/www.autonvaraosahaku.fi\/index.php?rest_route=\/wp\/v2\/product\/68298","targetHints":{"allow":["GET"]}}],"collection":[{"href":"https:\/\/www.autonvaraosahaku.fi\/index.php?rest_route=\/wp\/v2\/product"}],"about":[{"href":"https:\/\/www.autonvaraosahaku.fi\/index.php?rest_route=\/wp\/v2\/types\/product"}],"wp:attachment":[{"href":"https:\/\/www.autonvaraosahaku.fi\/index.php?rest_route=%2Fwp%2Fv2%2Fmedia&parent=68298"}],"wp:term":[{"taxonomy":"pwb-brand","embeddable":true,"href":"https:\/\/www.autonvaraosahaku.fi\/index.php?rest_route=%2Fwp%2Fv2%2Fpwb-brand&post=68298"},{"taxonomy":"product_cat","embeddable":true,"href":"https:\/\/www.autonvaraosahaku.fi\/index.php?rest_route=%2Fwp%2Fv2%2Fproduct_cat&post=68298"},{"taxonomy":"product_tag","embeddable":true,"href":"https:\/\/www.autonvaraosahaku.fi\/index.php?rest_route=%2Fwp%2Fv2%2Fproduct_tag&post=68298"}],"curies":[{"name":"wp","href":"https:\/\/api.w.org\/{rel}","templated":true}]}}