{"id":68318,"date":"2021-02-21T18:58:51","date_gmt":"2021-02-21T18:58:51","guid":{"rendered":"https:\/\/www.autonvaraosahaku.fi\/?product=trw-jgc114t-iskunvaimennin"},"modified":"2021-02-21T18:58:52","modified_gmt":"2021-02-21T18:58:52","slug":"trw-jgc114t-iskunvaimennin","status":"publish","type":"product","link":"https:\/\/www.autonvaraosahaku.fi\/?product=trw-jgc114t-iskunvaimennin","title":{"rendered":"TRW JGC114T Iskunvaimennin"},"content":{"rendered":"<p>Lukum\u00e4\u00e4r\u00e4 akselille: 1; Iskunvaimennin tyyppi: Kaasupaine; Iskunvaimennin malli: Joustintukisarja; Asennuspuoli: Etuakseli; Iskunvaimennusj\u00e4rjestelm\u00e4: Kaksiputki; Huomioi tekniset tiedot: ; Tuotelinja: TWIN; Valmistusvuosi alkaen: 08\/1990; BMW: 5 E34,5 Touring E34; 1091556, 1091627, 1092284, 1135416, 1135674, 1135675, 1138667, 1139407, 1139408, 1139409, 1139410, 1139411, 31321091556, 31321091627, 31321092284, 31321135416, 31321135674, 31321135675, 31321138667, 31321139407, 31321139408, 31321139409, 31321139410, 31321139411; Iskarit,Iskunvaimennin<\/p>\n","protected":false},"excerpt":{"rendered":"<p>TRW Iskunvaimentimet JGC114T Iskarit,Iskunvaimennin BMW,5 E34,5 Touring E34<\/p>\n","protected":false},"featured_media":0,"template":"","meta":{"site-sidebar-layout":"default","site-content-layout":"default","ast-global-header-display":"","ast-main-header-display":"","ast-hfb-above-header-display":"","ast-hfb-below-header-display":"","ast-hfb-mobile-header-display":"","site-post-title":"","ast-breadcrumbs-content":"","ast-featured-img":"","footer-sml-layout":"","theme-transparent-header-meta":"","adv-header-id-meta":"","stick-header-meta":"","header-above-stick-meta":"","header-main-stick-meta":"","header-below-stick-meta":""},"pwb-brand":[332],"product_cat":[80],"product_tag":[],"class_list":{"0":"post-68318","1":"product","2":"type-product","3":"status-publish","5":"pwb-brand-trw","6":"product_cat-iskunvaimennin","7":"desktop-align-left","8":"tablet-align-left","9":"mobile-align-left","11":"first","12":"instock","13":"product-type-external"},"brands":[{"id":332,"name":"TRW","slug":"trw"}],"_links":{"self":[{"href":"https:\/\/www.autonvaraosahaku.fi\/index.php?rest_route=\/wp\/v2\/product\/68318","targetHints":{"allow":["GET"]}}],"collection":[{"href":"https:\/\/www.autonvaraosahaku.fi\/index.php?rest_route=\/wp\/v2\/product"}],"about":[{"href":"https:\/\/www.autonvaraosahaku.fi\/index.php?rest_route=\/wp\/v2\/types\/product"}],"wp:attachment":[{"href":"https:\/\/www.autonvaraosahaku.fi\/index.php?rest_route=%2Fwp%2Fv2%2Fmedia&parent=68318"}],"wp:term":[{"taxonomy":"pwb-brand","embeddable":true,"href":"https:\/\/www.autonvaraosahaku.fi\/index.php?rest_route=%2Fwp%2Fv2%2Fpwb-brand&post=68318"},{"taxonomy":"product_cat","embeddable":true,"href":"https:\/\/www.autonvaraosahaku.fi\/index.php?rest_route=%2Fwp%2Fv2%2Fproduct_cat&post=68318"},{"taxonomy":"product_tag","embeddable":true,"href":"https:\/\/www.autonvaraosahaku.fi\/index.php?rest_route=%2Fwp%2Fv2%2Fproduct_tag&post=68318"}],"curies":[{"name":"wp","href":"https:\/\/api.w.org\/{rel}","templated":true}]}}